{"id":1112,"date":"2024-12-26T13:26:33","date_gmt":"2024-12-26T11:26:33","guid":{"rendered":"http:\/\/pedilux.ee\/?page_id=1112"},"modified":"2025-06-19T21:07:07","modified_gmt":"2025-06-19T18:07:07","slug":"services","status":"publish","type":"page","link":"https:\/\/pediluxus.ee\/en\/services\/","title":{"rendered":"Services"},"content":{"rendered":"<div data-elementor-type=\"wp-page\" data-elementor-id=\"1112\" class=\"elementor elementor-1112\" data-elementor-post-type=\"page\">\n\t\t\t\t<div class=\"elementor-element elementor-element-d8ed0d5 e-flex e-con-boxed e-con e-parent\" data-id=\"d8ed0d5\" data-element_type=\"container\" data-e-type=\"container\" data-settings=\"{&quot;background_background&quot;:&quot;classic&quot;}\">\n\t\t\t\t\t<div class=\"e-con-inner\">\n\t\t<div class=\"elementor-element elementor-element-04982e2 e-con-full e-flex e-con e-child\" data-id=\"04982e2\" data-element_type=\"container\" data-e-type=\"container\">\n\t\t\t\t<div class=\"elementor-element elementor-element-ffe3a4f elementor-widget__width-initial elementor-widget elementor-widget-heading\" data-id=\"ffe3a4f\" data-element_type=\"widget\" data-e-type=\"widget\" data-widget_type=\"heading.default\">\n\t\t\t\t<div class=\"elementor-widget-container\">\n\t\t\t\t\t<h1 class=\"elementor-heading-title elementor-size-default\">Services<\/h1>\t\t\t\t<\/div>\n\t\t\t\t<\/div>\n\t\t\t\t<\/div>\n\t\t<div class=\"elementor-element elementor-element-a10b9b7 e-con-full e-flex e-con e-child\" data-id=\"a10b9b7\" data-element_type=\"container\" data-e-type=\"container\">\n\t\t<div class=\"elementor-element elementor-element-a9ec57a e-con-full e-flex e-con e-child\" data-id=\"a9ec57a\" data-element_type=\"container\" data-e-type=\"container\">\n\t\t\t\t<div class=\"elementor-element elementor-element-d70ba1b elementor-invisible elementor-widget elementor-widget-image\" data-id=\"d70ba1b\" data-element_type=\"widget\" data-e-type=\"widget\" data-settings=\"{&quot;_animation&quot;:&quot;fadeIn&quot;}\" data-widget_type=\"image.default\">\n\t\t\t\t<div class=\"elementor-widget-container\">\n\t\t\t\t\t\t\t\t\t\t\t\t\t\t\t\t<a href=\"https:\/\/pediluxus.ee\/en\/ingrown-cucumbers-and-hollow-wood\/\">\n\t\t\t\t\t\t\t<img fetchpriority=\"high\" decoding=\"async\" width=\"800\" height=\"668\" src=\"https:\/\/pediluxus.ee\/wp-content\/uploads\/2025\/02\/IMG_3142-1024x855.jpg\" class=\"attachment-large size-large wp-image-2474\" alt=\"\" srcset=\"https:\/\/pediluxus.ee\/wp-content\/uploads\/2025\/02\/IMG_3142-1024x855.jpg 1024w, https:\/\/pediluxus.ee\/wp-content\/uploads\/2025\/02\/IMG_3142-300x251.jpg 300w, https:\/\/pediluxus.ee\/wp-content\/uploads\/2025\/02\/IMG_3142-768x642.jpg 768w, https:\/\/pediluxus.ee\/wp-content\/uploads\/2025\/02\/IMG_3142-1536x1283.jpg 1536w, https:\/\/pediluxus.ee\/wp-content\/uploads\/2025\/02\/IMG_3142-2048x1711.jpg 2048w, https:\/\/pediluxus.ee\/wp-content\/uploads\/2025\/02\/IMG_3142-14x12.jpg 14w, https:\/\/pediluxus.ee\/wp-content\/uploads\/2025\/02\/IMG_3142-600x501.jpg 600w\" sizes=\"(max-width: 800px) 100vw, 800px\" \/>\t\t\t\t\t\t\t\t<\/a>\n\t\t\t\t\t\t\t\t\t\t\t\t\t\t\t<\/div>\n\t\t\t\t<\/div>\n\t\t\t\t<div class=\"elementor-element elementor-element-c68ebf7 elementor-widget elementor-widget-heading\" data-id=\"c68ebf7\" data-element_type=\"widget\" data-e-type=\"widget\" data-widget_type=\"heading.default\">\n\t\t\t\t<div class=\"elementor-widget-container\">\n\t\t\t\t\t<h3 class=\"elementor-heading-title elementor-size-default\"><a href=\"https:\/\/pediluxus.ee\/en\/ingrown-cucumbers-and-hollow-wood\/\">Care of ingrown nails and onycholysis<\/a><\/h3>\t\t\t\t<\/div>\n\t\t\t\t<\/div>\n\t\t\t\t<div class=\"elementor-element elementor-element-f2e211c ts2 elementor-widget elementor-widget-text-editor\" data-id=\"f2e211c\" data-element_type=\"widget\" data-e-type=\"widget\" data-widget_type=\"text-editor.default\">\n\t\t\t\t<div class=\"elementor-widget-container\">\n\t\t\t\t\t\t\t\t\t<p class=\"p1\">Painful and uncomfortable nail problem? I can help relieve ingrown nails and nail plate loosening gently and professionally.<\/p>\t\t\t\t\t\t\t\t<\/div>\n\t\t\t\t<\/div>\n\t\t\t\t<div class=\"elementor-element elementor-element-0052e86 elementor-align-center elementor-widget elementor-widget-button\" data-id=\"0052e86\" data-element_type=\"widget\" data-e-type=\"widget\" data-widget_type=\"button.default\">\n\t\t\t\t<div class=\"elementor-widget-container\">\n\t\t\t\t\t\t\t\t\t<div class=\"elementor-button-wrapper\">\n\t\t\t\t\t<a class=\"elementor-button elementor-button-link elementor-size-sm\" href=\"https:\/\/pediluxus.ee\/en\/ingrown-cucumbers-and-hollow-wood\/\">\n\t\t\t\t\t\t<span class=\"elementor-button-content-wrapper\">\n\t\t\t\t\t\t\t\t\t<span class=\"elementor-button-text\">Read more<\/span>\n\t\t\t\t\t<\/span>\n\t\t\t\t\t<\/a>\n\t\t\t\t<\/div>\n\t\t\t\t\t\t\t\t<\/div>\n\t\t\t\t<\/div>\n\t\t\t\t<\/div>\n\t\t<div class=\"elementor-element elementor-element-44bdbb6 e-con-full e-flex e-con e-child\" data-id=\"44bdbb6\" data-element_type=\"container\" data-e-type=\"container\">\n\t\t\t\t<div class=\"elementor-element elementor-element-ba4b39f elementor-invisible elementor-widget elementor-widget-image\" data-id=\"ba4b39f\" data-element_type=\"widget\" data-e-type=\"widget\" data-settings=\"{&quot;_animation&quot;:&quot;fadeIn&quot;}\" data-widget_type=\"image.default\">\n\t\t\t\t<div class=\"elementor-widget-container\">\n\t\t\t\t\t\t\t\t\t\t\t\t\t\t\t<img decoding=\"async\" width=\"800\" height=\"639\" src=\"https:\/\/pediluxus.ee\/wp-content\/uploads\/2025\/02\/444990310_979225584212376_3261182123196765507_n-1024x818.jpg\" class=\"attachment-large size-large wp-image-1979\" alt=\"\" srcset=\"https:\/\/pediluxus.ee\/wp-content\/uploads\/2025\/02\/444990310_979225584212376_3261182123196765507_n-1024x818.jpg 1024w, https:\/\/pediluxus.ee\/wp-content\/uploads\/2025\/02\/444990310_979225584212376_3261182123196765507_n-300x240.jpg 300w, https:\/\/pediluxus.ee\/wp-content\/uploads\/2025\/02\/444990310_979225584212376_3261182123196765507_n-768x614.jpg 768w, https:\/\/pediluxus.ee\/wp-content\/uploads\/2025\/02\/444990310_979225584212376_3261182123196765507_n-15x12.jpg 15w, https:\/\/pediluxus.ee\/wp-content\/uploads\/2025\/02\/444990310_979225584212376_3261182123196765507_n-600x479.jpg 600w, https:\/\/pediluxus.ee\/wp-content\/uploads\/2025\/02\/444990310_979225584212376_3261182123196765507_n.jpg 1179w\" sizes=\"(max-width: 800px) 100vw, 800px\" \/>\t\t\t\t\t\t\t\t\t\t\t\t\t\t\t<\/div>\n\t\t\t\t<\/div>\n\t\t\t\t<div class=\"elementor-element elementor-element-960698d elementor-widget elementor-widget-heading\" data-id=\"960698d\" data-element_type=\"widget\" data-e-type=\"widget\" data-widget_type=\"heading.default\">\n\t\t\t\t<div class=\"elementor-widget-container\">\n\t\t\t\t\t<h2 class=\"elementor-heading-title elementor-size-default\">Treatment of heel holes and thickeners<\/h2>\t\t\t\t<\/div>\n\t\t\t\t<\/div>\n\t\t\t\t<div class=\"elementor-element elementor-element-0d94024 ts2 elementor-widget elementor-widget-text-editor\" data-id=\"0d94024\" data-element_type=\"widget\" data-e-type=\"widget\" data-widget_type=\"text-editor.default\">\n\t\t\t\t<div class=\"elementor-widget-container\">\n\t\t\t\t\t\t\t\t\t<p class=\"p1\">Dry, cracked heels? Clean, moisturise and condition to get your feet soft and smooth again. Suggestions for home care!<\/p>\t\t\t\t\t\t\t\t<\/div>\n\t\t\t\t<\/div>\n\t\t\t\t<div class=\"elementor-element elementor-element-24a9517 elementor-align-center elementor-widget elementor-widget-button\" data-id=\"24a9517\" data-element_type=\"widget\" data-e-type=\"widget\" data-widget_type=\"button.default\">\n\t\t\t\t<div class=\"elementor-widget-container\">\n\t\t\t\t\t\t\t\t\t<div class=\"elementor-button-wrapper\">\n\t\t\t\t\t<a class=\"elementor-button elementor-button-link elementor-size-sm\" href=\"#\">\n\t\t\t\t\t\t<span class=\"elementor-button-content-wrapper\">\n\t\t\t\t\t\t\t\t\t<span class=\"elementor-button-text\">Read more<\/span>\n\t\t\t\t\t<\/span>\n\t\t\t\t\t<\/a>\n\t\t\t\t<\/div>\n\t\t\t\t\t\t\t\t<\/div>\n\t\t\t\t<\/div>\n\t\t\t\t<\/div>\n\t\t<div class=\"elementor-element elementor-element-0775b45 e-con-full e-flex e-con e-child\" data-id=\"0775b45\" data-element_type=\"container\" data-e-type=\"container\">\n\t\t\t\t<div class=\"elementor-element elementor-element-40f204c elementor-invisible elementor-widget elementor-widget-image\" data-id=\"40f204c\" data-element_type=\"widget\" data-e-type=\"widget\" data-settings=\"{&quot;_animation&quot;:&quot;fadeIn&quot;}\" data-widget_type=\"image.default\">\n\t\t\t\t<div class=\"elementor-widget-container\">\n\t\t\t\t\t\t\t\t\t\t\t\t\t\t\t<img decoding=\"async\" width=\"2005\" height=\"1944\" src=\"https:\/\/pediluxus.ee\/wp-content\/uploads\/2025\/02\/IMG_7710.jpg\" class=\"attachment-2048x2048 size-2048x2048 wp-image-2475\" alt=\"\" srcset=\"https:\/\/pediluxus.ee\/wp-content\/uploads\/2025\/02\/IMG_7710.jpg 2005w, https:\/\/pediluxus.ee\/wp-content\/uploads\/2025\/02\/IMG_7710-300x291.jpg 300w, https:\/\/pediluxus.ee\/wp-content\/uploads\/2025\/02\/IMG_7710-768x745.jpg 768w, https:\/\/pediluxus.ee\/wp-content\/uploads\/2025\/02\/IMG_7710-1024x993.jpg 1024w, https:\/\/pediluxus.ee\/wp-content\/uploads\/2025\/02\/IMG_7710-1536x1489.jpg 1536w, https:\/\/pediluxus.ee\/wp-content\/uploads\/2025\/02\/IMG_7710-12x12.jpg 12w, https:\/\/pediluxus.ee\/wp-content\/uploads\/2025\/02\/IMG_7710-600x582.jpg 600w\" sizes=\"(max-width: 2005px) 100vw, 2005px\" \/>\t\t\t\t\t\t\t\t\t\t\t\t\t\t\t<\/div>\n\t\t\t\t<\/div>\n\t\t\t\t<div class=\"elementor-element elementor-element-76ba826 elementor-widget elementor-widget-heading\" data-id=\"76ba826\" data-element_type=\"widget\" data-e-type=\"widget\" data-widget_type=\"heading.default\">\n\t\t\t\t<div class=\"elementor-widget-container\">\n\t\t\t\t\t<h2 class=\"elementor-heading-title elementor-size-default\">Aesthetic gel pedicure<\/h2>\t\t\t\t<\/div>\n\t\t\t\t<\/div>\n\t\t\t\t<div class=\"elementor-element elementor-element-f656cb8 ts2 elementor-widget elementor-widget-text-editor\" data-id=\"f656cb8\" data-element_type=\"widget\" data-e-type=\"widget\" data-widget_type=\"text-editor.default\">\n\t\t\t\t<div class=\"elementor-widget-container\">\n\t\t\t\t\t\t\t\t\t<p class=\"p1\">Gently groomed and beautiful toenails and soft soles? A pedicure with gel polish will give you beautiful and long-lasting results.<\/p>\t\t\t\t\t\t\t\t<\/div>\n\t\t\t\t<\/div>\n\t\t\t\t<div class=\"elementor-element elementor-element-4da53d9 elementor-align-center elementor-widget elementor-widget-button\" data-id=\"4da53d9\" data-element_type=\"widget\" data-e-type=\"widget\" data-widget_type=\"button.default\">\n\t\t\t\t<div class=\"elementor-widget-container\">\n\t\t\t\t\t\t\t\t\t<div class=\"elementor-button-wrapper\">\n\t\t\t\t\t<a class=\"elementor-button elementor-button-link elementor-size-sm\" href=\"#\">\n\t\t\t\t\t\t<span class=\"elementor-button-content-wrapper\">\n\t\t\t\t\t\t\t\t\t<span class=\"elementor-button-text\">Read more<\/span>\n\t\t\t\t\t<\/span>\n\t\t\t\t\t<\/a>\n\t\t\t\t<\/div>\n\t\t\t\t\t\t\t\t<\/div>\n\t\t\t\t<\/div>\n\t\t\t\t<\/div>\n\t\t<div class=\"elementor-element elementor-element-8f42926 e-con-full e-flex e-con e-child\" data-id=\"8f42926\" data-element_type=\"container\" data-e-type=\"container\">\n\t\t\t\t<div class=\"elementor-element elementor-element-187539b elementor-invisible elementor-widget elementor-widget-image\" data-id=\"187539b\" data-element_type=\"widget\" data-e-type=\"widget\" data-settings=\"{&quot;_animation&quot;:&quot;fadeIn&quot;}\" data-widget_type=\"image.default\">\n\t\t\t\t<div class=\"elementor-widget-container\">\n\t\t\t\t\t\t\t\t\t\t\t\t\t\t\t<img loading=\"lazy\" decoding=\"async\" width=\"800\" height=\"628\" src=\"https:\/\/pediluxus.ee\/wp-content\/uploads\/2025\/02\/young-woman-sitting-armchair-working-laptop-scaled-e1739724337977-1024x804.jpg\" class=\"attachment-large size-large wp-image-1984\" alt=\"\" srcset=\"https:\/\/pediluxus.ee\/wp-content\/uploads\/2025\/02\/young-woman-sitting-armchair-working-laptop-scaled-e1739724337977-1024x804.jpg 1024w, https:\/\/pediluxus.ee\/wp-content\/uploads\/2025\/02\/young-woman-sitting-armchair-working-laptop-scaled-e1739724337977-300x236.jpg 300w, https:\/\/pediluxus.ee\/wp-content\/uploads\/2025\/02\/young-woman-sitting-armchair-working-laptop-scaled-e1739724337977-768x603.jpg 768w, https:\/\/pediluxus.ee\/wp-content\/uploads\/2025\/02\/young-woman-sitting-armchair-working-laptop-scaled-e1739724337977-15x12.jpg 15w, https:\/\/pediluxus.ee\/wp-content\/uploads\/2025\/02\/young-woman-sitting-armchair-working-laptop-scaled-e1739724337977-600x471.jpg 600w, https:\/\/pediluxus.ee\/wp-content\/uploads\/2025\/02\/young-woman-sitting-armchair-working-laptop-scaled-e1739724337977.jpg 1242w\" sizes=\"(max-width: 800px) 100vw, 800px\" \/>\t\t\t\t\t\t\t\t\t\t\t\t\t\t\t<\/div>\n\t\t\t\t<\/div>\n\t\t\t\t<div class=\"elementor-element elementor-element-5e27999 elementor-widget elementor-widget-heading\" data-id=\"5e27999\" data-element_type=\"widget\" data-e-type=\"widget\" data-widget_type=\"heading.default\">\n\t\t\t\t<div class=\"elementor-widget-container\">\n\t\t\t\t\t<h2 class=\"elementor-heading-title elementor-size-default\">Paid online advice<\/h2>\t\t\t\t<\/div>\n\t\t\t\t<\/div>\n\t\t\t\t<div class=\"elementor-element elementor-element-088cf89 ts2 elementor-widget elementor-widget-text-editor\" data-id=\"088cf89\" data-element_type=\"widget\" data-e-type=\"widget\" data-widget_type=\"text-editor.default\">\n\t\t\t\t<div class=\"elementor-widget-container\">\n\t\t\t\t\t\t\t\t\t<p class=\"p1\">A foot care issue? Send me a photo and a description and you will receive a personalised recommendation by e-mail. <span style=\"text-decoration: underline;\"><strong><a href=\"http:\/\/pediluxus.ee\/en\/online-coaching\/\">Read more..<\/a><\/strong><\/span><\/p>\t\t\t\t\t\t\t\t<\/div>\n\t\t\t\t<\/div>\n\t\t\t\t<div class=\"elementor-element elementor-element-dbc2811 elementor-align-center elementor-widget elementor-widget-button\" data-id=\"dbc2811\" data-element_type=\"widget\" data-e-type=\"widget\" data-widget_type=\"button.default\">\n\t\t\t\t<div class=\"elementor-widget-container\">\n\t\t\t\t\t\t\t\t\t<div class=\"elementor-button-wrapper\">\n\t\t\t\t\t<a class=\"elementor-button elementor-button-link elementor-size-sm\" href=\"#\">\n\t\t\t\t\t\t<span class=\"elementor-button-content-wrapper\">\n\t\t\t\t\t\t\t\t\t<span class=\"elementor-button-text\">Read more<\/span>\n\t\t\t\t\t<\/span>\n\t\t\t\t\t<\/a>\n\t\t\t\t<\/div>\n\t\t\t\t\t\t\t\t<\/div>\n\t\t\t\t<\/div>\n\t\t\t\t<\/div>\n\t\t\t\t<\/div>\n\t\t\t\t\t<\/div>\n\t\t\t\t<\/div>\n\t\t\t\t<\/div>","protected":false},"excerpt":{"rendered":"<p>Teenused Sissekasvanud k\u00fc\u00fcnte ja on\u00fchhol\u00fc\u00fcsi hooldus Valulik ja ebamugav k\u00fc\u00fcneprobleem? Aitan leevendada sissekasvanud k\u00fc\u00fcsi ja k\u00fc\u00fcneplaadi irdumist hellalt ja professionaalselt. Loe l\u00e4hemalt Kannal\u00f5hede ja paksendite hooldus Kuivad, l\u00f5henenud kannad? Puhastan, niisutan ja hooldan, et jalad taas pehmed ja siledad oleksid. Soovitused koduseks hoolduseks! Loe l\u00e4hemalt Esteetiline pedik\u00fc\u00fcr geellakkimisega \u00d5rnalt hooldatud ja kaunid varbak\u00fc\u00fcned ja pehmed [&hellip;]<\/p>\n","protected":false},"author":1,"featured_media":0,"parent":0,"menu_order":0,"comment_status":"closed","ping_status":"closed","template":"","meta":{"footnotes":""},"class_list":["post-1112","page","type-page","status-publish","hentry"],"yoast_head":"<!-- This site is optimized with the Yoast SEO plugin v27.1.1 - https:\/\/yoast.com\/product\/yoast-seo-wordpress\/ -->\n<title>Teenused - Pediluxus Stuudio \u2013 Professionaalne jalahooldus, esteetiline pedik\u00fc\u00fcr ja tervete jalgade ekspert<\/title>\n<meta name=\"robots\" content=\"index, follow, max-snippet:-1, max-image-preview:large, max-video-preview:-1\" \/>\n<link rel=\"canonical\" href=\"https:\/\/pediluxus.ee\/en\/services\/\" \/>\n<meta property=\"og:locale\" content=\"en_GB\" \/>\n<meta property=\"og:type\" content=\"article\" \/>\n<meta property=\"og:title\" content=\"Teenused - Pediluxus Stuudio \u2013 Professionaalne jalahooldus, esteetiline pedik\u00fc\u00fcr ja tervete jalgade ekspert\" \/>\n<meta property=\"og:description\" content=\"Teenused Sissekasvanud k\u00fc\u00fcnte ja on\u00fchhol\u00fc\u00fcsi hooldus Valulik ja ebamugav k\u00fc\u00fcneprobleem? Aitan leevendada sissekasvanud k\u00fc\u00fcsi ja k\u00fc\u00fcneplaadi irdumist hellalt ja professionaalselt. Loe l\u00e4hemalt Kannal\u00f5hede ja paksendite hooldus Kuivad, l\u00f5henenud kannad? Puhastan, niisutan ja hooldan, et jalad taas pehmed ja siledad oleksid. Soovitused koduseks hoolduseks! Loe l\u00e4hemalt Esteetiline pedik\u00fc\u00fcr geellakkimisega \u00d5rnalt hooldatud ja kaunid varbak\u00fc\u00fcned ja pehmed [&hellip;]\" \/>\n<meta property=\"og:url\" content=\"https:\/\/pediluxus.ee\/en\/services\/\" \/>\n<meta property=\"og:site_name\" content=\"Pediluxus Stuudio \u2013 Professionaalne jalahooldus, esteetiline pedik\u00fc\u00fcr ja tervete jalgade ekspert\" \/>\n<meta property=\"article:modified_time\" content=\"2025-06-19T18:07:07+00:00\" \/>\n<meta property=\"og:image\" content=\"https:\/\/pediluxus.ee\/wp-content\/uploads\/2025\/02\/IMG_3142-1024x855.jpg\" \/>\n<meta name=\"twitter:card\" content=\"summary_large_image\" \/>\n<meta name=\"twitter:label1\" content=\"Estimated reading time\" \/>\n\t<meta name=\"twitter:data1\" content=\"2 minutes\" \/>\n<script type=\"application\/ld+json\" class=\"yoast-schema-graph\">{\"@context\":\"https:\/\/schema.org\",\"@graph\":[{\"@type\":\"WebPage\",\"@id\":\"https:\/\/pediluxus.ee\/teenused\/\",\"url\":\"https:\/\/pediluxus.ee\/teenused\/\",\"name\":\"Teenused - Pediluxus Stuudio \u2013 Professionaalne jalahooldus, esteetiline pedik\u00fc\u00fcr ja tervete jalgade ekspert\",\"isPartOf\":{\"@id\":\"https:\/\/pediluxus.ee\/#website\"},\"primaryImageOfPage\":{\"@id\":\"https:\/\/pediluxus.ee\/teenused\/#primaryimage\"},\"image\":{\"@id\":\"https:\/\/pediluxus.ee\/teenused\/#primaryimage\"},\"thumbnailUrl\":\"https:\/\/pediluxus.ee\/wp-content\/uploads\/2025\/02\/IMG_3142-1024x855.jpg\",\"datePublished\":\"2024-12-26T11:26:33+00:00\",\"dateModified\":\"2025-06-19T18:07:07+00:00\",\"breadcrumb\":{\"@id\":\"https:\/\/pediluxus.ee\/teenused\/#breadcrumb\"},\"inLanguage\":\"en-GB\",\"potentialAction\":[{\"@type\":\"ReadAction\",\"target\":[\"https:\/\/pediluxus.ee\/teenused\/\"]}]},{\"@type\":\"ImageObject\",\"inLanguage\":\"en-GB\",\"@id\":\"https:\/\/pediluxus.ee\/teenused\/#primaryimage\",\"url\":\"https:\/\/pediluxus.ee\/wp-content\/uploads\/2025\/02\/IMG_3142-1024x855.jpg\",\"contentUrl\":\"https:\/\/pediluxus.ee\/wp-content\/uploads\/2025\/02\/IMG_3142-1024x855.jpg\"},{\"@type\":\"BreadcrumbList\",\"@id\":\"https:\/\/pediluxus.ee\/teenused\/#breadcrumb\",\"itemListElement\":[{\"@type\":\"ListItem\",\"position\":1,\"name\":\"Home\",\"item\":\"https:\/\/pediluxus.ee\/\"},{\"@type\":\"ListItem\",\"position\":2,\"name\":\"Teenused\"}]},{\"@type\":\"WebSite\",\"@id\":\"https:\/\/pediluxus.ee\/#website\",\"url\":\"https:\/\/pediluxus.ee\/\",\"name\":\"Pediluxus Stuudio \u2013 Professionaalne jalahooldus, esteetiline pedik\u00fc\u00fcr ja tervete jalgade ekspert\",\"description\":\"Professionaalne probleemse jalahooldus ja esteetiline pedik\u00fc\u00fcr. Pakkume lahendusi jalamuredele ning luksuslikku hoolitsust, mis tagab tervemad ja hoolitsetud jalad. Stuudio, kus teie jalgade eest hoolitsevad kogenud spetsialistid. Broneeri aeg juba t\u00e4na!\",\"potentialAction\":[{\"@type\":\"SearchAction\",\"target\":{\"@type\":\"EntryPoint\",\"urlTemplate\":\"https:\/\/pediluxus.ee\/?s={search_term_string}\"},\"query-input\":{\"@type\":\"PropertyValueSpecification\",\"valueRequired\":true,\"valueName\":\"search_term_string\"}}],\"inLanguage\":\"en-GB\"}]}<\/script>\n<!-- \/ Yoast SEO plugin. -->","yoast_head_json":{"title":"Services - Pediluxus Stuudio - Professional pedicure, aesthetic pedicure and healthy feet expert","robots":{"index":"index","follow":"follow","max-snippet":"max-snippet:-1","max-image-preview":"max-image-preview:large","max-video-preview":"max-video-preview:-1"},"canonical":"https:\/\/pediluxus.ee\/en\/services\/","og_locale":"en_GB","og_type":"article","og_title":"Teenused - Pediluxus Stuudio \u2013 Professionaalne jalahooldus, esteetiline pedik\u00fc\u00fcr ja tervete jalgade ekspert","og_description":"Teenused Sissekasvanud k\u00fc\u00fcnte ja on\u00fchhol\u00fc\u00fcsi hooldus Valulik ja ebamugav k\u00fc\u00fcneprobleem? Aitan leevendada sissekasvanud k\u00fc\u00fcsi ja k\u00fc\u00fcneplaadi irdumist hellalt ja professionaalselt. Loe l\u00e4hemalt Kannal\u00f5hede ja paksendite hooldus Kuivad, l\u00f5henenud kannad? Puhastan, niisutan ja hooldan, et jalad taas pehmed ja siledad oleksid. Soovitused koduseks hoolduseks! Loe l\u00e4hemalt Esteetiline pedik\u00fc\u00fcr geellakkimisega \u00d5rnalt hooldatud ja kaunid varbak\u00fc\u00fcned ja pehmed [&hellip;]","og_url":"https:\/\/pediluxus.ee\/en\/services\/","og_site_name":"Pediluxus Stuudio \u2013 Professionaalne jalahooldus, esteetiline pedik\u00fc\u00fcr ja tervete jalgade ekspert","article_modified_time":"2025-06-19T18:07:07+00:00","og_image":[{"url":"https:\/\/pediluxus.ee\/wp-content\/uploads\/2025\/02\/IMG_3142-1024x855.jpg","type":"","width":"","height":""}],"twitter_card":"summary_large_image","twitter_misc":{"Estimated reading time":"2 minutes"},"schema":{"@context":"https:\/\/schema.org","@graph":[{"@type":"WebPage","@id":"https:\/\/pediluxus.ee\/teenused\/","url":"https:\/\/pediluxus.ee\/teenused\/","name":"Services - Pediluxus Stuudio - Professional pedicure, aesthetic pedicure and healthy feet expert","isPartOf":{"@id":"https:\/\/pediluxus.ee\/#website"},"primaryImageOfPage":{"@id":"https:\/\/pediluxus.ee\/teenused\/#primaryimage"},"image":{"@id":"https:\/\/pediluxus.ee\/teenused\/#primaryimage"},"thumbnailUrl":"https:\/\/pediluxus.ee\/wp-content\/uploads\/2025\/02\/IMG_3142-1024x855.jpg","datePublished":"2024-12-26T11:26:33+00:00","dateModified":"2025-06-19T18:07:07+00:00","breadcrumb":{"@id":"https:\/\/pediluxus.ee\/teenused\/#breadcrumb"},"inLanguage":"en-GB","potentialAction":[{"@type":"ReadAction","target":["https:\/\/pediluxus.ee\/teenused\/"]}]},{"@type":"ImageObject","inLanguage":"en-GB","@id":"https:\/\/pediluxus.ee\/teenused\/#primaryimage","url":"https:\/\/pediluxus.ee\/wp-content\/uploads\/2025\/02\/IMG_3142-1024x855.jpg","contentUrl":"https:\/\/pediluxus.ee\/wp-content\/uploads\/2025\/02\/IMG_3142-1024x855.jpg"},{"@type":"BreadcrumbList","@id":"https:\/\/pediluxus.ee\/teenused\/#breadcrumb","itemListElement":[{"@type":"ListItem","position":1,"name":"Home","item":"https:\/\/pediluxus.ee\/"},{"@type":"ListItem","position":2,"name":"Teenused"}]},{"@type":"WebSite","@id":"https:\/\/pediluxus.ee\/#website","url":"https:\/\/pediluxus.ee\/","name":"Pediluxus Studio - Professional foot care, aesthetic pedicure and healthy feet expert","description":"Professional problem foot care and aesthetic pedicure. We offer solutions to foot problems and luxurious care for healthier, well-groomed feet. A studio where your feet are cared for by experienced professionals. Book an appointment today!","potentialAction":[{"@type":"SearchAction","target":{"@type":"EntryPoint","urlTemplate":"https:\/\/pediluxus.ee\/?s={search_term_string}"},"query-input":{"@type":"PropertyValueSpecification","valueRequired":true,"valueName":"search_term_string"}}],"inLanguage":"en-GB"}]}},"jetpack_sharing_enabled":true,"_links":{"self":[{"href":"https:\/\/pediluxus.ee\/en\/wp-json\/wp\/v2\/pages\/1112","targetHints":{"allow":["GET"]}}],"collection":[{"href":"https:\/\/pediluxus.ee\/en\/wp-json\/wp\/v2\/pages"}],"about":[{"href":"https:\/\/pediluxus.ee\/en\/wp-json\/wp\/v2\/types\/page"}],"author":[{"embeddable":true,"href":"https:\/\/pediluxus.ee\/en\/wp-json\/wp\/v2\/users\/1"}],"replies":[{"embeddable":true,"href":"https:\/\/pediluxus.ee\/en\/wp-json\/wp\/v2\/comments?post=1112"}],"version-history":[{"count":6,"href":"https:\/\/pediluxus.ee\/en\/wp-json\/wp\/v2\/pages\/1112\/revisions"}],"predecessor-version":[{"id":5540,"href":"https:\/\/pediluxus.ee\/en\/wp-json\/wp\/v2\/pages\/1112\/revisions\/5540"}],"wp:attachment":[{"href":"https:\/\/pediluxus.ee\/en\/wp-json\/wp\/v2\/media?parent=1112"}],"curies":[{"name":"wp","href":"https:\/\/api.w.org\/{rel}","templated":true}]}}