{"id":1116,"date":"2024-12-26T13:28:41","date_gmt":"2024-12-26T11:28:41","guid":{"rendered":"http:\/\/pedilux.ee\/?page_id=1116"},"modified":"2025-06-19T21:07:22","modified_gmt":"2025-06-19T18:07:22","slug":"about-me","status":"publish","type":"page","link":"https:\/\/pediluxus.ee\/en\/about-me\/","title":{"rendered":"About me"},"content":{"rendered":"<div data-elementor-type=\"wp-page\" data-elementor-id=\"1116\" class=\"elementor elementor-1116\" data-elementor-post-type=\"page\">\n\t\t\t\t<div class=\"elementor-element elementor-element-65fbb29 e-flex e-con-boxed e-con e-parent\" data-id=\"65fbb29\" data-element_type=\"container\" data-e-type=\"container\" data-settings=\"{&quot;background_background&quot;:&quot;classic&quot;}\">\n\t\t\t\t\t<div class=\"e-con-inner\">\n\t\t\t\t<div class=\"elementor-element elementor-element-3d086a0 elementor-widget elementor-widget-heading\" data-id=\"3d086a0\" data-element_type=\"widget\" data-e-type=\"widget\" data-widget_type=\"heading.default\">\n\t\t\t\t<div class=\"elementor-widget-container\">\n\t\t\t\t\t<h1 class=\"elementor-heading-title elementor-size-default\">My story<\/h1>\t\t\t\t<\/div>\n\t\t\t\t<\/div>\n\t\t\t\t\t<\/div>\n\t\t\t\t<\/div>\n\t\t<div class=\"elementor-element elementor-element-01b678d e-flex e-con-boxed e-con e-parent\" data-id=\"01b678d\" data-element_type=\"container\" data-e-type=\"container\" data-settings=\"{&quot;background_background&quot;:&quot;gradient&quot;}\">\n\t\t\t\t\t<div class=\"e-con-inner\">\n\t\t<div class=\"elementor-element elementor-element-f94e6ce e-con-full e-flex e-con e-child\" data-id=\"f94e6ce\" data-element_type=\"container\" data-e-type=\"container\">\n\t\t\t\t<div class=\"elementor-element elementor-element-77703fc elementor-widget elementor-widget-image\" data-id=\"77703fc\" data-element_type=\"widget\" data-e-type=\"widget\" data-widget_type=\"image.default\">\n\t\t\t\t<div class=\"elementor-widget-container\">\n\t\t\t\t\t\t\t\t\t\t\t\t\t\t\t<img fetchpriority=\"high\" decoding=\"async\" width=\"1574\" height=\"2048\" src=\"https:\/\/pediluxus.ee\/wp-content\/uploads\/2025\/03\/IMG_1759-scaled-1574x2048.jpg\" class=\"attachment-2048x2048 size-2048x2048 wp-image-3386\" alt=\"\" srcset=\"https:\/\/pediluxus.ee\/wp-content\/uploads\/2025\/03\/IMG_1759-scaled-1574x2048.jpg 1574w, https:\/\/pediluxus.ee\/wp-content\/uploads\/2025\/03\/IMG_1759-scaled-231x300.jpg 231w, https:\/\/pediluxus.ee\/wp-content\/uploads\/2025\/03\/IMG_1759-scaled-768x999.jpg 768w, https:\/\/pediluxus.ee\/wp-content\/uploads\/2025\/03\/IMG_1759-scaled-787x1024.jpg 787w, https:\/\/pediluxus.ee\/wp-content\/uploads\/2025\/03\/IMG_1759-scaled-1181x1536.jpg 1181w, https:\/\/pediluxus.ee\/wp-content\/uploads\/2025\/03\/IMG_1759-scaled-9x12.jpg 9w, https:\/\/pediluxus.ee\/wp-content\/uploads\/2025\/03\/IMG_1759-scaled-300x390.jpg 300w, https:\/\/pediluxus.ee\/wp-content\/uploads\/2025\/03\/IMG_1759-scaled-600x780.jpg 600w, https:\/\/pediluxus.ee\/wp-content\/uploads\/2025\/03\/IMG_1759-scaled.jpg 1968w\" sizes=\"(max-width: 1574px) 100vw, 1574px\" \/>\t\t\t\t\t\t\t\t\t\t\t\t\t\t\t<\/div>\n\t\t\t\t<\/div>\n\t\t\t\t<\/div>\n\t\t<div class=\"elementor-element elementor-element-9cc0699 e-con-full e-flex e-con e-child\" data-id=\"9cc0699\" data-element_type=\"container\" data-e-type=\"container\">\n\t\t\t\t<div class=\"elementor-element elementor-element-2b94cb1 elementor-widget elementor-widget-text-editor\" data-id=\"2b94cb1\" data-element_type=\"widget\" data-e-type=\"widget\" data-widget_type=\"text-editor.default\">\n\t\t\t\t<div class=\"elementor-widget-container\">\n\t\t\t\t\t\t\t\t\t<p class=\"p1\"><b>How it all started<\/b><\/p><p class=\"p3\">My journey to footcare started from a very personal experience. Many years ago I was struggling with ingrown toenails - pain, discomfort and constant worry were a daily occurrence. It made me look deeper into why these problems arise and how to really alleviate them. I didn't want to put up with 'having to suffer'. I wanted to find solutions - for myself and for others.<\/p><p class=\"p1\"><b>A desire to help people<\/b><\/p><p class=\"p3\">Helping people has always been a priority in my life. This desire has also guided me on a journey of self-development, during which I trained as a regression therapist. Even though I no longer do therapy today, I still have this skill - the ability to listen, to notice and to understand the whole person. Today, I help people in a different way - as a podiatrist.\u00a0<\/p><p class=\"p1\"><b>A journey in the beauty sector<\/b><\/p><p class=\"p3\">My first step into beauty was a manicure. It gave me a good base and confirmed that working with hands and feet was for me. I soon felt I wanted to focus on foot health - there are more opportunities to support people and make them feel better.<\/p><p class=\"p3\">My work is not just about creating aesthetic beauty, but also about alleviating and solving problems.\u00a0<\/p><p class=\"p1\"><b>Welcome to Pedilux<\/b><\/p><p class=\"p3\">If you're looking for a place where your problem will be looked at in depth and your concerns will be given maximum attention, you're welcome.<\/p><p class=\"p3\">Here you're safe.<\/p>\t\t\t\t\t\t\t\t<\/div>\n\t\t\t\t<\/div>\n\t\t\t\t<\/div>\n\t\t\t\t\t<\/div>\n\t\t\t\t<\/div>\n\t\t\t\t<\/div>","protected":false},"excerpt":{"rendered":"<p>Minu lugu Kuidas k\u00f5ik alguse sai Minu teekond jalahoolduseni sai alguse v\u00e4ga isiklikust kogemusest. Aastaid tagasi olin h\u00e4das sissekasvanud k\u00fc\u00fcntega \u2013 valu, ebamugavus ja pidev mure olid igap\u00e4evased. See pani mind s\u00fcgavamalt uurima, miks need probleemid tekivad ja kuidas neid p\u00e4riselt leevendada. Ma ei tahtnud leppida sellega, et \u201epeab kannatama\u201c. Soovisin leida lahendusi \u2013 endale [&hellip;]<\/p>\n","protected":false},"author":1,"featured_media":0,"parent":0,"menu_order":0,"comment_status":"closed","ping_status":"closed","template":"","meta":{"footnotes":""},"class_list":["post-1116","page","type-page","status-publish","hentry"],"yoast_head":"<!-- This site is optimized with the Yoast SEO plugin v27.1.1 - https:\/\/yoast.com\/product\/yoast-seo-wordpress\/ -->\n<title>Minust - Pediluxus Stuudio \u2013 Professionaalne jalahooldus, esteetiline pedik\u00fc\u00fcr ja tervete jalgade ekspert<\/title>\n<meta name=\"robots\" content=\"index, follow, max-snippet:-1, max-image-preview:large, max-video-preview:-1\" \/>\n<link rel=\"canonical\" href=\"https:\/\/pediluxus.ee\/en\/about-me\/\" \/>\n<meta property=\"og:locale\" content=\"en_GB\" \/>\n<meta property=\"og:type\" content=\"article\" \/>\n<meta property=\"og:title\" content=\"Minust - Pediluxus Stuudio \u2013 Professionaalne jalahooldus, esteetiline pedik\u00fc\u00fcr ja tervete jalgade ekspert\" \/>\n<meta property=\"og:description\" content=\"Minu lugu Kuidas k\u00f5ik alguse sai Minu teekond jalahoolduseni sai alguse v\u00e4ga isiklikust kogemusest. Aastaid tagasi olin h\u00e4das sissekasvanud k\u00fc\u00fcntega \u2013 valu, ebamugavus ja pidev mure olid igap\u00e4evased. See pani mind s\u00fcgavamalt uurima, miks need probleemid tekivad ja kuidas neid p\u00e4riselt leevendada. Ma ei tahtnud leppida sellega, et \u201epeab kannatama\u201c. Soovisin leida lahendusi \u2013 endale [&hellip;]\" \/>\n<meta property=\"og:url\" content=\"https:\/\/pediluxus.ee\/en\/about-me\/\" \/>\n<meta property=\"og:site_name\" content=\"Pediluxus Stuudio \u2013 Professionaalne jalahooldus, esteetiline pedik\u00fc\u00fcr ja tervete jalgade ekspert\" \/>\n<meta property=\"article:modified_time\" content=\"2025-06-19T18:07:22+00:00\" \/>\n<meta property=\"og:image\" content=\"https:\/\/pediluxus.ee\/wp-content\/uploads\/2025\/03\/IMG_1759-1574x2048.jpg\" \/>\n<meta name=\"twitter:card\" content=\"summary_large_image\" \/>\n<meta name=\"twitter:label1\" content=\"Estimated reading time\" \/>\n\t<meta name=\"twitter:data1\" content=\"2 minutes\" \/>\n<script type=\"application\/ld+json\" class=\"yoast-schema-graph\">{\"@context\":\"https:\/\/schema.org\",\"@graph\":[{\"@type\":\"WebPage\",\"@id\":\"https:\/\/pediluxus.ee\/minust\/\",\"url\":\"https:\/\/pediluxus.ee\/minust\/\",\"name\":\"Minust - Pediluxus Stuudio \u2013 Professionaalne jalahooldus, esteetiline pedik\u00fc\u00fcr ja tervete jalgade ekspert\",\"isPartOf\":{\"@id\":\"https:\/\/pediluxus.ee\/#website\"},\"primaryImageOfPage\":{\"@id\":\"https:\/\/pediluxus.ee\/minust\/#primaryimage\"},\"image\":{\"@id\":\"https:\/\/pediluxus.ee\/minust\/#primaryimage\"},\"thumbnailUrl\":\"https:\/\/pediluxus.ee\/wp-content\/uploads\/2025\/03\/IMG_1759-1574x2048.jpg\",\"datePublished\":\"2024-12-26T11:28:41+00:00\",\"dateModified\":\"2025-06-19T18:07:22+00:00\",\"breadcrumb\":{\"@id\":\"https:\/\/pediluxus.ee\/minust\/#breadcrumb\"},\"inLanguage\":\"en-GB\",\"potentialAction\":[{\"@type\":\"ReadAction\",\"target\":[\"https:\/\/pediluxus.ee\/minust\/\"]}]},{\"@type\":\"ImageObject\",\"inLanguage\":\"en-GB\",\"@id\":\"https:\/\/pediluxus.ee\/minust\/#primaryimage\",\"url\":\"https:\/\/pediluxus.ee\/wp-content\/uploads\/2025\/03\/IMG_1759-1574x2048.jpg\",\"contentUrl\":\"https:\/\/pediluxus.ee\/wp-content\/uploads\/2025\/03\/IMG_1759-1574x2048.jpg\"},{\"@type\":\"BreadcrumbList\",\"@id\":\"https:\/\/pediluxus.ee\/minust\/#breadcrumb\",\"itemListElement\":[{\"@type\":\"ListItem\",\"position\":1,\"name\":\"Home\",\"item\":\"https:\/\/pediluxus.ee\/\"},{\"@type\":\"ListItem\",\"position\":2,\"name\":\"Minust\"}]},{\"@type\":\"WebSite\",\"@id\":\"https:\/\/pediluxus.ee\/#website\",\"url\":\"https:\/\/pediluxus.ee\/\",\"name\":\"Pediluxus Stuudio \u2013 Professionaalne jalahooldus, esteetiline pedik\u00fc\u00fcr ja tervete jalgade ekspert\",\"description\":\"Professionaalne probleemse jalahooldus ja esteetiline pedik\u00fc\u00fcr. Pakkume lahendusi jalamuredele ning luksuslikku hoolitsust, mis tagab tervemad ja hoolitsetud jalad. Stuudio, kus teie jalgade eest hoolitsevad kogenud spetsialistid. Broneeri aeg juba t\u00e4na!\",\"potentialAction\":[{\"@type\":\"SearchAction\",\"target\":{\"@type\":\"EntryPoint\",\"urlTemplate\":\"https:\/\/pediluxus.ee\/?s={search_term_string}\"},\"query-input\":{\"@type\":\"PropertyValueSpecification\",\"valueRequired\":true,\"valueName\":\"search_term_string\"}}],\"inLanguage\":\"en-GB\"}]}<\/script>\n<!-- \/ Yoast SEO plugin. -->","yoast_head_json":{"title":"About me - Pediluxus Studio - Professional pedicure, aesthetic pedicure and healthy feet expert","robots":{"index":"index","follow":"follow","max-snippet":"max-snippet:-1","max-image-preview":"max-image-preview:large","max-video-preview":"max-video-preview:-1"},"canonical":"https:\/\/pediluxus.ee\/en\/about-me\/","og_locale":"en_GB","og_type":"article","og_title":"Minust - Pediluxus Stuudio \u2013 Professionaalne jalahooldus, esteetiline pedik\u00fc\u00fcr ja tervete jalgade ekspert","og_description":"Minu lugu Kuidas k\u00f5ik alguse sai Minu teekond jalahoolduseni sai alguse v\u00e4ga isiklikust kogemusest. Aastaid tagasi olin h\u00e4das sissekasvanud k\u00fc\u00fcntega \u2013 valu, ebamugavus ja pidev mure olid igap\u00e4evased. See pani mind s\u00fcgavamalt uurima, miks need probleemid tekivad ja kuidas neid p\u00e4riselt leevendada. Ma ei tahtnud leppida sellega, et \u201epeab kannatama\u201c. Soovisin leida lahendusi \u2013 endale [&hellip;]","og_url":"https:\/\/pediluxus.ee\/en\/about-me\/","og_site_name":"Pediluxus Stuudio \u2013 Professionaalne jalahooldus, esteetiline pedik\u00fc\u00fcr ja tervete jalgade ekspert","article_modified_time":"2025-06-19T18:07:22+00:00","og_image":[{"url":"https:\/\/pediluxus.ee\/wp-content\/uploads\/2025\/03\/IMG_1759-1574x2048.jpg","type":"","width":"","height":""}],"twitter_card":"summary_large_image","twitter_misc":{"Estimated reading time":"2 minutes"},"schema":{"@context":"https:\/\/schema.org","@graph":[{"@type":"WebPage","@id":"https:\/\/pediluxus.ee\/minust\/","url":"https:\/\/pediluxus.ee\/minust\/","name":"About me - Pediluxus Studio - Professional pedicure, aesthetic pedicure and healthy feet expert","isPartOf":{"@id":"https:\/\/pediluxus.ee\/#website"},"primaryImageOfPage":{"@id":"https:\/\/pediluxus.ee\/minust\/#primaryimage"},"image":{"@id":"https:\/\/pediluxus.ee\/minust\/#primaryimage"},"thumbnailUrl":"https:\/\/pediluxus.ee\/wp-content\/uploads\/2025\/03\/IMG_1759-1574x2048.jpg","datePublished":"2024-12-26T11:28:41+00:00","dateModified":"2025-06-19T18:07:22+00:00","breadcrumb":{"@id":"https:\/\/pediluxus.ee\/minust\/#breadcrumb"},"inLanguage":"en-GB","potentialAction":[{"@type":"ReadAction","target":["https:\/\/pediluxus.ee\/minust\/"]}]},{"@type":"ImageObject","inLanguage":"en-GB","@id":"https:\/\/pediluxus.ee\/minust\/#primaryimage","url":"https:\/\/pediluxus.ee\/wp-content\/uploads\/2025\/03\/IMG_1759-1574x2048.jpg","contentUrl":"https:\/\/pediluxus.ee\/wp-content\/uploads\/2025\/03\/IMG_1759-1574x2048.jpg"},{"@type":"BreadcrumbList","@id":"https:\/\/pediluxus.ee\/minust\/#breadcrumb","itemListElement":[{"@type":"ListItem","position":1,"name":"Home","item":"https:\/\/pediluxus.ee\/"},{"@type":"ListItem","position":2,"name":"Minust"}]},{"@type":"WebSite","@id":"https:\/\/pediluxus.ee\/#website","url":"https:\/\/pediluxus.ee\/","name":"Pediluxus Studio - Professional foot care, aesthetic pedicure and healthy feet expert","description":"Professional problem foot care and aesthetic pedicure. We offer solutions to foot problems and luxurious care for healthier, well-groomed feet. A studio where your feet are cared for by experienced professionals. Book an appointment today!","potentialAction":[{"@type":"SearchAction","target":{"@type":"EntryPoint","urlTemplate":"https:\/\/pediluxus.ee\/?s={search_term_string}"},"query-input":{"@type":"PropertyValueSpecification","valueRequired":true,"valueName":"search_term_string"}}],"inLanguage":"en-GB"}]}},"jetpack_sharing_enabled":true,"_links":{"self":[{"href":"https:\/\/pediluxus.ee\/en\/wp-json\/wp\/v2\/pages\/1116","targetHints":{"allow":["GET"]}}],"collection":[{"href":"https:\/\/pediluxus.ee\/en\/wp-json\/wp\/v2\/pages"}],"about":[{"href":"https:\/\/pediluxus.ee\/en\/wp-json\/wp\/v2\/types\/page"}],"author":[{"embeddable":true,"href":"https:\/\/pediluxus.ee\/en\/wp-json\/wp\/v2\/users\/1"}],"replies":[{"embeddable":true,"href":"https:\/\/pediluxus.ee\/en\/wp-json\/wp\/v2\/comments?post=1116"}],"version-history":[{"count":5,"href":"https:\/\/pediluxus.ee\/en\/wp-json\/wp\/v2\/pages\/1116\/revisions"}],"predecessor-version":[{"id":4487,"href":"https:\/\/pediluxus.ee\/en\/wp-json\/wp\/v2\/pages\/1116\/revisions\/4487"}],"wp:attachment":[{"href":"https:\/\/pediluxus.ee\/en\/wp-json\/wp\/v2\/media?parent=1116"}],"curies":[{"name":"wp","href":"https:\/\/api.w.org\/{rel}","templated":true}]}}