{"id":2045,"date":"2025-02-15T13:10:43","date_gmt":"2025-02-15T11:10:43","guid":{"rendered":"http:\/\/pedilux.ee\/?page_id=2045"},"modified":"2025-06-16T20:44:03","modified_gmt":"2025-06-16T17:44:03","slug":"aesthetic-pedicure","status":"publish","type":"page","link":"https:\/\/pediluxus.ee\/en\/aesthetic-pedicure\/","title":{"rendered":"Aesthetic pedicure"},"content":{"rendered":"<div data-elementor-type=\"wp-page\" data-elementor-id=\"2045\" class=\"elementor elementor-2045\" data-elementor-post-type=\"page\">\n\t\t\t\t<div class=\"elementor-element elementor-element-f0bdd3d e-flex e-con-boxed e-con e-parent\" data-id=\"f0bdd3d\" data-element_type=\"container\" data-e-type=\"container\" data-settings=\"{&quot;background_background&quot;:&quot;gradient&quot;}\">\n\t\t\t\t\t<div class=\"e-con-inner\">\n\t\t<div class=\"elementor-element elementor-element-5088302 e-con-full e-flex e-con e-child\" data-id=\"5088302\" data-element_type=\"container\" data-e-type=\"container\">\n\t\t\t\t<div class=\"elementor-element elementor-element-d33d247 elementor-widget elementor-widget-image\" data-id=\"d33d247\" data-element_type=\"widget\" data-e-type=\"widget\" data-widget_type=\"image.default\">\n\t\t\t\t<div class=\"elementor-widget-container\">\n\t\t\t\t\t\t\t\t\t\t\t\t\t\t\t<img fetchpriority=\"high\" decoding=\"async\" width=\"800\" height=\"997\" src=\"https:\/\/pediluxus.ee\/wp-content\/uploads\/2025\/01\/468960355_18253867492276717_3171093385925404140_n-822x1024.jpg\" class=\"attachment-large size-large wp-image-1417\" alt=\"\" srcset=\"https:\/\/pediluxus.ee\/wp-content\/uploads\/2025\/01\/468960355_18253867492276717_3171093385925404140_n-822x1024.jpg 822w, https:\/\/pediluxus.ee\/wp-content\/uploads\/2025\/01\/468960355_18253867492276717_3171093385925404140_n-241x300.jpg 241w, https:\/\/pediluxus.ee\/wp-content\/uploads\/2025\/01\/468960355_18253867492276717_3171093385925404140_n-768x957.jpg 768w, https:\/\/pediluxus.ee\/wp-content\/uploads\/2025\/01\/468960355_18253867492276717_3171093385925404140_n-1233x1536.jpg 1233w, https:\/\/pediluxus.ee\/wp-content\/uploads\/2025\/01\/468960355_18253867492276717_3171093385925404140_n-10x12.jpg 10w, https:\/\/pediluxus.ee\/wp-content\/uploads\/2025\/01\/468960355_18253867492276717_3171093385925404140_n-300x374.jpg 300w, https:\/\/pediluxus.ee\/wp-content\/uploads\/2025\/01\/468960355_18253867492276717_3171093385925404140_n-600x748.jpg 600w, https:\/\/pediluxus.ee\/wp-content\/uploads\/2025\/01\/468960355_18253867492276717_3171093385925404140_n.jpg 1440w\" sizes=\"(max-width: 800px) 100vw, 800px\" \/>\t\t\t\t\t\t\t\t\t\t\t\t\t\t\t<\/div>\n\t\t\t\t<\/div>\n\t\t\t\t<\/div>\n\t\t<div class=\"elementor-element elementor-element-7a5e35e e-con-full e-flex e-con e-child\" data-id=\"7a5e35e\" data-element_type=\"container\" data-e-type=\"container\">\n\t\t\t\t<div class=\"elementor-element elementor-element-1b350bf elementor-widget elementor-widget-heading\" data-id=\"1b350bf\" data-element_type=\"widget\" data-e-type=\"widget\" data-widget_type=\"heading.default\">\n\t\t\t\t<div class=\"elementor-widget-container\">\n\t\t\t\t\t<h1 class=\"elementor-heading-title elementor-size-default\">Aesthetic pedicure - clean, well-groomed and lighter feet<\/h1>\t\t\t\t<\/div>\n\t\t\t\t<\/div>\n\t\t\t\t<div class=\"elementor-element elementor-element-63eb063 elementor-widget elementor-widget-text-editor\" data-id=\"63eb063\" data-element_type=\"widget\" data-e-type=\"widget\" data-widget_type=\"text-editor.default\">\n\t\t\t\t<div class=\"elementor-widget-container\">\n\t\t\t\t\t\t\t\t\t<p class=\"p3\">An aesthetic pedicure is perfect for you if you want to keep your feet in good condition on a daily basis, prevent problems and feel fresher and more confident. It's a treatment that combines thorough skin care with a proper nail polish, with or without design.\u00a0<\/p><p class=\"p3\">At Pedilux, this doesn't just mean stripping off the varnish and applying a cream. Here, care is personalised: I take into account the skin and nail condition, needs and wishes of each client.\u00a0<\/p><p class=\"p1\"><b>Service content<\/b><\/p><p class=\"p3\">An aesthetic pedicure includes:<\/p><p class=\"p4\">- Hygienic foot cleansing and antiseptics<\/p><p class=\"p4\">- Removal of skin patches and dryness using special tools<\/p><p class=\"p4\">- Cutting, cleaning and shortening of cuvettes<\/p><p class=\"p4\">- Gentle care of cuticles<\/p><p class=\"p4\">- Lighter massage with cream<\/p><p class=\"p4\">- Nail gel polishing on request<\/p>\t\t\t\t\t\t\t\t<\/div>\n\t\t\t\t<\/div>\n\t\t\t\t<\/div>\n\t\t\t\t\t<\/div>\n\t\t\t\t<\/div>\n\t\t\t\t<\/div>","protected":false},"excerpt":{"rendered":"<p>Esteetiline pedik\u00fc\u00fcr \u2013 puhtad, hoolitsetud ja kergemad jalad Esteetiline pedik\u00fc\u00fcr sobib Sulle, kui soovid hoida oma jalad igap\u00e4evaselt korras, ennetada probleeme ning tunda end v\u00e4rskemalt ja enesekindlamalt. See on hooldus, mis \u00fchendab p\u00f5hjaliku nahahoolitsuse ning korrektse k\u00fc\u00fcnte lakkimise, kas disainiga v\u00f5i disainita.\u00a0 Pediluxis ei t\u00e4henda see lihtsalt laki eemaldamist ja kreemitamist. Siin l\u00e4henetakse hooldusele personaalselt: [&hellip;]<\/p>\n","protected":false},"author":1,"featured_media":0,"parent":0,"menu_order":0,"comment_status":"closed","ping_status":"closed","template":"","meta":{"footnotes":""},"class_list":["post-2045","page","type-page","status-publish","hentry"],"yoast_head":"<!-- This site is optimized with the Yoast SEO plugin v27.1.1 - https:\/\/yoast.com\/product\/yoast-seo-wordpress\/ -->\n<title>Esteetiline pedik\u00fc\u00fcr - Pediluxus Stuudio \u2013 Professionaalne jalahooldus, esteetiline pedik\u00fc\u00fcr ja tervete jalgade ekspert<\/title>\n<meta name=\"robots\" content=\"index, follow, max-snippet:-1, max-image-preview:large, max-video-preview:-1\" \/>\n<link rel=\"canonical\" href=\"https:\/\/pediluxus.ee\/en\/aesthetic-pedicure\/\" \/>\n<meta property=\"og:locale\" content=\"en_GB\" \/>\n<meta property=\"og:type\" content=\"article\" \/>\n<meta property=\"og:title\" content=\"Esteetiline pedik\u00fc\u00fcr - Pediluxus Stuudio \u2013 Professionaalne jalahooldus, esteetiline pedik\u00fc\u00fcr ja tervete jalgade ekspert\" \/>\n<meta property=\"og:description\" content=\"Esteetiline pedik\u00fc\u00fcr \u2013 puhtad, hoolitsetud ja kergemad jalad Esteetiline pedik\u00fc\u00fcr sobib Sulle, kui soovid hoida oma jalad igap\u00e4evaselt korras, ennetada probleeme ning tunda end v\u00e4rskemalt ja enesekindlamalt. See on hooldus, mis \u00fchendab p\u00f5hjaliku nahahoolitsuse ning korrektse k\u00fc\u00fcnte lakkimise, kas disainiga v\u00f5i disainita.\u00a0 Pediluxis ei t\u00e4henda see lihtsalt laki eemaldamist ja kreemitamist. Siin l\u00e4henetakse hooldusele personaalselt: [&hellip;]\" \/>\n<meta property=\"og:url\" content=\"https:\/\/pediluxus.ee\/en\/aesthetic-pedicure\/\" \/>\n<meta property=\"og:site_name\" content=\"Pediluxus Stuudio \u2013 Professionaalne jalahooldus, esteetiline pedik\u00fc\u00fcr ja tervete jalgade ekspert\" \/>\n<meta property=\"article:modified_time\" content=\"2025-06-16T17:44:03+00:00\" \/>\n<meta property=\"og:image\" content=\"https:\/\/pediluxus.ee\/wp-content\/uploads\/2025\/01\/468960355_18253867492276717_3171093385925404140_n-822x1024.jpg\" \/>\n<meta name=\"twitter:card\" content=\"summary_large_image\" \/>\n<meta name=\"twitter:label1\" content=\"Estimated reading time\" \/>\n\t<meta name=\"twitter:data1\" content=\"1 minute\" \/>\n<script type=\"application\/ld+json\" class=\"yoast-schema-graph\">{\"@context\":\"https:\/\/schema.org\",\"@graph\":[{\"@type\":\"WebPage\",\"@id\":\"https:\/\/pediluxus.ee\/esteetiline-pedikuur\/\",\"url\":\"https:\/\/pediluxus.ee\/esteetiline-pedikuur\/\",\"name\":\"Esteetiline pedik\u00fc\u00fcr - Pediluxus Stuudio \u2013 Professionaalne jalahooldus, esteetiline pedik\u00fc\u00fcr ja tervete jalgade ekspert\",\"isPartOf\":{\"@id\":\"https:\/\/pediluxus.ee\/#website\"},\"primaryImageOfPage\":{\"@id\":\"https:\/\/pediluxus.ee\/esteetiline-pedikuur\/#primaryimage\"},\"image\":{\"@id\":\"https:\/\/pediluxus.ee\/esteetiline-pedikuur\/#primaryimage\"},\"thumbnailUrl\":\"https:\/\/pediluxus.ee\/wp-content\/uploads\/2025\/01\/468960355_18253867492276717_3171093385925404140_n-822x1024.jpg\",\"datePublished\":\"2025-02-15T11:10:43+00:00\",\"dateModified\":\"2025-06-16T17:44:03+00:00\",\"breadcrumb\":{\"@id\":\"https:\/\/pediluxus.ee\/esteetiline-pedikuur\/#breadcrumb\"},\"inLanguage\":\"en-GB\",\"potentialAction\":[{\"@type\":\"ReadAction\",\"target\":[\"https:\/\/pediluxus.ee\/esteetiline-pedikuur\/\"]}]},{\"@type\":\"ImageObject\",\"inLanguage\":\"en-GB\",\"@id\":\"https:\/\/pediluxus.ee\/esteetiline-pedikuur\/#primaryimage\",\"url\":\"https:\/\/pediluxus.ee\/wp-content\/uploads\/2025\/01\/468960355_18253867492276717_3171093385925404140_n-822x1024.jpg\",\"contentUrl\":\"https:\/\/pediluxus.ee\/wp-content\/uploads\/2025\/01\/468960355_18253867492276717_3171093385925404140_n-822x1024.jpg\"},{\"@type\":\"BreadcrumbList\",\"@id\":\"https:\/\/pediluxus.ee\/esteetiline-pedikuur\/#breadcrumb\",\"itemListElement\":[{\"@type\":\"ListItem\",\"position\":1,\"name\":\"Home\",\"item\":\"https:\/\/pediluxus.ee\/\"},{\"@type\":\"ListItem\",\"position\":2,\"name\":\"Esteetiline pedik\u00fc\u00fcr\"}]},{\"@type\":\"WebSite\",\"@id\":\"https:\/\/pediluxus.ee\/#website\",\"url\":\"https:\/\/pediluxus.ee\/\",\"name\":\"Pediluxus Stuudio \u2013 Professionaalne jalahooldus, esteetiline pedik\u00fc\u00fcr ja tervete jalgade ekspert\",\"description\":\"Professionaalne probleemse jalahooldus ja esteetiline pedik\u00fc\u00fcr. Pakkume lahendusi jalamuredele ning luksuslikku hoolitsust, mis tagab tervemad ja hoolitsetud jalad. Stuudio, kus teie jalgade eest hoolitsevad kogenud spetsialistid. Broneeri aeg juba t\u00e4na!\",\"potentialAction\":[{\"@type\":\"SearchAction\",\"target\":{\"@type\":\"EntryPoint\",\"urlTemplate\":\"https:\/\/pediluxus.ee\/?s={search_term_string}\"},\"query-input\":{\"@type\":\"PropertyValueSpecification\",\"valueRequired\":true,\"valueName\":\"search_term_string\"}}],\"inLanguage\":\"en-GB\"}]}<\/script>\n<!-- \/ Yoast SEO plugin. -->","yoast_head_json":{"title":"Aesthetic pedicure - Pediluxus Studio - Professional pedicure, aesthetic pedicure and healthy feet expert","robots":{"index":"index","follow":"follow","max-snippet":"max-snippet:-1","max-image-preview":"max-image-preview:large","max-video-preview":"max-video-preview:-1"},"canonical":"https:\/\/pediluxus.ee\/en\/aesthetic-pedicure\/","og_locale":"en_GB","og_type":"article","og_title":"Esteetiline pedik\u00fc\u00fcr - Pediluxus Stuudio \u2013 Professionaalne jalahooldus, esteetiline pedik\u00fc\u00fcr ja tervete jalgade ekspert","og_description":"Esteetiline pedik\u00fc\u00fcr \u2013 puhtad, hoolitsetud ja kergemad jalad Esteetiline pedik\u00fc\u00fcr sobib Sulle, kui soovid hoida oma jalad igap\u00e4evaselt korras, ennetada probleeme ning tunda end v\u00e4rskemalt ja enesekindlamalt. See on hooldus, mis \u00fchendab p\u00f5hjaliku nahahoolitsuse ning korrektse k\u00fc\u00fcnte lakkimise, kas disainiga v\u00f5i disainita.\u00a0 Pediluxis ei t\u00e4henda see lihtsalt laki eemaldamist ja kreemitamist. Siin l\u00e4henetakse hooldusele personaalselt: [&hellip;]","og_url":"https:\/\/pediluxus.ee\/en\/aesthetic-pedicure\/","og_site_name":"Pediluxus Stuudio \u2013 Professionaalne jalahooldus, esteetiline pedik\u00fc\u00fcr ja tervete jalgade ekspert","article_modified_time":"2025-06-16T17:44:03+00:00","og_image":[{"url":"https:\/\/pediluxus.ee\/wp-content\/uploads\/2025\/01\/468960355_18253867492276717_3171093385925404140_n-822x1024.jpg","type":"","width":"","height":""}],"twitter_card":"summary_large_image","twitter_misc":{"Estimated reading time":"1 minute"},"schema":{"@context":"https:\/\/schema.org","@graph":[{"@type":"WebPage","@id":"https:\/\/pediluxus.ee\/esteetiline-pedikuur\/","url":"https:\/\/pediluxus.ee\/esteetiline-pedikuur\/","name":"Aesthetic pedicure - Pediluxus Studio - Professional pedicure, aesthetic pedicure and healthy feet expert","isPartOf":{"@id":"https:\/\/pediluxus.ee\/#website"},"primaryImageOfPage":{"@id":"https:\/\/pediluxus.ee\/esteetiline-pedikuur\/#primaryimage"},"image":{"@id":"https:\/\/pediluxus.ee\/esteetiline-pedikuur\/#primaryimage"},"thumbnailUrl":"https:\/\/pediluxus.ee\/wp-content\/uploads\/2025\/01\/468960355_18253867492276717_3171093385925404140_n-822x1024.jpg","datePublished":"2025-02-15T11:10:43+00:00","dateModified":"2025-06-16T17:44:03+00:00","breadcrumb":{"@id":"https:\/\/pediluxus.ee\/esteetiline-pedikuur\/#breadcrumb"},"inLanguage":"en-GB","potentialAction":[{"@type":"ReadAction","target":["https:\/\/pediluxus.ee\/esteetiline-pedikuur\/"]}]},{"@type":"ImageObject","inLanguage":"en-GB","@id":"https:\/\/pediluxus.ee\/esteetiline-pedikuur\/#primaryimage","url":"https:\/\/pediluxus.ee\/wp-content\/uploads\/2025\/01\/468960355_18253867492276717_3171093385925404140_n-822x1024.jpg","contentUrl":"https:\/\/pediluxus.ee\/wp-content\/uploads\/2025\/01\/468960355_18253867492276717_3171093385925404140_n-822x1024.jpg"},{"@type":"BreadcrumbList","@id":"https:\/\/pediluxus.ee\/esteetiline-pedikuur\/#breadcrumb","itemListElement":[{"@type":"ListItem","position":1,"name":"Home","item":"https:\/\/pediluxus.ee\/"},{"@type":"ListItem","position":2,"name":"Esteetiline pedik\u00fc\u00fcr"}]},{"@type":"WebSite","@id":"https:\/\/pediluxus.ee\/#website","url":"https:\/\/pediluxus.ee\/","name":"Pediluxus Studio - Professional foot care, aesthetic pedicure and healthy feet expert","description":"Professional problem foot care and aesthetic pedicure. We offer solutions to foot problems and luxurious care for healthier, well-groomed feet. A studio where your feet are cared for by experienced professionals. Book an appointment today!","potentialAction":[{"@type":"SearchAction","target":{"@type":"EntryPoint","urlTemplate":"https:\/\/pediluxus.ee\/?s={search_term_string}"},"query-input":{"@type":"PropertyValueSpecification","valueRequired":true,"valueName":"search_term_string"}}],"inLanguage":"en-GB"}]}},"jetpack_sharing_enabled":true,"_links":{"self":[{"href":"https:\/\/pediluxus.ee\/en\/wp-json\/wp\/v2\/pages\/2045","targetHints":{"allow":["GET"]}}],"collection":[{"href":"https:\/\/pediluxus.ee\/en\/wp-json\/wp\/v2\/pages"}],"about":[{"href":"https:\/\/pediluxus.ee\/en\/wp-json\/wp\/v2\/types\/page"}],"author":[{"embeddable":true,"href":"https:\/\/pediluxus.ee\/en\/wp-json\/wp\/v2\/users\/1"}],"replies":[{"embeddable":true,"href":"https:\/\/pediluxus.ee\/en\/wp-json\/wp\/v2\/comments?post=2045"}],"version-history":[{"count":0,"href":"https:\/\/pediluxus.ee\/en\/wp-json\/wp\/v2\/pages\/2045\/revisions"}],"wp:attachment":[{"href":"https:\/\/pediluxus.ee\/en\/wp-json\/wp\/v2\/media?parent=2045"}],"curies":[{"name":"wp","href":"https:\/\/api.w.org\/{rel}","templated":true}]}}