{"id":2057,"date":"2025-02-15T13:22:20","date_gmt":"2025-02-15T11:22:20","guid":{"rendered":"http:\/\/pedilux.ee\/?page_id=2057"},"modified":"2025-06-16T20:44:03","modified_gmt":"2025-06-16T17:44:03","slug":"online-coaching","status":"publish","type":"page","link":"https:\/\/pediluxus.ee\/en\/online-coaching\/","title":{"rendered":"Online advice"},"content":{"rendered":"<div data-elementor-type=\"wp-page\" data-elementor-id=\"2057\" class=\"elementor elementor-2057\" data-elementor-post-type=\"page\">\n\t\t\t\t<div class=\"elementor-element elementor-element-d1c66af e-flex e-con-boxed e-con e-parent\" data-id=\"d1c66af\" data-element_type=\"container\" data-e-type=\"container\" data-settings=\"{&quot;background_background&quot;:&quot;gradient&quot;}\">\n\t\t\t\t\t<div class=\"e-con-inner\">\n\t\t<div class=\"elementor-element elementor-element-c0b30a8 e-con-full e-flex e-con e-child\" data-id=\"c0b30a8\" data-element_type=\"container\" data-e-type=\"container\">\n\t\t\t\t<div class=\"elementor-element elementor-element-f609c63 elementor-widget elementor-widget-image\" data-id=\"f609c63\" data-element_type=\"widget\" data-e-type=\"widget\" data-widget_type=\"image.default\">\n\t\t\t\t<div class=\"elementor-widget-container\">\n\t\t\t\t\t\t\t\t\t\t\t\t\t\t\t<img fetchpriority=\"high\" decoding=\"async\" width=\"800\" height=\"628\" src=\"https:\/\/pediluxus.ee\/wp-content\/uploads\/2025\/02\/young-woman-sitting-armchair-working-laptop-scaled-e1739724337977-1024x804.jpg\" class=\"attachment-large size-large wp-image-1984\" alt=\"\" srcset=\"https:\/\/pediluxus.ee\/wp-content\/uploads\/2025\/02\/young-woman-sitting-armchair-working-laptop-scaled-e1739724337977-1024x804.jpg 1024w, https:\/\/pediluxus.ee\/wp-content\/uploads\/2025\/02\/young-woman-sitting-armchair-working-laptop-scaled-e1739724337977-300x236.jpg 300w, https:\/\/pediluxus.ee\/wp-content\/uploads\/2025\/02\/young-woman-sitting-armchair-working-laptop-scaled-e1739724337977-768x603.jpg 768w, https:\/\/pediluxus.ee\/wp-content\/uploads\/2025\/02\/young-woman-sitting-armchair-working-laptop-scaled-e1739724337977-15x12.jpg 15w, https:\/\/pediluxus.ee\/wp-content\/uploads\/2025\/02\/young-woman-sitting-armchair-working-laptop-scaled-e1739724337977-600x471.jpg 600w, https:\/\/pediluxus.ee\/wp-content\/uploads\/2025\/02\/young-woman-sitting-armchair-working-laptop-scaled-e1739724337977.jpg 1242w\" sizes=\"(max-width: 800px) 100vw, 800px\" \/>\t\t\t\t\t\t\t\t\t\t\t\t\t\t\t<\/div>\n\t\t\t\t<\/div>\n\t\t\t\t<\/div>\n\t\t<div class=\"elementor-element elementor-element-78f51c2 e-con-full e-flex e-con e-child\" data-id=\"78f51c2\" data-element_type=\"container\" data-e-type=\"container\">\n\t\t\t\t<div class=\"elementor-element elementor-element-7e32244 elementor-widget elementor-widget-heading\" data-id=\"7e32244\" data-element_type=\"widget\" data-e-type=\"widget\" data-widget_type=\"heading.default\">\n\t\t\t\t<div class=\"elementor-widget-container\">\n\t\t\t\t\t<h1 class=\"elementor-heading-title elementor-size-default\">Online counselling - professional help, also remotely<\/h1>\t\t\t\t<\/div>\n\t\t\t\t<\/div>\n\t\t\t\t<div class=\"elementor-element elementor-element-ceaf743 elementor-widget elementor-widget-text-editor\" data-id=\"ceaf743\" data-element_type=\"widget\" data-e-type=\"widget\" data-widget_type=\"text-editor.default\">\n\t\t\t\t<div class=\"elementor-widget-container\">\n\t\t\t\t\t\t\t\t\t<p class=\"p1\">If you have a question, doubt or concern about your feet (e.g. ingrown toenail, thickened skin, toenail change, etc.) but you can't come to the studio at the moment - you can conveniently book a paid online consultation.<\/p><p class=\"p4\"><b>How does it work?<\/b><\/p><p class=\"p5\">1. <span class=\"s1\"><b>Send me an e-mail<\/b><\/span>: describe your concerns and, if applicable, attach clear, well-lit photos.<\/p><p class=\"p6\"><span class=\"s2\">2. <\/span><b>I'll send you an invoice<\/b><span class=\"s2\">.<\/span><\/p><p class=\"p5\">3. <span class=\"s1\"><b>After payment<\/b><\/span> you will receive a reply to your e-mail within 2 working days. In the reply, I will share my professional assessment, recommendations and, if necessary, advise you on what special care your feet need. We can agree a time that suits you.\u00a0<\/p><p class=\"p3\">Online counselling is not a substitute for face-to-face care if needed, but it gives you confidence and direction on what to do next.<\/p>\t\t\t\t\t\t\t\t<\/div>\n\t\t\t\t<\/div>\n\t\t\t\t<\/div>\n\t\t\t\t\t<\/div>\n\t\t\t\t<\/div>\n\t\t\t\t<\/div>","protected":false},"excerpt":{"rendered":"<p>Online-n\u00f5ustamine \u2013 professionaalne abi, ka distantsilt Kui Sul on jalgadega seotud k\u00fcsimus, kahtlus v\u00f5i mure (nt sissekasvanud k\u00fc\u00fcs, paksenenud nahk, varbak\u00fc\u00fcne muutus vmt), kuid Sa ei saa hetkel tulla stuudiosse kohale \u2013 saad mugavalt tellida tasulise online-n\u00f5ustamise. Kuidas see toimib? 1. Kirjuta mulle e-mailile: kirjelda oma muret ja lisa korral lisa selged, heas valguses tehtud [&hellip;]<\/p>\n","protected":false},"author":1,"featured_media":0,"parent":0,"menu_order":0,"comment_status":"closed","ping_status":"closed","template":"","meta":{"footnotes":""},"class_list":["post-2057","page","type-page","status-publish","hentry"],"yoast_head":"<!-- This site is optimized with the Yoast SEO plugin v27.1.1 - https:\/\/yoast.com\/product\/yoast-seo-wordpress\/ -->\n<title>Online n\u00f5ustamine - Pediluxus Stuudio \u2013 Professionaalne jalahooldus, esteetiline pedik\u00fc\u00fcr ja tervete jalgade ekspert<\/title>\n<meta name=\"robots\" content=\"index, follow, max-snippet:-1, max-image-preview:large, max-video-preview:-1\" \/>\n<link rel=\"canonical\" href=\"https:\/\/pediluxus.ee\/en\/online-coaching\/\" \/>\n<meta property=\"og:locale\" content=\"en_GB\" \/>\n<meta property=\"og:type\" content=\"article\" \/>\n<meta property=\"og:title\" content=\"Online n\u00f5ustamine - Pediluxus Stuudio \u2013 Professionaalne jalahooldus, esteetiline pedik\u00fc\u00fcr ja tervete jalgade ekspert\" \/>\n<meta property=\"og:description\" content=\"Online-n\u00f5ustamine \u2013 professionaalne abi, ka distantsilt Kui Sul on jalgadega seotud k\u00fcsimus, kahtlus v\u00f5i mure (nt sissekasvanud k\u00fc\u00fcs, paksenenud nahk, varbak\u00fc\u00fcne muutus vmt), kuid Sa ei saa hetkel tulla stuudiosse kohale \u2013 saad mugavalt tellida tasulise online-n\u00f5ustamise. Kuidas see toimib? 1. Kirjuta mulle e-mailile: kirjelda oma muret ja lisa korral lisa selged, heas valguses tehtud [&hellip;]\" \/>\n<meta property=\"og:url\" content=\"https:\/\/pediluxus.ee\/en\/online-coaching\/\" \/>\n<meta property=\"og:site_name\" content=\"Pediluxus Stuudio \u2013 Professionaalne jalahooldus, esteetiline pedik\u00fc\u00fcr ja tervete jalgade ekspert\" \/>\n<meta property=\"article:modified_time\" content=\"2025-06-16T17:44:03+00:00\" \/>\n<meta property=\"og:image\" content=\"https:\/\/pediluxus.ee\/wp-content\/uploads\/2025\/02\/young-woman-sitting-armchair-working-laptop-scaled-e1739724337977-1024x804.jpg\" \/>\n<meta name=\"twitter:card\" content=\"summary_large_image\" \/>\n<meta name=\"twitter:label1\" content=\"Estimated reading time\" \/>\n\t<meta name=\"twitter:data1\" content=\"1 minute\" \/>\n<script type=\"application\/ld+json\" class=\"yoast-schema-graph\">{\"@context\":\"https:\/\/schema.org\",\"@graph\":[{\"@type\":\"WebPage\",\"@id\":\"https:\/\/pediluxus.ee\/online-noustamine\/\",\"url\":\"https:\/\/pediluxus.ee\/online-noustamine\/\",\"name\":\"Online n\u00f5ustamine - Pediluxus Stuudio \u2013 Professionaalne jalahooldus, esteetiline pedik\u00fc\u00fcr ja tervete jalgade ekspert\",\"isPartOf\":{\"@id\":\"https:\/\/pediluxus.ee\/#website\"},\"primaryImageOfPage\":{\"@id\":\"https:\/\/pediluxus.ee\/online-noustamine\/#primaryimage\"},\"image\":{\"@id\":\"https:\/\/pediluxus.ee\/online-noustamine\/#primaryimage\"},\"thumbnailUrl\":\"https:\/\/pediluxus.ee\/wp-content\/uploads\/2025\/02\/young-woman-sitting-armchair-working-laptop-scaled-e1739724337977-1024x804.jpg\",\"datePublished\":\"2025-02-15T11:22:20+00:00\",\"dateModified\":\"2025-06-16T17:44:03+00:00\",\"breadcrumb\":{\"@id\":\"https:\/\/pediluxus.ee\/online-noustamine\/#breadcrumb\"},\"inLanguage\":\"en-GB\",\"potentialAction\":[{\"@type\":\"ReadAction\",\"target\":[\"https:\/\/pediluxus.ee\/online-noustamine\/\"]}]},{\"@type\":\"ImageObject\",\"inLanguage\":\"en-GB\",\"@id\":\"https:\/\/pediluxus.ee\/online-noustamine\/#primaryimage\",\"url\":\"https:\/\/pediluxus.ee\/wp-content\/uploads\/2025\/02\/young-woman-sitting-armchair-working-laptop-scaled-e1739724337977-1024x804.jpg\",\"contentUrl\":\"https:\/\/pediluxus.ee\/wp-content\/uploads\/2025\/02\/young-woman-sitting-armchair-working-laptop-scaled-e1739724337977-1024x804.jpg\"},{\"@type\":\"BreadcrumbList\",\"@id\":\"https:\/\/pediluxus.ee\/online-noustamine\/#breadcrumb\",\"itemListElement\":[{\"@type\":\"ListItem\",\"position\":1,\"name\":\"Home\",\"item\":\"https:\/\/pediluxus.ee\/\"},{\"@type\":\"ListItem\",\"position\":2,\"name\":\"Online n\u00f5ustamine\"}]},{\"@type\":\"WebSite\",\"@id\":\"https:\/\/pediluxus.ee\/#website\",\"url\":\"https:\/\/pediluxus.ee\/\",\"name\":\"Pediluxus Stuudio \u2013 Professionaalne jalahooldus, esteetiline pedik\u00fc\u00fcr ja tervete jalgade ekspert\",\"description\":\"Professionaalne probleemse jalahooldus ja esteetiline pedik\u00fc\u00fcr. Pakkume lahendusi jalamuredele ning luksuslikku hoolitsust, mis tagab tervemad ja hoolitsetud jalad. Stuudio, kus teie jalgade eest hoolitsevad kogenud spetsialistid. Broneeri aeg juba t\u00e4na!\",\"potentialAction\":[{\"@type\":\"SearchAction\",\"target\":{\"@type\":\"EntryPoint\",\"urlTemplate\":\"https:\/\/pediluxus.ee\/?s={search_term_string}\"},\"query-input\":{\"@type\":\"PropertyValueSpecification\",\"valueRequired\":true,\"valueName\":\"search_term_string\"}}],\"inLanguage\":\"en-GB\"}]}<\/script>\n<!-- \/ Yoast SEO plugin. -->","yoast_head_json":{"title":"Online Consultation - Pediluxus Studio - Professional pedicure, aesthetic pedicure and healthy feet expert","robots":{"index":"index","follow":"follow","max-snippet":"max-snippet:-1","max-image-preview":"max-image-preview:large","max-video-preview":"max-video-preview:-1"},"canonical":"https:\/\/pediluxus.ee\/en\/online-coaching\/","og_locale":"en_GB","og_type":"article","og_title":"Online n\u00f5ustamine - Pediluxus Stuudio \u2013 Professionaalne jalahooldus, esteetiline pedik\u00fc\u00fcr ja tervete jalgade ekspert","og_description":"Online-n\u00f5ustamine \u2013 professionaalne abi, ka distantsilt Kui Sul on jalgadega seotud k\u00fcsimus, kahtlus v\u00f5i mure (nt sissekasvanud k\u00fc\u00fcs, paksenenud nahk, varbak\u00fc\u00fcne muutus vmt), kuid Sa ei saa hetkel tulla stuudiosse kohale \u2013 saad mugavalt tellida tasulise online-n\u00f5ustamise. Kuidas see toimib? 1. Kirjuta mulle e-mailile: kirjelda oma muret ja lisa korral lisa selged, heas valguses tehtud [&hellip;]","og_url":"https:\/\/pediluxus.ee\/en\/online-coaching\/","og_site_name":"Pediluxus Stuudio \u2013 Professionaalne jalahooldus, esteetiline pedik\u00fc\u00fcr ja tervete jalgade ekspert","article_modified_time":"2025-06-16T17:44:03+00:00","og_image":[{"url":"https:\/\/pediluxus.ee\/wp-content\/uploads\/2025\/02\/young-woman-sitting-armchair-working-laptop-scaled-e1739724337977-1024x804.jpg","type":"","width":"","height":""}],"twitter_card":"summary_large_image","twitter_misc":{"Estimated reading time":"1 minute"},"schema":{"@context":"https:\/\/schema.org","@graph":[{"@type":"WebPage","@id":"https:\/\/pediluxus.ee\/online-noustamine\/","url":"https:\/\/pediluxus.ee\/online-noustamine\/","name":"Online Consultation - Pediluxus Studio - Professional pedicure, aesthetic pedicure and healthy feet expert","isPartOf":{"@id":"https:\/\/pediluxus.ee\/#website"},"primaryImageOfPage":{"@id":"https:\/\/pediluxus.ee\/online-noustamine\/#primaryimage"},"image":{"@id":"https:\/\/pediluxus.ee\/online-noustamine\/#primaryimage"},"thumbnailUrl":"https:\/\/pediluxus.ee\/wp-content\/uploads\/2025\/02\/young-woman-sitting-armchair-working-laptop-scaled-e1739724337977-1024x804.jpg","datePublished":"2025-02-15T11:22:20+00:00","dateModified":"2025-06-16T17:44:03+00:00","breadcrumb":{"@id":"https:\/\/pediluxus.ee\/online-noustamine\/#breadcrumb"},"inLanguage":"en-GB","potentialAction":[{"@type":"ReadAction","target":["https:\/\/pediluxus.ee\/online-noustamine\/"]}]},{"@type":"ImageObject","inLanguage":"en-GB","@id":"https:\/\/pediluxus.ee\/online-noustamine\/#primaryimage","url":"https:\/\/pediluxus.ee\/wp-content\/uploads\/2025\/02\/young-woman-sitting-armchair-working-laptop-scaled-e1739724337977-1024x804.jpg","contentUrl":"https:\/\/pediluxus.ee\/wp-content\/uploads\/2025\/02\/young-woman-sitting-armchair-working-laptop-scaled-e1739724337977-1024x804.jpg"},{"@type":"BreadcrumbList","@id":"https:\/\/pediluxus.ee\/online-noustamine\/#breadcrumb","itemListElement":[{"@type":"ListItem","position":1,"name":"Home","item":"https:\/\/pediluxus.ee\/"},{"@type":"ListItem","position":2,"name":"Online n\u00f5ustamine"}]},{"@type":"WebSite","@id":"https:\/\/pediluxus.ee\/#website","url":"https:\/\/pediluxus.ee\/","name":"Pediluxus Studio - Professional foot care, aesthetic pedicure and healthy feet expert","description":"Professional problem foot care and aesthetic pedicure. We offer solutions to foot problems and luxurious care for healthier, well-groomed feet. A studio where your feet are cared for by experienced professionals. Book an appointment today!","potentialAction":[{"@type":"SearchAction","target":{"@type":"EntryPoint","urlTemplate":"https:\/\/pediluxus.ee\/?s={search_term_string}"},"query-input":{"@type":"PropertyValueSpecification","valueRequired":true,"valueName":"search_term_string"}}],"inLanguage":"en-GB"}]}},"jetpack_sharing_enabled":true,"_links":{"self":[{"href":"https:\/\/pediluxus.ee\/en\/wp-json\/wp\/v2\/pages\/2057","targetHints":{"allow":["GET"]}}],"collection":[{"href":"https:\/\/pediluxus.ee\/en\/wp-json\/wp\/v2\/pages"}],"about":[{"href":"https:\/\/pediluxus.ee\/en\/wp-json\/wp\/v2\/types\/page"}],"author":[{"embeddable":true,"href":"https:\/\/pediluxus.ee\/en\/wp-json\/wp\/v2\/users\/1"}],"replies":[{"embeddable":true,"href":"https:\/\/pediluxus.ee\/en\/wp-json\/wp\/v2\/comments?post=2057"}],"version-history":[{"count":0,"href":"https:\/\/pediluxus.ee\/en\/wp-json\/wp\/v2\/pages\/2057\/revisions"}],"wp:attachment":[{"href":"https:\/\/pediluxus.ee\/en\/wp-json\/wp\/v2\/media?parent=2057"}],"curies":[{"name":"wp","href":"https:\/\/api.w.org\/{rel}","templated":true}]}}