{"id":2059,"date":"2025-02-15T13:23:49","date_gmt":"2025-02-15T11:23:49","guid":{"rendered":"http:\/\/pedilux.ee\/?page_id=2059"},"modified":"2025-06-16T20:44:03","modified_gmt":"2025-06-16T17:44:03","slug":"leather-packings-and-covers","status":"publish","type":"page","link":"https:\/\/pediluxus.ee\/en\/leather-packings-and-covers\/","title":{"rendered":"Leather trimmings and heel loops"},"content":{"rendered":"<div data-elementor-type=\"wp-page\" data-elementor-id=\"2059\" class=\"elementor elementor-2059\" data-elementor-post-type=\"page\">\n\t\t\t\t<div class=\"elementor-element elementor-element-d954caa e-flex e-con-boxed e-con e-parent\" data-id=\"d954caa\" data-element_type=\"container\" data-e-type=\"container\" data-settings=\"{&quot;background_background&quot;:&quot;gradient&quot;}\">\n\t\t\t\t\t<div class=\"e-con-inner\">\n\t\t<div class=\"elementor-element elementor-element-b2690b7 e-con-full e-flex e-con e-child\" data-id=\"b2690b7\" data-element_type=\"container\" data-e-type=\"container\">\n\t\t\t\t<div class=\"elementor-element elementor-element-df3a13b elementor-widget elementor-widget-image\" data-id=\"df3a13b\" data-element_type=\"widget\" data-e-type=\"widget\" data-widget_type=\"image.default\">\n\t\t\t\t<div class=\"elementor-widget-container\">\n\t\t\t\t\t\t\t\t\t\t\t\t\t\t\t<img fetchpriority=\"high\" decoding=\"async\" width=\"768\" height=\"537\" src=\"https:\/\/pediluxus.ee\/wp-content\/uploads\/2025\/03\/429949953_18220074280276717_496219759993214267_n-768x537.jpg\" class=\"attachment-medium_large size-medium_large wp-image-3452\" alt=\"\" srcset=\"https:\/\/pediluxus.ee\/wp-content\/uploads\/2025\/03\/429949953_18220074280276717_496219759993214267_n-768x537.jpg 768w, https:\/\/pediluxus.ee\/wp-content\/uploads\/2025\/03\/429949953_18220074280276717_496219759993214267_n-300x210.jpg 300w, https:\/\/pediluxus.ee\/wp-content\/uploads\/2025\/03\/429949953_18220074280276717_496219759993214267_n-1024x716.jpg 1024w, https:\/\/pediluxus.ee\/wp-content\/uploads\/2025\/03\/429949953_18220074280276717_496219759993214267_n-18x12.jpg 18w, https:\/\/pediluxus.ee\/wp-content\/uploads\/2025\/03\/429949953_18220074280276717_496219759993214267_n-600x420.jpg 600w, https:\/\/pediluxus.ee\/wp-content\/uploads\/2025\/03\/429949953_18220074280276717_496219759993214267_n.jpg 1440w\" sizes=\"(max-width: 768px) 100vw, 768px\" \/>\t\t\t\t\t\t\t\t\t\t\t\t\t\t\t<\/div>\n\t\t\t\t<\/div>\n\t\t\t\t<\/div>\n\t\t<div class=\"elementor-element elementor-element-b630222 e-con-full e-flex e-con e-child\" data-id=\"b630222\" data-element_type=\"container\" data-e-type=\"container\">\n\t\t\t\t<div class=\"elementor-element elementor-element-874a564 elementor-widget elementor-widget-heading\" data-id=\"874a564\" data-element_type=\"widget\" data-e-type=\"widget\" data-widget_type=\"heading.default\">\n\t\t\t\t<div class=\"elementor-widget-container\">\n\t\t\t\t\t<h1 class=\"elementor-heading-title elementor-size-default\">Removal of skin blemishes and safe treatment of heel holes - relief for dry and hard skin<\/h1>\t\t\t\t<\/div>\n\t\t\t\t<\/div>\n\t\t\t\t<div class=\"elementor-element elementor-element-665744a elementor-widget elementor-widget-text-editor\" data-id=\"665744a\" data-element_type=\"widget\" data-e-type=\"widget\" data-widget_type=\"text-editor.default\">\n\t\t\t\t<div class=\"elementor-widget-container\">\n\t\t\t\t\t\t\t\t\t<p class=\"p3\">Thickened skin on the soles of the feet, heels or around the toes is a very common problem that can become painful over time and start to affect your daily movements. Skin bumps are not just an aesthetic problem - they can cause discomfort, tightness, stinging or even painful cracks.<\/p><p class=\"p3\">When I come in for treatment, I approach the removal of skin patches with precision and care. Every treatment starts with a skin check. If necessary, I will give suggestions on how to support and nourish the skin at home.<\/p><p class=\"p1\"><b>Service content<\/b><\/p><p class=\"p4\">- Assessment of the condition of the foot<\/p><p class=\"p4\">- Cleaning and treatment of problem areas with professional tools<\/p><p class=\"p4\">- Treatment of thickened skin and heel holes<\/p><p class=\"p4\">- The use of creams or care products (e.g. special ointment, foam, etc.)<\/p><p class=\"p4\">- Home care recommendations if you wish<\/p>\t\t\t\t\t\t\t\t<\/div>\n\t\t\t\t<\/div>\n\t\t\t\t<\/div>\n\t\t\t\t\t<\/div>\n\t\t\t\t<\/div>\n\t\t\t\t<\/div>","protected":false},"excerpt":{"rendered":"<p>Nahapaksendite eemaldamine ja kannal\u00f5hede ohutu t\u00f6\u00f6tlemine \u2013 leevendus kuivale ja k\u00f5vale nahale Paksenenud nahk tallal, kandadel v\u00f5i varvaste \u00fcmbruses on v\u00e4ga levinud mure, mis v\u00f5ib aja jooksul muutuda valulikuks ja hakata m\u00f5jutama ka igap\u00e4evast liikumist. Nahapaksendid ei ole ainult esteetiline probleem \u2013 need v\u00f5ivad p\u00f5hjustada ebamugavust, survetunnet, kipitust v\u00f5i isegi valulikke l\u00f5hesid. Hooldusesse tulles l\u00e4henen [&hellip;]<\/p>\n","protected":false},"author":1,"featured_media":0,"parent":0,"menu_order":0,"comment_status":"closed","ping_status":"closed","template":"","meta":{"footnotes":""},"class_list":["post-2059","page","type-page","status-publish","hentry"],"yoast_head":"<!-- This site is optimized with the Yoast SEO plugin v27.1.1 - https:\/\/yoast.com\/product\/yoast-seo-wordpress\/ -->\n<title>Nahapaksendid ja kannal\u00f5hed - Pediluxus Stuudio \u2013 Professionaalne jalahooldus, esteetiline pedik\u00fc\u00fcr ja tervete jalgade ekspert<\/title>\n<meta name=\"robots\" content=\"index, follow, max-snippet:-1, max-image-preview:large, max-video-preview:-1\" \/>\n<link rel=\"canonical\" href=\"https:\/\/pediluxus.ee\/en\/leather-packings-and-covers\/\" \/>\n<meta property=\"og:locale\" content=\"en_GB\" \/>\n<meta property=\"og:type\" content=\"article\" \/>\n<meta property=\"og:title\" content=\"Nahapaksendid ja kannal\u00f5hed - Pediluxus Stuudio \u2013 Professionaalne jalahooldus, esteetiline pedik\u00fc\u00fcr ja tervete jalgade ekspert\" \/>\n<meta property=\"og:description\" content=\"Nahapaksendite eemaldamine ja kannal\u00f5hede ohutu t\u00f6\u00f6tlemine \u2013 leevendus kuivale ja k\u00f5vale nahale Paksenenud nahk tallal, kandadel v\u00f5i varvaste \u00fcmbruses on v\u00e4ga levinud mure, mis v\u00f5ib aja jooksul muutuda valulikuks ja hakata m\u00f5jutama ka igap\u00e4evast liikumist. Nahapaksendid ei ole ainult esteetiline probleem \u2013 need v\u00f5ivad p\u00f5hjustada ebamugavust, survetunnet, kipitust v\u00f5i isegi valulikke l\u00f5hesid. Hooldusesse tulles l\u00e4henen [&hellip;]\" \/>\n<meta property=\"og:url\" content=\"https:\/\/pediluxus.ee\/en\/leather-packings-and-covers\/\" \/>\n<meta property=\"og:site_name\" content=\"Pediluxus Stuudio \u2013 Professionaalne jalahooldus, esteetiline pedik\u00fc\u00fcr ja tervete jalgade ekspert\" \/>\n<meta property=\"article:modified_time\" content=\"2025-06-16T17:44:03+00:00\" \/>\n<meta property=\"og:image\" content=\"https:\/\/pediluxus.ee\/wp-content\/uploads\/2025\/03\/429949953_18220074280276717_496219759993214267_n-768x537.jpg\" \/>\n<meta name=\"twitter:card\" content=\"summary_large_image\" \/>\n<meta name=\"twitter:label1\" content=\"Estimated reading time\" \/>\n\t<meta name=\"twitter:data1\" content=\"1 minute\" \/>\n<script type=\"application\/ld+json\" class=\"yoast-schema-graph\">{\"@context\":\"https:\/\/schema.org\",\"@graph\":[{\"@type\":\"WebPage\",\"@id\":\"https:\/\/pediluxus.ee\/en\/leather-packings-and-covers\/\",\"url\":\"https:\/\/pediluxus.ee\/en\/leather-packings-and-covers\/\",\"name\":\"Nahapaksendid ja kannal\u00f5hed - Pediluxus Stuudio \u2013 Professionaalne jalahooldus, esteetiline pedik\u00fc\u00fcr ja tervete jalgade ekspert\",\"isPartOf\":{\"@id\":\"https:\/\/pediluxus.ee\/#website\"},\"primaryImageOfPage\":{\"@id\":\"https:\/\/pediluxus.ee\/en\/leather-packings-and-covers\/#primaryimage\"},\"image\":{\"@id\":\"https:\/\/pediluxus.ee\/en\/leather-packings-and-covers\/#primaryimage\"},\"thumbnailUrl\":\"https:\/\/pediluxus.ee\/wp-content\/uploads\/2025\/03\/429949953_18220074280276717_496219759993214267_n-768x537.jpg\",\"datePublished\":\"2025-02-15T11:23:49+00:00\",\"dateModified\":\"2025-06-16T17:44:03+00:00\",\"breadcrumb\":{\"@id\":\"https:\/\/pediluxus.ee\/en\/leather-packings-and-covers\/#breadcrumb\"},\"inLanguage\":\"en-GB\",\"potentialAction\":[{\"@type\":\"ReadAction\",\"target\":[\"https:\/\/pediluxus.ee\/en\/leather-packings-and-covers\/\"]}]},{\"@type\":\"ImageObject\",\"inLanguage\":\"en-GB\",\"@id\":\"https:\/\/pediluxus.ee\/en\/leather-packings-and-covers\/#primaryimage\",\"url\":\"https:\/\/pediluxus.ee\/wp-content\/uploads\/2025\/03\/429949953_18220074280276717_496219759993214267_n-768x537.jpg\",\"contentUrl\":\"https:\/\/pediluxus.ee\/wp-content\/uploads\/2025\/03\/429949953_18220074280276717_496219759993214267_n-768x537.jpg\"},{\"@type\":\"BreadcrumbList\",\"@id\":\"https:\/\/pediluxus.ee\/en\/leather-packings-and-covers\/#breadcrumb\",\"itemListElement\":[{\"@type\":\"ListItem\",\"position\":1,\"name\":\"Home\",\"item\":\"https:\/\/pediluxus.ee\/\"},{\"@type\":\"ListItem\",\"position\":2,\"name\":\"Nahapaksendid ja kannal\u00f5hed\"}]},{\"@type\":\"WebSite\",\"@id\":\"https:\/\/pediluxus.ee\/#website\",\"url\":\"https:\/\/pediluxus.ee\/\",\"name\":\"Pediluxus Stuudio \u2013 Professionaalne jalahooldus, esteetiline pedik\u00fc\u00fcr ja tervete jalgade ekspert\",\"description\":\"Professionaalne probleemse jalahooldus ja esteetiline pedik\u00fc\u00fcr. Pakkume lahendusi jalamuredele ning luksuslikku hoolitsust, mis tagab tervemad ja hoolitsetud jalad. Stuudio, kus teie jalgade eest hoolitsevad kogenud spetsialistid. Broneeri aeg juba t\u00e4na!\",\"potentialAction\":[{\"@type\":\"SearchAction\",\"target\":{\"@type\":\"EntryPoint\",\"urlTemplate\":\"https:\/\/pediluxus.ee\/?s={search_term_string}\"},\"query-input\":{\"@type\":\"PropertyValueSpecification\",\"valueRequired\":true,\"valueName\":\"search_term_string\"}}],\"inLanguage\":\"en-GB\"}]}<\/script>\n<!-- \/ Yoast SEO plugin. -->","yoast_head_json":{"title":"Skin trims and heel splints - Pediluxus Studio - Professional pedicure, aesthetic pedicure and healthy feet expert","robots":{"index":"index","follow":"follow","max-snippet":"max-snippet:-1","max-image-preview":"max-image-preview:large","max-video-preview":"max-video-preview:-1"},"canonical":"https:\/\/pediluxus.ee\/en\/leather-packings-and-covers\/","og_locale":"en_GB","og_type":"article","og_title":"Nahapaksendid ja kannal\u00f5hed - Pediluxus Stuudio \u2013 Professionaalne jalahooldus, esteetiline pedik\u00fc\u00fcr ja tervete jalgade ekspert","og_description":"Nahapaksendite eemaldamine ja kannal\u00f5hede ohutu t\u00f6\u00f6tlemine \u2013 leevendus kuivale ja k\u00f5vale nahale Paksenenud nahk tallal, kandadel v\u00f5i varvaste \u00fcmbruses on v\u00e4ga levinud mure, mis v\u00f5ib aja jooksul muutuda valulikuks ja hakata m\u00f5jutama ka igap\u00e4evast liikumist. Nahapaksendid ei ole ainult esteetiline probleem \u2013 need v\u00f5ivad p\u00f5hjustada ebamugavust, survetunnet, kipitust v\u00f5i isegi valulikke l\u00f5hesid. Hooldusesse tulles l\u00e4henen [&hellip;]","og_url":"https:\/\/pediluxus.ee\/en\/leather-packings-and-covers\/","og_site_name":"Pediluxus Stuudio \u2013 Professionaalne jalahooldus, esteetiline pedik\u00fc\u00fcr ja tervete jalgade ekspert","article_modified_time":"2025-06-16T17:44:03+00:00","og_image":[{"url":"https:\/\/pediluxus.ee\/wp-content\/uploads\/2025\/03\/429949953_18220074280276717_496219759993214267_n-768x537.jpg","type":"","width":"","height":""}],"twitter_card":"summary_large_image","twitter_misc":{"Estimated reading time":"1 minute"},"schema":{"@context":"https:\/\/schema.org","@graph":[{"@type":"WebPage","@id":"https:\/\/pediluxus.ee\/en\/leather-packings-and-covers\/","url":"https:\/\/pediluxus.ee\/en\/leather-packings-and-covers\/","name":"Skin trims and heel splints - Pediluxus Studio - Professional pedicure, aesthetic pedicure and healthy feet expert","isPartOf":{"@id":"https:\/\/pediluxus.ee\/#website"},"primaryImageOfPage":{"@id":"https:\/\/pediluxus.ee\/en\/leather-packings-and-covers\/#primaryimage"},"image":{"@id":"https:\/\/pediluxus.ee\/en\/leather-packings-and-covers\/#primaryimage"},"thumbnailUrl":"https:\/\/pediluxus.ee\/wp-content\/uploads\/2025\/03\/429949953_18220074280276717_496219759993214267_n-768x537.jpg","datePublished":"2025-02-15T11:23:49+00:00","dateModified":"2025-06-16T17:44:03+00:00","breadcrumb":{"@id":"https:\/\/pediluxus.ee\/en\/leather-packings-and-covers\/#breadcrumb"},"inLanguage":"en-GB","potentialAction":[{"@type":"ReadAction","target":["https:\/\/pediluxus.ee\/en\/leather-packings-and-covers\/"]}]},{"@type":"ImageObject","inLanguage":"en-GB","@id":"https:\/\/pediluxus.ee\/en\/leather-packings-and-covers\/#primaryimage","url":"https:\/\/pediluxus.ee\/wp-content\/uploads\/2025\/03\/429949953_18220074280276717_496219759993214267_n-768x537.jpg","contentUrl":"https:\/\/pediluxus.ee\/wp-content\/uploads\/2025\/03\/429949953_18220074280276717_496219759993214267_n-768x537.jpg"},{"@type":"BreadcrumbList","@id":"https:\/\/pediluxus.ee\/en\/leather-packings-and-covers\/#breadcrumb","itemListElement":[{"@type":"ListItem","position":1,"name":"Home","item":"https:\/\/pediluxus.ee\/"},{"@type":"ListItem","position":2,"name":"Nahapaksendid ja kannal\u00f5hed"}]},{"@type":"WebSite","@id":"https:\/\/pediluxus.ee\/#website","url":"https:\/\/pediluxus.ee\/","name":"Pediluxus Studio - Professional foot care, aesthetic pedicure and healthy feet expert","description":"Professional problem foot care and aesthetic pedicure. We offer solutions to foot problems and luxurious care for healthier, well-groomed feet. A studio where your feet are cared for by experienced professionals. Book an appointment today!","potentialAction":[{"@type":"SearchAction","target":{"@type":"EntryPoint","urlTemplate":"https:\/\/pediluxus.ee\/?s={search_term_string}"},"query-input":{"@type":"PropertyValueSpecification","valueRequired":true,"valueName":"search_term_string"}}],"inLanguage":"en-GB"}]}},"jetpack_sharing_enabled":true,"_links":{"self":[{"href":"https:\/\/pediluxus.ee\/en\/wp-json\/wp\/v2\/pages\/2059","targetHints":{"allow":["GET"]}}],"collection":[{"href":"https:\/\/pediluxus.ee\/en\/wp-json\/wp\/v2\/pages"}],"about":[{"href":"https:\/\/pediluxus.ee\/en\/wp-json\/wp\/v2\/types\/page"}],"author":[{"embeddable":true,"href":"https:\/\/pediluxus.ee\/en\/wp-json\/wp\/v2\/users\/1"}],"replies":[{"embeddable":true,"href":"https:\/\/pediluxus.ee\/en\/wp-json\/wp\/v2\/comments?post=2059"}],"version-history":[{"count":0,"href":"https:\/\/pediluxus.ee\/en\/wp-json\/wp\/v2\/pages\/2059\/revisions"}],"wp:attachment":[{"href":"https:\/\/pediluxus.ee\/en\/wp-json\/wp\/v2\/media?parent=2059"}],"curies":[{"name":"wp","href":"https:\/\/api.w.org\/{rel}","templated":true}]}}