{"id":2060,"date":"2025-02-15T13:23:11","date_gmt":"2025-02-15T11:23:11","guid":{"rendered":"http:\/\/pedilux.ee\/?page_id=2060"},"modified":"2025-06-16T20:44:03","modified_gmt":"2025-06-16T17:44:03","slug":"ingrown-cucumbers-and-hollow-wood","status":"publish","type":"page","link":"https:\/\/pediluxus.ee\/en\/ingrown-cucumbers-and-hollow-wood\/","title":{"rendered":"Ingrown nails and onycholysis"},"content":{"rendered":"<div data-elementor-type=\"wp-page\" data-elementor-id=\"2060\" class=\"elementor elementor-2060\" data-elementor-post-type=\"page\">\n\t\t\t\t<div class=\"elementor-element elementor-element-29435e9 e-flex e-con-boxed e-con e-parent\" data-id=\"29435e9\" data-element_type=\"container\" data-e-type=\"container\" data-settings=\"{&quot;background_background&quot;:&quot;gradient&quot;}\">\n\t\t\t\t\t<div class=\"e-con-inner\">\n\t\t<div class=\"elementor-element elementor-element-b4397a0 e-con-full e-flex e-con e-child\" data-id=\"b4397a0\" data-element_type=\"container\" data-e-type=\"container\">\n\t\t\t\t<div class=\"elementor-element elementor-element-3181818 elementor-widget elementor-widget-image\" data-id=\"3181818\" data-element_type=\"widget\" data-e-type=\"widget\" data-widget_type=\"image.default\">\n\t\t\t\t<div class=\"elementor-widget-container\">\n\t\t\t\t\t\t\t\t\t\t\t\t\t\t\t<img fetchpriority=\"high\" decoding=\"async\" width=\"800\" height=\"982\" src=\"https:\/\/pediluxus.ee\/wp-content\/uploads\/2025\/03\/461606858_18245937370276717_7859292455183569803_n-e1743167388580-834x1024.jpg\" class=\"attachment-large size-large wp-image-3438\" alt=\"\" srcset=\"https:\/\/pediluxus.ee\/wp-content\/uploads\/2025\/03\/461606858_18245937370276717_7859292455183569803_n-e1743167388580-834x1024.jpg 834w, https:\/\/pediluxus.ee\/wp-content\/uploads\/2025\/03\/461606858_18245937370276717_7859292455183569803_n-e1743167388580-244x300.jpg 244w, https:\/\/pediluxus.ee\/wp-content\/uploads\/2025\/03\/461606858_18245937370276717_7859292455183569803_n-e1743167388580-768x942.jpg 768w, https:\/\/pediluxus.ee\/wp-content\/uploads\/2025\/03\/461606858_18245937370276717_7859292455183569803_n-e1743167388580-10x12.jpg 10w, https:\/\/pediluxus.ee\/wp-content\/uploads\/2025\/03\/461606858_18245937370276717_7859292455183569803_n-e1743167388580-300x368.jpg 300w, https:\/\/pediluxus.ee\/wp-content\/uploads\/2025\/03\/461606858_18245937370276717_7859292455183569803_n-e1743167388580-600x736.jpg 600w, https:\/\/pediluxus.ee\/wp-content\/uploads\/2025\/03\/461606858_18245937370276717_7859292455183569803_n-e1743167388580.jpg 964w\" sizes=\"(max-width: 800px) 100vw, 800px\" \/>\t\t\t\t\t\t\t\t\t\t\t\t\t\t\t<\/div>\n\t\t\t\t<\/div>\n\t\t\t\t<\/div>\n\t\t<div class=\"elementor-element elementor-element-e311648 e-con-full e-flex e-con e-child\" data-id=\"e311648\" data-element_type=\"container\" data-e-type=\"container\">\n\t\t\t\t<div class=\"elementor-element elementor-element-0af3095 elementor-widget elementor-widget-heading\" data-id=\"0af3095\" data-element_type=\"widget\" data-e-type=\"widget\" data-widget_type=\"heading.default\">\n\t\t\t\t<div class=\"elementor-widget-container\">\n\t\t\t\t\t<h1 class=\"elementor-heading-title elementor-size-default\">Ingrown toenails - a painful problem with a solution<\/h1>\t\t\t\t<\/div>\n\t\t\t\t<\/div>\n\t\t\t\t<div class=\"elementor-element elementor-element-5e8035b elementor-widget elementor-widget-text-editor\" data-id=\"5e8035b\" data-element_type=\"widget\" data-e-type=\"widget\" data-widget_type=\"text-editor.default\">\n\t\t\t\t<div class=\"elementor-widget-container\">\n\t\t\t\t\t\t\t\t\t<p class=\"p3\">Ingrown toenails are one of the most common and unpleasant foot problems people come to me with. The pain, redness, pressure and sometimes the inflammatory reaction even make it difficult to wear shoes.<\/p><p class=\"p3\">The good news is that it is possible to alleviate and control this problem - both with professional care and with daily conscious care at home.<\/p><p class=\"p1\"><b>How do we deal with ingrown nails at Pedilux?<\/b><\/p><p class=\"p3\">Every client is different, so I first assess the condition of the nail and surrounding skin. Depending on the situation, I choose the right method:<\/p><p class=\"p3\"><b>Tamponing<\/b><\/p><p class=\"p3\">We use a soft material placed under the edge of the nail to relieve pressure against the skin and guide the nail to grow in the right direction. Suitable for minor cases and first aid.<\/p><p><b>Fitting a light bulb clamp<\/b><\/p><p class=\"p3\">For a more chronic or recurring problem, a special nail clip may be needed to help correct the shape of the nail and prevent it from growing back into the skin. The brace is used as a painless alternative to surgical intervention.<\/p>\t\t\t\t\t\t\t\t<\/div>\n\t\t\t\t<\/div>\n\t\t\t\t<\/div>\n\t\t\t\t\t<\/div>\n\t\t\t\t<\/div>\n\t\t\t\t<\/div>","protected":false},"excerpt":{"rendered":"<p>Sissekasvanud k\u00fc\u00fcs \u2013 valulik mure, millele on lahendus Sissekasvanud k\u00fc\u00fcs on \u00fcks levinumaid ja ebameeldivamaid jalaprobleeme, millega inimesed minu juurde p\u00f6\u00f6rduvad. Valu, punetus, surve ja vahel ka p\u00f5letikuline reaktsioon teevad isegi jalan\u00f5ude kandmise keeruliseks. Hea uudis on see, et seda probleemi on v\u00f5imalik leevendada ja kontrolli alla saada \u2013 nii professionaalse hooldusega, kui ka igap\u00e4evase [&hellip;]<\/p>\n","protected":false},"author":1,"featured_media":0,"parent":0,"menu_order":0,"comment_status":"closed","ping_status":"closed","template":"","meta":{"footnotes":""},"class_list":["post-2060","page","type-page","status-publish","hentry"],"yoast_head":"<!-- This site is optimized with the Yoast SEO plugin v27.1.1 - https:\/\/yoast.com\/product\/yoast-seo-wordpress\/ -->\n<title>Sissekasvanud k\u00fc\u00fcned ja on\u00fchhol\u00fc\u00fcs - Pediluxus Stuudio \u2013 Professionaalne jalahooldus, esteetiline pedik\u00fc\u00fcr ja tervete jalgade ekspert<\/title>\n<meta name=\"robots\" content=\"index, follow, max-snippet:-1, max-image-preview:large, max-video-preview:-1\" \/>\n<link rel=\"canonical\" href=\"https:\/\/pediluxus.ee\/en\/ingrown-cucumbers-and-hollow-wood\/\" \/>\n<meta property=\"og:locale\" content=\"en_GB\" \/>\n<meta property=\"og:type\" content=\"article\" \/>\n<meta property=\"og:title\" content=\"Sissekasvanud k\u00fc\u00fcned ja on\u00fchhol\u00fc\u00fcs - Pediluxus Stuudio \u2013 Professionaalne jalahooldus, esteetiline pedik\u00fc\u00fcr ja tervete jalgade ekspert\" \/>\n<meta property=\"og:description\" content=\"Sissekasvanud k\u00fc\u00fcs \u2013 valulik mure, millele on lahendus Sissekasvanud k\u00fc\u00fcs on \u00fcks levinumaid ja ebameeldivamaid jalaprobleeme, millega inimesed minu juurde p\u00f6\u00f6rduvad. Valu, punetus, surve ja vahel ka p\u00f5letikuline reaktsioon teevad isegi jalan\u00f5ude kandmise keeruliseks. Hea uudis on see, et seda probleemi on v\u00f5imalik leevendada ja kontrolli alla saada \u2013 nii professionaalse hooldusega, kui ka igap\u00e4evase [&hellip;]\" \/>\n<meta property=\"og:url\" content=\"https:\/\/pediluxus.ee\/en\/ingrown-cucumbers-and-hollow-wood\/\" \/>\n<meta property=\"og:site_name\" content=\"Pediluxus Stuudio \u2013 Professionaalne jalahooldus, esteetiline pedik\u00fc\u00fcr ja tervete jalgade ekspert\" \/>\n<meta property=\"article:modified_time\" content=\"2025-06-16T17:44:03+00:00\" \/>\n<meta property=\"og:image\" content=\"https:\/\/pediluxus.ee\/wp-content\/uploads\/2025\/03\/461606858_18245937370276717_7859292455183569803_n-e1743167388580-834x1024.jpg\" \/>\n<meta name=\"twitter:card\" content=\"summary_large_image\" \/>\n<meta name=\"twitter:label1\" content=\"Estimated reading time\" \/>\n\t<meta name=\"twitter:data1\" content=\"1 minute\" \/>\n<script type=\"application\/ld+json\" class=\"yoast-schema-graph\">{\"@context\":\"https:\/\/schema.org\",\"@graph\":[{\"@type\":\"WebPage\",\"@id\":\"https:\/\/pediluxus.ee\/sissekasvanud-kuuned-ja-onuhholuus\/\",\"url\":\"https:\/\/pediluxus.ee\/sissekasvanud-kuuned-ja-onuhholuus\/\",\"name\":\"Sissekasvanud k\u00fc\u00fcned ja on\u00fchhol\u00fc\u00fcs - Pediluxus Stuudio \u2013 Professionaalne jalahooldus, esteetiline pedik\u00fc\u00fcr ja tervete jalgade ekspert\",\"isPartOf\":{\"@id\":\"https:\/\/pediluxus.ee\/#website\"},\"primaryImageOfPage\":{\"@id\":\"https:\/\/pediluxus.ee\/sissekasvanud-kuuned-ja-onuhholuus\/#primaryimage\"},\"image\":{\"@id\":\"https:\/\/pediluxus.ee\/sissekasvanud-kuuned-ja-onuhholuus\/#primaryimage\"},\"thumbnailUrl\":\"https:\/\/pediluxus.ee\/wp-content\/uploads\/2025\/03\/461606858_18245937370276717_7859292455183569803_n-e1743167388580-834x1024.jpg\",\"datePublished\":\"2025-02-15T11:23:11+00:00\",\"dateModified\":\"2025-06-16T17:44:03+00:00\",\"breadcrumb\":{\"@id\":\"https:\/\/pediluxus.ee\/sissekasvanud-kuuned-ja-onuhholuus\/#breadcrumb\"},\"inLanguage\":\"en-GB\",\"potentialAction\":[{\"@type\":\"ReadAction\",\"target\":[\"https:\/\/pediluxus.ee\/sissekasvanud-kuuned-ja-onuhholuus\/\"]}]},{\"@type\":\"ImageObject\",\"inLanguage\":\"en-GB\",\"@id\":\"https:\/\/pediluxus.ee\/sissekasvanud-kuuned-ja-onuhholuus\/#primaryimage\",\"url\":\"https:\/\/pediluxus.ee\/wp-content\/uploads\/2025\/03\/461606858_18245937370276717_7859292455183569803_n-e1743167388580-834x1024.jpg\",\"contentUrl\":\"https:\/\/pediluxus.ee\/wp-content\/uploads\/2025\/03\/461606858_18245937370276717_7859292455183569803_n-e1743167388580-834x1024.jpg\"},{\"@type\":\"BreadcrumbList\",\"@id\":\"https:\/\/pediluxus.ee\/sissekasvanud-kuuned-ja-onuhholuus\/#breadcrumb\",\"itemListElement\":[{\"@type\":\"ListItem\",\"position\":1,\"name\":\"Home\",\"item\":\"https:\/\/pediluxus.ee\/\"},{\"@type\":\"ListItem\",\"position\":2,\"name\":\"Sissekasvanud k\u00fc\u00fcned ja on\u00fchhol\u00fc\u00fcs\"}]},{\"@type\":\"WebSite\",\"@id\":\"https:\/\/pediluxus.ee\/#website\",\"url\":\"https:\/\/pediluxus.ee\/\",\"name\":\"Pediluxus Stuudio \u2013 Professionaalne jalahooldus, esteetiline pedik\u00fc\u00fcr ja tervete jalgade ekspert\",\"description\":\"Professionaalne probleemse jalahooldus ja esteetiline pedik\u00fc\u00fcr. Pakkume lahendusi jalamuredele ning luksuslikku hoolitsust, mis tagab tervemad ja hoolitsetud jalad. Stuudio, kus teie jalgade eest hoolitsevad kogenud spetsialistid. Broneeri aeg juba t\u00e4na!\",\"potentialAction\":[{\"@type\":\"SearchAction\",\"target\":{\"@type\":\"EntryPoint\",\"urlTemplate\":\"https:\/\/pediluxus.ee\/?s={search_term_string}\"},\"query-input\":{\"@type\":\"PropertyValueSpecification\",\"valueRequired\":true,\"valueName\":\"search_term_string\"}}],\"inLanguage\":\"en-GB\"}]}<\/script>\n<!-- \/ Yoast SEO plugin. -->","yoast_head_json":{"title":"Ingrown nails and onycholysis - Pediluxus Studio - Professional foot care, aesthetic pedicure and healthy feet expert","robots":{"index":"index","follow":"follow","max-snippet":"max-snippet:-1","max-image-preview":"max-image-preview:large","max-video-preview":"max-video-preview:-1"},"canonical":"https:\/\/pediluxus.ee\/en\/ingrown-cucumbers-and-hollow-wood\/","og_locale":"en_GB","og_type":"article","og_title":"Sissekasvanud k\u00fc\u00fcned ja on\u00fchhol\u00fc\u00fcs - Pediluxus Stuudio \u2013 Professionaalne jalahooldus, esteetiline pedik\u00fc\u00fcr ja tervete jalgade ekspert","og_description":"Sissekasvanud k\u00fc\u00fcs \u2013 valulik mure, millele on lahendus Sissekasvanud k\u00fc\u00fcs on \u00fcks levinumaid ja ebameeldivamaid jalaprobleeme, millega inimesed minu juurde p\u00f6\u00f6rduvad. Valu, punetus, surve ja vahel ka p\u00f5letikuline reaktsioon teevad isegi jalan\u00f5ude kandmise keeruliseks. Hea uudis on see, et seda probleemi on v\u00f5imalik leevendada ja kontrolli alla saada \u2013 nii professionaalse hooldusega, kui ka igap\u00e4evase [&hellip;]","og_url":"https:\/\/pediluxus.ee\/en\/ingrown-cucumbers-and-hollow-wood\/","og_site_name":"Pediluxus Stuudio \u2013 Professionaalne jalahooldus, esteetiline pedik\u00fc\u00fcr ja tervete jalgade ekspert","article_modified_time":"2025-06-16T17:44:03+00:00","og_image":[{"url":"https:\/\/pediluxus.ee\/wp-content\/uploads\/2025\/03\/461606858_18245937370276717_7859292455183569803_n-e1743167388580-834x1024.jpg","type":"","width":"","height":""}],"twitter_card":"summary_large_image","twitter_misc":{"Estimated reading time":"1 minute"},"schema":{"@context":"https:\/\/schema.org","@graph":[{"@type":"WebPage","@id":"https:\/\/pediluxus.ee\/sissekasvanud-kuuned-ja-onuhholuus\/","url":"https:\/\/pediluxus.ee\/sissekasvanud-kuuned-ja-onuhholuus\/","name":"Ingrown nails and onycholysis - Pediluxus Studio - Professional foot care, aesthetic pedicure and healthy feet expert","isPartOf":{"@id":"https:\/\/pediluxus.ee\/#website"},"primaryImageOfPage":{"@id":"https:\/\/pediluxus.ee\/sissekasvanud-kuuned-ja-onuhholuus\/#primaryimage"},"image":{"@id":"https:\/\/pediluxus.ee\/sissekasvanud-kuuned-ja-onuhholuus\/#primaryimage"},"thumbnailUrl":"https:\/\/pediluxus.ee\/wp-content\/uploads\/2025\/03\/461606858_18245937370276717_7859292455183569803_n-e1743167388580-834x1024.jpg","datePublished":"2025-02-15T11:23:11+00:00","dateModified":"2025-06-16T17:44:03+00:00","breadcrumb":{"@id":"https:\/\/pediluxus.ee\/sissekasvanud-kuuned-ja-onuhholuus\/#breadcrumb"},"inLanguage":"en-GB","potentialAction":[{"@type":"ReadAction","target":["https:\/\/pediluxus.ee\/sissekasvanud-kuuned-ja-onuhholuus\/"]}]},{"@type":"ImageObject","inLanguage":"en-GB","@id":"https:\/\/pediluxus.ee\/sissekasvanud-kuuned-ja-onuhholuus\/#primaryimage","url":"https:\/\/pediluxus.ee\/wp-content\/uploads\/2025\/03\/461606858_18245937370276717_7859292455183569803_n-e1743167388580-834x1024.jpg","contentUrl":"https:\/\/pediluxus.ee\/wp-content\/uploads\/2025\/03\/461606858_18245937370276717_7859292455183569803_n-e1743167388580-834x1024.jpg"},{"@type":"BreadcrumbList","@id":"https:\/\/pediluxus.ee\/sissekasvanud-kuuned-ja-onuhholuus\/#breadcrumb","itemListElement":[{"@type":"ListItem","position":1,"name":"Home","item":"https:\/\/pediluxus.ee\/"},{"@type":"ListItem","position":2,"name":"Sissekasvanud k\u00fc\u00fcned ja on\u00fchhol\u00fc\u00fcs"}]},{"@type":"WebSite","@id":"https:\/\/pediluxus.ee\/#website","url":"https:\/\/pediluxus.ee\/","name":"Pediluxus Studio - Professional foot care, aesthetic pedicure and healthy feet expert","description":"Professional problem foot care and aesthetic pedicure. We offer solutions to foot problems and luxurious care for healthier, well-groomed feet. A studio where your feet are cared for by experienced professionals. Book an appointment today!","potentialAction":[{"@type":"SearchAction","target":{"@type":"EntryPoint","urlTemplate":"https:\/\/pediluxus.ee\/?s={search_term_string}"},"query-input":{"@type":"PropertyValueSpecification","valueRequired":true,"valueName":"search_term_string"}}],"inLanguage":"en-GB"}]}},"jetpack_sharing_enabled":true,"_links":{"self":[{"href":"https:\/\/pediluxus.ee\/en\/wp-json\/wp\/v2\/pages\/2060","targetHints":{"allow":["GET"]}}],"collection":[{"href":"https:\/\/pediluxus.ee\/en\/wp-json\/wp\/v2\/pages"}],"about":[{"href":"https:\/\/pediluxus.ee\/en\/wp-json\/wp\/v2\/types\/page"}],"author":[{"embeddable":true,"href":"https:\/\/pediluxus.ee\/en\/wp-json\/wp\/v2\/users\/1"}],"replies":[{"embeddable":true,"href":"https:\/\/pediluxus.ee\/en\/wp-json\/wp\/v2\/comments?post=2060"}],"version-history":[{"count":0,"href":"https:\/\/pediluxus.ee\/en\/wp-json\/wp\/v2\/pages\/2060\/revisions"}],"wp:attachment":[{"href":"https:\/\/pediluxus.ee\/en\/wp-json\/wp\/v2\/media?parent=2060"}],"curies":[{"name":"wp","href":"https:\/\/api.w.org\/{rel}","templated":true}]}}