{"id":3269,"date":"2025-02-19T18:00:07","date_gmt":"2025-02-19T16:00:07","guid":{"rendered":"https:\/\/pedilux.ee\/?page_id=3269"},"modified":"2025-06-22T12:04:40","modified_gmt":"2025-06-22T09:04:40","slug":"privacy-policy","status":"publish","type":"page","link":"https:\/\/pediluxus.ee\/en\/privacy-policy\/","title":{"rendered":"Privacy policy"},"content":{"rendered":"<h4 class=\"wp-block-heading\">1. Processing of personal data<\/h4>\n\n\n\n<p>The controller of personal data on the website http:\/\/pediluxus.ee is Disainivaim O\u00dc (registration code 17043640), Ihasalu p\u00f5ik 1, J\u00f5el\u00e4htme municipality, Harjumaa, 74204, tel +372 53735700 and e-mail info@pediluxus.ee.<\/p>\n\n\n\n<h4 class=\"wp-block-heading\">2. What personal data is processed<\/h4>\n\n\n\n<p>name, telephone number and e-mail address;<br>delivery address;<br>bank account number;<br>the cost of goods and services and payment details (purchase history);<br>customer support details.<\/p>\n\n\n\n<h4 class=\"wp-block-heading\">3. Purposes for which personal data are processed<\/h4>\n\n\n\n<p>Personal data is used for the management of customer orders and the delivery of goods.<\/p>\n\n\n\n<p>Purchase history data (date of purchase, goods, quantity, customer details) is used to compile an overview of goods and services purchased and to analyse customer preferences.<\/p>\n\n\n\n<p>The bank account number is used to return payments to the customer.<\/p>\n\n\n\n<p>Personal data, such as e-mail, telephone number, customer name, are processed in order to resolve issues related to the provision of goods and services (customer support).<\/p>\n\n\n\n<p>The IP address or other network identifiers of the user of the online shop are processed for the purpose of providing the online shop as an information society service and for the purpose of web usage statistics.<\/p>\n\n\n\n<h4 class=\"wp-block-heading\">4. Legal basis<\/h4>\n\n\n\n<p>The processing of personal data is carried out for the purpose of the performance of a contract with a customer.<\/p>\n\n\n\n<p>Processing of personal data is carried out for the fulfilment of a legal obligation (e.g. accounting and consumer dispute resolution).<\/p>\n\n\n\n<h4 class=\"wp-block-heading\">5. Recipients to whom personal data are disclosed<\/h4>\n\n\n\n<p>Personal data will be transferred to the online shop's customer support for the purpose of managing purchases and purchase history and resolving customer issues.<\/p>\n\n\n\n<p>The name, telephone number and e-mail address will be forwarded to the transport service provider chosen by the customer. In the case of goods to be delivered by courier, the customer's address will be transmitted in addition to the contact details.<\/p>\n\n\n\n<p>If the accounting of the online shop is carried out by the service provider, the personal data will be transferred to the service provider for the purpose of carrying out accounting operations.<\/p>\n\n\n\n<p>Personal data may be transferred to information technology service providers if this is necessary to ensure the functionality or data availability of the online shop.<\/p>\n\n\n\n<h4 class=\"wp-block-heading\">6. Security and data access<\/h4>\n\n\n\n<p>Personal data is stored on the servers of Veebimajutus.ee, which are located in the territory of a Member State of the European Union or in the territory of a country that has joined the European Economic Area. Data may be transferred to countries whose level of data protection has been assessed as adequate by the European Commission and to companies in the United States of America that have signed up to the Privacy Shield framework.<\/p>\n\n\n\n<p>Access to personal data is granted to the employees of the online shop, who can access personal data in order to resolve technical issues related to the use of the online shop and to provide customer support services.<\/p>\n\n\n\n<p>The online shop implements appropriate physical, organisational and IT security measures to protect personal data against accidental or unlawful destruction, loss, alteration or unauthorised access and disclosure.<\/p>\n\n\n\n<p>The transfer of personal data to the online shop's processors (e.g. transport service provider and data aggregator) is based on contracts between the online shop and the processors. The processors are obliged to ensure appropriate safeguards when processing personal data.<\/p>\n\n\n\n<h4 class=\"wp-block-heading\">7. Access to and correction of personal data<\/h4>\n\n\n\n<p>Personal data can be accessed and corrected in the online shop's user profile.<\/p>\n\n\n\n<h4 class=\"wp-block-heading\">8. Withdrawal of consent<\/h4>\n\n\n\n<p>If the processing of personal data is based on the consent of the customer, the customer has the right to withdraw the consent by informing Customer Support by e-mail.<\/p>\n\n\n\n<h4 class=\"wp-block-heading\">9. Storage<\/h4>\n\n\n\n<p>Personal data will be deleted when you close your online shop account, unless such data needs to be stored for accounting purposes or to resolve consumer disputes.<\/p>\n\n\n\n<p>In the case of disputes relating to payments and consumer disputes, personal data will be kept until the claim is settled or the limitation period expires.<\/p>\n\n\n\n<p>Personal data necessary for accounting purposes are kept for seven years.<\/p>\n\n\n\n<h4 class=\"wp-block-heading\">10. Deletion<\/h4>\n\n\n\n<p>In order to delete personal data, you must contact customer support by e-mail. A reply to the deletion request will be sent within one month at the latest, specifying the period of deletion.<\/p>\n\n\n\n<h4 class=\"wp-block-heading\">11. Transfer<\/h4>\n\n\n\n<p>Requests for the transfer of personal data made by e-mail will be answered within one month at the latest. Customer Support will verify the identity and notify the personal data to be transferred.<\/p>\n\n\n\n<h4 class=\"wp-block-heading\">12. Direct marketing communications<\/h4>\n\n\n\n<p>The email address and telephone number will be used to send direct marketing messages if the customer has given their consent. If the customer does not wish to receive direct marketing communications, he\/she should select the appropriate reference in the footer of the e-mail or contact customer support.<\/p>\n\n\n\n<p>Where personal data is processed for the purposes of direct marketing (profiling), the customer has the right to object at any time to both the initial and further processing of his or her personal data, including profiling in relation to direct marketing, by informing Customer Support by e-mail.<\/p>\n\n\n\n<h4 class=\"wp-block-heading\">13. Dispute settlement<\/h4>\n\n\n\n<p>Disputes relating to the processing of personal data can be resolved through the Customer Support (info@pediluxus.ee). The supervisory authority is the Estonian Data Protection Inspectorate (info@aki.ee).<\/p>","protected":false},"excerpt":{"rendered":"<p>1. Isikuandmete t\u00f6\u00f6tlemine Veebilehe http:\/\/pediluxus.ee isikuandmete vastutav t\u00f6\u00f6tleja on Disainivaim O\u00dc (registrikood 17043640) asukohaga Ihasalu p\u00f5ik 1, J\u00f5el\u00e4htme vald, Harjumaa, 74204, tel +372 53735700 ja e-kiri info@pediluxus.ee. 2. Milliseid isikuandmeid t\u00f6\u00f6deldakse nimi, telefoninumber ja e-posti aadress;kauba kohaletoimetamise aadress;pangakonto number;kaupade ja teenuste maksumus ja maksetega seotud andmed (ostuajalugu);klienditoe andmed. 3. Mis eesm\u00e4rgil isikuandmeid t\u00f6\u00f6deldakse Isikuandmeid kasutatakse [&hellip;]<\/p>\n","protected":false},"author":1,"featured_media":0,"parent":0,"menu_order":0,"comment_status":"closed","ping_status":"closed","template":"","meta":{"footnotes":""},"class_list":["post-3269","page","type-page","status-publish","hentry"],"yoast_head":"<!-- This site is optimized with the Yoast SEO plugin v27.1.1 - https:\/\/yoast.com\/product\/yoast-seo-wordpress\/ -->\n<title>Privaatsuspoliitika - Pediluxus Stuudio \u2013 Professionaalne jalahooldus, esteetiline pedik\u00fc\u00fcr ja tervete jalgade ekspert<\/title>\n<meta name=\"robots\" content=\"index, follow, max-snippet:-1, max-image-preview:large, max-video-preview:-1\" \/>\n<link rel=\"canonical\" href=\"https:\/\/pediluxus.ee\/en\/privacy-policy\/\" \/>\n<meta property=\"og:locale\" content=\"en_GB\" \/>\n<meta property=\"og:type\" content=\"article\" \/>\n<meta property=\"og:title\" content=\"Privaatsuspoliitika - Pediluxus Stuudio \u2013 Professionaalne jalahooldus, esteetiline pedik\u00fc\u00fcr ja tervete jalgade ekspert\" \/>\n<meta property=\"og:description\" content=\"1. Isikuandmete t\u00f6\u00f6tlemine Veebilehe http:\/\/pediluxus.ee isikuandmete vastutav t\u00f6\u00f6tleja on Disainivaim O\u00dc (registrikood 17043640) asukohaga Ihasalu p\u00f5ik 1, J\u00f5el\u00e4htme vald, Harjumaa, 74204, tel +372 53735700 ja e-kiri info@pediluxus.ee. 2. Milliseid isikuandmeid t\u00f6\u00f6deldakse nimi, telefoninumber ja e-posti aadress;kauba kohaletoimetamise aadress;pangakonto number;kaupade ja teenuste maksumus ja maksetega seotud andmed (ostuajalugu);klienditoe andmed. 3. Mis eesm\u00e4rgil isikuandmeid t\u00f6\u00f6deldakse Isikuandmeid kasutatakse [&hellip;]\" \/>\n<meta property=\"og:url\" content=\"https:\/\/pediluxus.ee\/en\/privacy-policy\/\" \/>\n<meta property=\"og:site_name\" content=\"Pediluxus Stuudio \u2013 Professionaalne jalahooldus, esteetiline pedik\u00fc\u00fcr ja tervete jalgade ekspert\" \/>\n<meta property=\"article:modified_time\" content=\"2025-06-22T09:04:40+00:00\" \/>\n<meta name=\"twitter:card\" content=\"summary_large_image\" \/>\n<meta name=\"twitter:label1\" content=\"Estimated reading time\" \/>\n\t<meta name=\"twitter:data1\" content=\"3 minutes\" \/>\n<script type=\"application\/ld+json\" class=\"yoast-schema-graph\">{\"@context\":\"https:\/\/schema.org\",\"@graph\":[{\"@type\":\"WebPage\",\"@id\":\"https:\/\/pediluxus.ee\/privaatsuspoliitika\/\",\"url\":\"https:\/\/pediluxus.ee\/privaatsuspoliitika\/\",\"name\":\"Privaatsuspoliitika - Pediluxus Stuudio \u2013 Professionaalne jalahooldus, esteetiline pedik\u00fc\u00fcr ja tervete jalgade ekspert\",\"isPartOf\":{\"@id\":\"https:\/\/pediluxus.ee\/#website\"},\"datePublished\":\"2025-02-19T16:00:07+00:00\",\"dateModified\":\"2025-06-22T09:04:40+00:00\",\"breadcrumb\":{\"@id\":\"https:\/\/pediluxus.ee\/privaatsuspoliitika\/#breadcrumb\"},\"inLanguage\":\"en-GB\",\"potentialAction\":[{\"@type\":\"ReadAction\",\"target\":[\"https:\/\/pediluxus.ee\/privaatsuspoliitika\/\"]}]},{\"@type\":\"BreadcrumbList\",\"@id\":\"https:\/\/pediluxus.ee\/privaatsuspoliitika\/#breadcrumb\",\"itemListElement\":[{\"@type\":\"ListItem\",\"position\":1,\"name\":\"Home\",\"item\":\"https:\/\/pediluxus.ee\/\"},{\"@type\":\"ListItem\",\"position\":2,\"name\":\"Privaatsuspoliitika\"}]},{\"@type\":\"WebSite\",\"@id\":\"https:\/\/pediluxus.ee\/#website\",\"url\":\"https:\/\/pediluxus.ee\/\",\"name\":\"Pediluxus Stuudio \u2013 Professionaalne jalahooldus, esteetiline pedik\u00fc\u00fcr ja tervete jalgade ekspert\",\"description\":\"Professionaalne probleemse jalahooldus ja esteetiline pedik\u00fc\u00fcr. Pakkume lahendusi jalamuredele ning luksuslikku hoolitsust, mis tagab tervemad ja hoolitsetud jalad. Stuudio, kus teie jalgade eest hoolitsevad kogenud spetsialistid. Broneeri aeg juba t\u00e4na!\",\"potentialAction\":[{\"@type\":\"SearchAction\",\"target\":{\"@type\":\"EntryPoint\",\"urlTemplate\":\"https:\/\/pediluxus.ee\/?s={search_term_string}\"},\"query-input\":{\"@type\":\"PropertyValueSpecification\",\"valueRequired\":true,\"valueName\":\"search_term_string\"}}],\"inLanguage\":\"en-GB\"}]}<\/script>\n<!-- \/ Yoast SEO plugin. -->","yoast_head_json":{"title":"Privacy Policy - Pediluxus Studio - Professional foot care, aesthetic pedicure and healthy feet expert","robots":{"index":"index","follow":"follow","max-snippet":"max-snippet:-1","max-image-preview":"max-image-preview:large","max-video-preview":"max-video-preview:-1"},"canonical":"https:\/\/pediluxus.ee\/en\/privacy-policy\/","og_locale":"en_GB","og_type":"article","og_title":"Privaatsuspoliitika - Pediluxus Stuudio \u2013 Professionaalne jalahooldus, esteetiline pedik\u00fc\u00fcr ja tervete jalgade ekspert","og_description":"1. Isikuandmete t\u00f6\u00f6tlemine Veebilehe http:\/\/pediluxus.ee isikuandmete vastutav t\u00f6\u00f6tleja on Disainivaim O\u00dc (registrikood 17043640) asukohaga Ihasalu p\u00f5ik 1, J\u00f5el\u00e4htme vald, Harjumaa, 74204, tel +372 53735700 ja e-kiri info@pediluxus.ee. 2. Milliseid isikuandmeid t\u00f6\u00f6deldakse nimi, telefoninumber ja e-posti aadress;kauba kohaletoimetamise aadress;pangakonto number;kaupade ja teenuste maksumus ja maksetega seotud andmed (ostuajalugu);klienditoe andmed. 3. Mis eesm\u00e4rgil isikuandmeid t\u00f6\u00f6deldakse Isikuandmeid kasutatakse [&hellip;]","og_url":"https:\/\/pediluxus.ee\/en\/privacy-policy\/","og_site_name":"Pediluxus Stuudio \u2013 Professionaalne jalahooldus, esteetiline pedik\u00fc\u00fcr ja tervete jalgade ekspert","article_modified_time":"2025-06-22T09:04:40+00:00","twitter_card":"summary_large_image","twitter_misc":{"Estimated reading time":"3 minutes"},"schema":{"@context":"https:\/\/schema.org","@graph":[{"@type":"WebPage","@id":"https:\/\/pediluxus.ee\/privaatsuspoliitika\/","url":"https:\/\/pediluxus.ee\/privaatsuspoliitika\/","name":"Privacy Policy - Pediluxus Studio - Professional foot care, aesthetic pedicure and healthy feet expert","isPartOf":{"@id":"https:\/\/pediluxus.ee\/#website"},"datePublished":"2025-02-19T16:00:07+00:00","dateModified":"2025-06-22T09:04:40+00:00","breadcrumb":{"@id":"https:\/\/pediluxus.ee\/privaatsuspoliitika\/#breadcrumb"},"inLanguage":"en-GB","potentialAction":[{"@type":"ReadAction","target":["https:\/\/pediluxus.ee\/privaatsuspoliitika\/"]}]},{"@type":"BreadcrumbList","@id":"https:\/\/pediluxus.ee\/privaatsuspoliitika\/#breadcrumb","itemListElement":[{"@type":"ListItem","position":1,"name":"Home","item":"https:\/\/pediluxus.ee\/"},{"@type":"ListItem","position":2,"name":"Privaatsuspoliitika"}]},{"@type":"WebSite","@id":"https:\/\/pediluxus.ee\/#website","url":"https:\/\/pediluxus.ee\/","name":"Pediluxus Studio - Professional foot care, aesthetic pedicure and healthy feet expert","description":"Professional problem foot care and aesthetic pedicure. We offer solutions to foot problems and luxurious care for healthier, well-groomed feet. A studio where your feet are cared for by experienced professionals. Book an appointment today!","potentialAction":[{"@type":"SearchAction","target":{"@type":"EntryPoint","urlTemplate":"https:\/\/pediluxus.ee\/?s={search_term_string}"},"query-input":{"@type":"PropertyValueSpecification","valueRequired":true,"valueName":"search_term_string"}}],"inLanguage":"en-GB"}]}},"jetpack_sharing_enabled":true,"_links":{"self":[{"href":"https:\/\/pediluxus.ee\/en\/wp-json\/wp\/v2\/pages\/3269","targetHints":{"allow":["GET"]}}],"collection":[{"href":"https:\/\/pediluxus.ee\/en\/wp-json\/wp\/v2\/pages"}],"about":[{"href":"https:\/\/pediluxus.ee\/en\/wp-json\/wp\/v2\/types\/page"}],"author":[{"embeddable":true,"href":"https:\/\/pediluxus.ee\/en\/wp-json\/wp\/v2\/users\/1"}],"replies":[{"embeddable":true,"href":"https:\/\/pediluxus.ee\/en\/wp-json\/wp\/v2\/comments?post=3269"}],"version-history":[{"count":1,"href":"https:\/\/pediluxus.ee\/en\/wp-json\/wp\/v2\/pages\/3269\/revisions"}],"predecessor-version":[{"id":4489,"href":"https:\/\/pediluxus.ee\/en\/wp-json\/wp\/v2\/pages\/3269\/revisions\/4489"}],"wp:attachment":[{"href":"https:\/\/pediluxus.ee\/en\/wp-json\/wp\/v2\/media?parent=3269"}],"curies":[{"name":"wp","href":"https:\/\/api.w.org\/{rel}","templated":true}]}}