{"id":5056,"date":"2025-08-29T10:47:37","date_gmt":"2025-08-29T07:47:37","guid":{"rendered":"https:\/\/pediluxus.ee\/?page_id=5056"},"modified":"2026-03-15T13:23:25","modified_gmt":"2026-03-15T11:23:25","slug":"training-courses","status":"publish","type":"page","link":"https:\/\/pediluxus.ee\/en\/training-courses\/","title":{"rendered":"Training"},"content":{"rendered":"<div data-elementor-type=\"wp-page\" data-elementor-id=\"5056\" class=\"elementor elementor-5056\" data-elementor-post-type=\"page\">\n\t\t\t\t<div class=\"elementor-element elementor-element-1a453cb e-flex e-con-boxed e-con e-parent\" data-id=\"1a453cb\" data-element_type=\"container\" data-e-type=\"container\">\n\t\t\t\t\t<div class=\"e-con-inner\">\n\t\t\t\t<div class=\"elementor-element elementor-element-a19878d elementor-widget elementor-widget-heading\" data-id=\"a19878d\" data-element_type=\"widget\" data-e-type=\"widget\" data-widget_type=\"heading.default\">\n\t\t\t\t<div class=\"elementor-widget-container\">\n\t\t\t\t\t<h2 class=\"elementor-heading-title elementor-size-default\">BASIC TRAINING CURRICULUM FOR INSTRUMENTATION PEDIATRICIANS<\/h2>\t\t\t\t<\/div>\n\t\t\t\t<\/div>\n\t\t\t\t\t<\/div>\n\t\t\t\t<\/div>\n\t\t<div class=\"elementor-element elementor-element-fa1f149 e-flex e-con-boxed e-con e-parent\" data-id=\"fa1f149\" data-element_type=\"container\" data-e-type=\"container\">\n\t\t\t\t\t<div class=\"e-con-inner\">\n\t\t\t\t\t<\/div>\n\t\t\t\t<\/div>\n\t\t<div class=\"elementor-element elementor-element-035a5b5 e-flex e-con-boxed e-con e-parent\" data-id=\"035a5b5\" data-element_type=\"container\" data-e-type=\"container\">\n\t\t\t\t\t<div class=\"e-con-inner\">\n\t\t<div class=\"elementor-element elementor-element-3440953 e-con-full e-flex e-con e-child\" data-id=\"3440953\" data-element_type=\"container\" data-e-type=\"container\">\n\t\t\t\t<div class=\"elementor-element elementor-element-23c708c elementor-widget elementor-widget-image\" data-id=\"23c708c\" data-element_type=\"widget\" data-e-type=\"widget\" data-widget_type=\"image.default\">\n\t\t\t\t<div class=\"elementor-widget-container\">\n\t\t\t\t\t\t\t\t\t\t\t\t\t\t\t<img fetchpriority=\"high\" decoding=\"async\" width=\"800\" height=\"881\" src=\"https:\/\/pediluxus.ee\/wp-content\/uploads\/2025\/08\/IMG_7152-930x1024.jpg\" class=\"attachment-large size-large wp-image-5073\" alt=\"\" srcset=\"https:\/\/pediluxus.ee\/wp-content\/uploads\/2025\/08\/IMG_7152-930x1024.jpg 930w, https:\/\/pediluxus.ee\/wp-content\/uploads\/2025\/08\/IMG_7152-272x300.jpg 272w, https:\/\/pediluxus.ee\/wp-content\/uploads\/2025\/08\/IMG_7152-768x846.jpg 768w, https:\/\/pediluxus.ee\/wp-content\/uploads\/2025\/08\/IMG_7152-1395x1536.jpg 1395w, https:\/\/pediluxus.ee\/wp-content\/uploads\/2025\/08\/IMG_7152-1860x2048.jpg 1860w, https:\/\/pediluxus.ee\/wp-content\/uploads\/2025\/08\/IMG_7152-11x12.jpg 11w, https:\/\/pediluxus.ee\/wp-content\/uploads\/2025\/08\/IMG_7152-300x330.jpg 300w, https:\/\/pediluxus.ee\/wp-content\/uploads\/2025\/08\/IMG_7152-600x661.jpg 600w\" sizes=\"(max-width: 800px) 100vw, 800px\" \/>\t\t\t\t\t\t\t\t\t\t\t\t\t\t\t<\/div>\n\t\t\t\t<\/div>\n\t\t\t\t<\/div>\n\t\t<div class=\"elementor-element elementor-element-9855d77 e-con-full e-flex e-con e-child\" data-id=\"9855d77\" data-element_type=\"container\" data-e-type=\"container\">\n\t\t<div class=\"elementor-element elementor-element-a67ec12 e-con-full e-flex e-con e-child\" data-id=\"a67ec12\" data-element_type=\"container\" data-e-type=\"container\">\n\t\t\t\t<div class=\"elementor-element elementor-element-5cfde55 elementor-widget elementor-widget-text-editor\" data-id=\"5cfde55\" data-element_type=\"widget\" data-e-type=\"widget\" data-widget_type=\"text-editor.default\">\n\t\t\t\t<div class=\"elementor-widget-container\">\n\t\t\t\t\t\t\t\t\t<p style=\"font-weight: 400;\"><strong>Study Group<\/strong><\/p><p style=\"font-weight: 400;\">Hairdressing and beauty services<\/p><p style=\"font-weight: 400;\"><strong>Volume of learning<\/strong><\/p><p style=\"font-weight: 400;\">6 academic hours (including hygiene theory and practical exercises).<\/p><p style=\"font-weight: 400;\"><strong>Basis for curriculum design<\/strong><\/p><p style=\"font-weight: 400;\">Mandatory competences for the professional standard 'Pedicurist, nail technician level 4'.<\/p><p style=\"font-weight: 400;\"><strong>Learning objective<\/strong><\/p><p style=\"font-weight: 400;\">The training is intended as a refresher course for adult students who wish to acquire knowledge and practical skills in the field of pedicure. The aim of the training is to teach the safe and professional performance of apparatus pedicure, the correct preparation of the workplace and tools, and client interaction.<\/p><p style=\"font-weight: 400;\"><strong>Learning outcomes<\/strong><\/p><p style=\"font-weight: 400;\">Graduate of the training:<\/p><ul style=\"font-weight: 400;\"><li>knows the anatomy of the foot and can assess the health of the foot;<\/li><li>recognises common problems and early stage changes;<\/li><li>follows hygiene rules, prepares the workplace and uses personal protective equipment;<\/li><li>knows the types and uses of drill bits and how to handle them safely;<\/li><li>can perform dry pedicure (without bath) - treatment of nails, cuticles and soles, exfoliation, light massage techniques.<\/li><li>know how to choose and use the right care products;<\/li><li>can assess whether a cosmetic material can be applied to the nail or skin;<\/li><li>can do work photography and simple photo editing for a portfolio;<\/li><li>can communicate with the client in a professional manner and give home care advice.<\/li><\/ul><p style=\"font-weight: 400;\"><strong>Target group<\/strong><\/p><p style=\"font-weight: 400;\">Adult learners wishing to acquire basic pedicure knowledge and skills.<\/p><p style=\"font-weight: 400;\"><strong>Learning environment<\/strong><\/p><p style=\"font-weight: 400;\">The training is carried out in the Pediluxus Studio, which is equipped with modern pedicure teaching equipment (pedicure chair, nail grinder, drill bits, sterilization equipment, tools, proper lighting, disinfectants).<\/p><p style=\"font-weight: 400;\">The classroom meets health requirements and allows for practical work. Pupils will use personal protective equipment and will also learn hygiene through practical activities.<\/p><p style=\"font-weight: 400;\"><strong>Teaching materials<\/strong><\/p><ul style=\"font-weight: 400;\"><li>Concepts on the theory and practice of pedicure (anatomy, hygiene, work process, tools) prepared by the trainer.<\/li><li>A selection of theoretical materials from various professional books and manicure training materials, adapted for pedicure.<\/li><li>Illustrative diagrams and photos, workflow guides.<\/li><li>Materials to practice taking and editing photos of your work.<\/li><\/ul><p style=\"font-weight: 400;\"><strong>Course content<\/strong><\/p><ul style=\"font-weight: 400;\"><li>Personal protective equipment and hygiene requirements in pedicure (theory and practice)<\/li><li>Foot anatomy and physiology<\/li><li>Overview of common nail and skin problems (basic knowledge of problem feet, not treatment).<\/li><li>Preparing the workplace and tools<\/li><li>Types, selection and safe use of drill bits<\/li><li>Dry pedicure procedure: treatment of nails and cuticles, treatment of the skin on the soles, exfoliation.<\/li><li>Correct use of care products<\/li><li>Restrictions on the use of the material (when not to apply)<\/li><li>Communicating with the client and creating a professional first impression<\/li><li>Photographing and editing work for portfolios<\/li><\/ul><p style=\"font-weight: 400;\"><strong>Evaluation<\/strong><\/p><ul style=\"font-weight: 400;\"><li>Assessment of theoretical knowledge based on oral interview.<\/li><li>Assessment of practical skills on the day of the training in the performance of an instrumented pedicle procedure.<\/li><li>The learner will not receive a certificate at the end of the course without passing the assessment.<\/li><\/ul><p style=\"font-weight: 400;\"><strong>Control form<\/strong><\/p><p style=\"font-weight: 400;\">Verbal feedback during theory and practical work.<\/p><p style=\"font-weight: 400;\"><strong>Graduation and documents issued<\/strong><\/p><ul style=\"font-weight: 400;\"><li>Completion of the training is based on attendance at the training day and achievement of the learning outcomes.<\/li><li>Once the requirements have been met, the following will be issued <strong>identification<\/strong>.<\/li><\/ul>\t\t\t\t\t\t\t\t<\/div>\n\t\t\t\t<\/div>\n\t\t\t\t<\/div>\n\t\t<div class=\"elementor-element elementor-element-e9c0ef1 e-con-full e-flex e-con e-child\" data-id=\"e9c0ef1\" data-element_type=\"container\" data-e-type=\"container\">\n\t\t\t\t<div class=\"elementor-element elementor-element-dd0df6a elementor-widget elementor-widget-button\" data-id=\"dd0df6a\" data-element_type=\"widget\" data-e-type=\"widget\" data-widget_type=\"button.default\">\n\t\t\t\t<div class=\"elementor-widget-container\">\n\t\t\t\t\t\t\t\t\t<div class=\"elementor-button-wrapper\">\n\t\t\t\t\t<a class=\"elementor-button elementor-button-link elementor-size-sm\" href=\"https:\/\/pediluxus.ee\/en\/product\/basic-training-in-instrument-pedicure-26-09-30-09\/\">\n\t\t\t\t\t\t<span class=\"elementor-button-content-wrapper\">\n\t\t\t\t\t\t\t\t\t<span class=\"elementor-button-text\">BUY TRAINING HERE!<\/span>\n\t\t\t\t\t<\/span>\n\t\t\t\t\t<\/a>\n\t\t\t\t<\/div>\n\t\t\t\t\t\t\t\t<\/div>\n\t\t\t\t<\/div>\n\t\t\t\t<\/div>\n\t\t\t\t<\/div>\n\t\t\t\t\t<\/div>\n\t\t\t\t<\/div>\n\t\t\t\t<\/div>","protected":false},"excerpt":{"rendered":"<p>APARAADIPEDIK\u00dc\u00dcRI BAASKOOLITUSE \u00d5PPEKAVA \u00d5ppekavar\u00fchm Juuksurit\u00f6\u00f6 ja iluteenindus \u00d5ppe maht 6 akadeemilist tundi (sh h\u00fcgieeni teooria ja praktilised harjutused). \u00d5ppekava koostamise alus Kutsestandard \u201ePedik\u00fc\u00fcrija, k\u00fc\u00fcnetehnik tase 4\u201c kohustuslikud kompetentsid \u00d5ppe eesm\u00e4rk Koolitus on m\u00f5eldud t\u00e4iendkoolitusena t\u00e4isealistele \u00f5pilastele, kes soovivad omandada teadmisi ja praktilisi oskusi pedik\u00fc\u00fcri valdkonnas. Koolituse eesm\u00e4rk on \u00f5petada aparaadipedik\u00fc\u00fcri ohutut ja professionaalset teostamist, t\u00f6\u00f6koha [&hellip;]<\/p>\n","protected":false},"author":1,"featured_media":0,"parent":0,"menu_order":0,"comment_status":"closed","ping_status":"closed","template":"","meta":{"footnotes":""},"class_list":["post-5056","page","type-page","status-publish","hentry"],"yoast_head":"<!-- This site is optimized with the Yoast SEO plugin v27.1.1 - https:\/\/yoast.com\/product\/yoast-seo-wordpress\/ -->\n<title>Koolitused - Pediluxus Stuudio \u2013 Professionaalne jalahooldus, esteetiline pedik\u00fc\u00fcr ja tervete jalgade ekspert<\/title>\n<meta name=\"robots\" content=\"index, follow, max-snippet:-1, max-image-preview:large, max-video-preview:-1\" \/>\n<link rel=\"canonical\" href=\"https:\/\/pediluxus.ee\/en\/training-courses\/\" \/>\n<meta property=\"og:locale\" content=\"en_GB\" \/>\n<meta property=\"og:type\" content=\"article\" \/>\n<meta property=\"og:title\" content=\"Koolitused - Pediluxus Stuudio \u2013 Professionaalne jalahooldus, esteetiline pedik\u00fc\u00fcr ja tervete jalgade ekspert\" \/>\n<meta property=\"og:description\" content=\"APARAADIPEDIK\u00dc\u00dcRI BAASKOOLITUSE \u00d5PPEKAVA \u00d5ppekavar\u00fchm Juuksurit\u00f6\u00f6 ja iluteenindus \u00d5ppe maht 6 akadeemilist tundi (sh h\u00fcgieeni teooria ja praktilised harjutused). \u00d5ppekava koostamise alus Kutsestandard \u201ePedik\u00fc\u00fcrija, k\u00fc\u00fcnetehnik tase 4\u201c kohustuslikud kompetentsid \u00d5ppe eesm\u00e4rk Koolitus on m\u00f5eldud t\u00e4iendkoolitusena t\u00e4isealistele \u00f5pilastele, kes soovivad omandada teadmisi ja praktilisi oskusi pedik\u00fc\u00fcri valdkonnas. Koolituse eesm\u00e4rk on \u00f5petada aparaadipedik\u00fc\u00fcri ohutut ja professionaalset teostamist, t\u00f6\u00f6koha [&hellip;]\" \/>\n<meta property=\"og:url\" content=\"https:\/\/pediluxus.ee\/en\/training-courses\/\" \/>\n<meta property=\"og:site_name\" content=\"Pediluxus Stuudio \u2013 Professionaalne jalahooldus, esteetiline pedik\u00fc\u00fcr ja tervete jalgade ekspert\" \/>\n<meta property=\"article:modified_time\" content=\"2026-03-15T11:23:25+00:00\" \/>\n<meta property=\"og:image\" content=\"https:\/\/pediluxus.ee\/wp-content\/uploads\/2025\/08\/IMG_7152.jpg\" \/>\n\t<meta property=\"og:image:width\" content=\"2251\" \/>\n\t<meta property=\"og:image:height\" content=\"2479\" \/>\n\t<meta property=\"og:image:type\" content=\"image\/jpeg\" \/>\n<meta name=\"twitter:card\" content=\"summary_large_image\" \/>\n<meta name=\"twitter:label1\" content=\"Estimated reading time\" \/>\n\t<meta name=\"twitter:data1\" content=\"3 minutes\" \/>\n<script type=\"application\/ld+json\" class=\"yoast-schema-graph\">{\"@context\":\"https:\/\/schema.org\",\"@graph\":[{\"@type\":\"WebPage\",\"@id\":\"https:\/\/pediluxus.ee\/koolitused\/\",\"url\":\"https:\/\/pediluxus.ee\/koolitused\/\",\"name\":\"Koolitused - Pediluxus Stuudio \u2013 Professionaalne jalahooldus, esteetiline pedik\u00fc\u00fcr ja tervete jalgade ekspert\",\"isPartOf\":{\"@id\":\"https:\/\/pediluxus.ee\/#website\"},\"primaryImageOfPage\":{\"@id\":\"https:\/\/pediluxus.ee\/koolitused\/#primaryimage\"},\"image\":{\"@id\":\"https:\/\/pediluxus.ee\/koolitused\/#primaryimage\"},\"thumbnailUrl\":\"https:\/\/pediluxus.ee\/wp-content\/uploads\/2025\/08\/IMG_7152-930x1024.jpg\",\"datePublished\":\"2025-08-29T07:47:37+00:00\",\"dateModified\":\"2026-03-15T11:23:25+00:00\",\"breadcrumb\":{\"@id\":\"https:\/\/pediluxus.ee\/koolitused\/#breadcrumb\"},\"inLanguage\":\"en-GB\",\"potentialAction\":[{\"@type\":\"ReadAction\",\"target\":[\"https:\/\/pediluxus.ee\/koolitused\/\"]}]},{\"@type\":\"ImageObject\",\"inLanguage\":\"en-GB\",\"@id\":\"https:\/\/pediluxus.ee\/koolitused\/#primaryimage\",\"url\":\"https:\/\/pediluxus.ee\/wp-content\/uploads\/2025\/08\/IMG_7152-930x1024.jpg\",\"contentUrl\":\"https:\/\/pediluxus.ee\/wp-content\/uploads\/2025\/08\/IMG_7152-930x1024.jpg\"},{\"@type\":\"BreadcrumbList\",\"@id\":\"https:\/\/pediluxus.ee\/koolitused\/#breadcrumb\",\"itemListElement\":[{\"@type\":\"ListItem\",\"position\":1,\"name\":\"Home\",\"item\":\"https:\/\/pediluxus.ee\/\"},{\"@type\":\"ListItem\",\"position\":2,\"name\":\"Koolitused\"}]},{\"@type\":\"WebSite\",\"@id\":\"https:\/\/pediluxus.ee\/#website\",\"url\":\"https:\/\/pediluxus.ee\/\",\"name\":\"Pediluxus Stuudio \u2013 Professionaalne jalahooldus, esteetiline pedik\u00fc\u00fcr ja tervete jalgade ekspert\",\"description\":\"Professionaalne probleemse jalahooldus ja esteetiline pedik\u00fc\u00fcr. Pakkume lahendusi jalamuredele ning luksuslikku hoolitsust, mis tagab tervemad ja hoolitsetud jalad. Stuudio, kus teie jalgade eest hoolitsevad kogenud spetsialistid. Broneeri aeg juba t\u00e4na!\",\"potentialAction\":[{\"@type\":\"SearchAction\",\"target\":{\"@type\":\"EntryPoint\",\"urlTemplate\":\"https:\/\/pediluxus.ee\/?s={search_term_string}\"},\"query-input\":{\"@type\":\"PropertyValueSpecification\",\"valueRequired\":true,\"valueName\":\"search_term_string\"}}],\"inLanguage\":\"en-GB\"}]}<\/script>\n<!-- \/ Yoast SEO plugin. -->","yoast_head_json":{"title":"Training - Pediluxus Studio - Professional foot care, aesthetic pedicure and healthy feet expert","robots":{"index":"index","follow":"follow","max-snippet":"max-snippet:-1","max-image-preview":"max-image-preview:large","max-video-preview":"max-video-preview:-1"},"canonical":"https:\/\/pediluxus.ee\/en\/training-courses\/","og_locale":"en_GB","og_type":"article","og_title":"Koolitused - Pediluxus Stuudio \u2013 Professionaalne jalahooldus, esteetiline pedik\u00fc\u00fcr ja tervete jalgade ekspert","og_description":"APARAADIPEDIK\u00dc\u00dcRI BAASKOOLITUSE \u00d5PPEKAVA \u00d5ppekavar\u00fchm Juuksurit\u00f6\u00f6 ja iluteenindus \u00d5ppe maht 6 akadeemilist tundi (sh h\u00fcgieeni teooria ja praktilised harjutused). \u00d5ppekava koostamise alus Kutsestandard \u201ePedik\u00fc\u00fcrija, k\u00fc\u00fcnetehnik tase 4\u201c kohustuslikud kompetentsid \u00d5ppe eesm\u00e4rk Koolitus on m\u00f5eldud t\u00e4iendkoolitusena t\u00e4isealistele \u00f5pilastele, kes soovivad omandada teadmisi ja praktilisi oskusi pedik\u00fc\u00fcri valdkonnas. Koolituse eesm\u00e4rk on \u00f5petada aparaadipedik\u00fc\u00fcri ohutut ja professionaalset teostamist, t\u00f6\u00f6koha [&hellip;]","og_url":"https:\/\/pediluxus.ee\/en\/training-courses\/","og_site_name":"Pediluxus Stuudio \u2013 Professionaalne jalahooldus, esteetiline pedik\u00fc\u00fcr ja tervete jalgade ekspert","article_modified_time":"2026-03-15T11:23:25+00:00","og_image":[{"width":2251,"height":2479,"url":"https:\/\/pediluxus.ee\/wp-content\/uploads\/2025\/08\/IMG_7152.jpg","type":"image\/jpeg"}],"twitter_card":"summary_large_image","twitter_misc":{"Estimated reading time":"3 minutes"},"schema":{"@context":"https:\/\/schema.org","@graph":[{"@type":"WebPage","@id":"https:\/\/pediluxus.ee\/koolitused\/","url":"https:\/\/pediluxus.ee\/koolitused\/","name":"Training - Pediluxus Studio - Professional foot care, aesthetic pedicure and healthy feet expert","isPartOf":{"@id":"https:\/\/pediluxus.ee\/#website"},"primaryImageOfPage":{"@id":"https:\/\/pediluxus.ee\/koolitused\/#primaryimage"},"image":{"@id":"https:\/\/pediluxus.ee\/koolitused\/#primaryimage"},"thumbnailUrl":"https:\/\/pediluxus.ee\/wp-content\/uploads\/2025\/08\/IMG_7152-930x1024.jpg","datePublished":"2025-08-29T07:47:37+00:00","dateModified":"2026-03-15T11:23:25+00:00","breadcrumb":{"@id":"https:\/\/pediluxus.ee\/koolitused\/#breadcrumb"},"inLanguage":"en-GB","potentialAction":[{"@type":"ReadAction","target":["https:\/\/pediluxus.ee\/koolitused\/"]}]},{"@type":"ImageObject","inLanguage":"en-GB","@id":"https:\/\/pediluxus.ee\/koolitused\/#primaryimage","url":"https:\/\/pediluxus.ee\/wp-content\/uploads\/2025\/08\/IMG_7152-930x1024.jpg","contentUrl":"https:\/\/pediluxus.ee\/wp-content\/uploads\/2025\/08\/IMG_7152-930x1024.jpg"},{"@type":"BreadcrumbList","@id":"https:\/\/pediluxus.ee\/koolitused\/#breadcrumb","itemListElement":[{"@type":"ListItem","position":1,"name":"Home","item":"https:\/\/pediluxus.ee\/"},{"@type":"ListItem","position":2,"name":"Koolitused"}]},{"@type":"WebSite","@id":"https:\/\/pediluxus.ee\/#website","url":"https:\/\/pediluxus.ee\/","name":"Pediluxus Studio - Professional foot care, aesthetic pedicure and healthy feet expert","description":"Professional problem foot care and aesthetic pedicure. We offer solutions to foot problems and luxurious care for healthier, well-groomed feet. A studio where your feet are cared for by experienced professionals. Book an appointment today!","potentialAction":[{"@type":"SearchAction","target":{"@type":"EntryPoint","urlTemplate":"https:\/\/pediluxus.ee\/?s={search_term_string}"},"query-input":{"@type":"PropertyValueSpecification","valueRequired":true,"valueName":"search_term_string"}}],"inLanguage":"en-GB"}]}},"jetpack_sharing_enabled":true,"_links":{"self":[{"href":"https:\/\/pediluxus.ee\/en\/wp-json\/wp\/v2\/pages\/5056","targetHints":{"allow":["GET"]}}],"collection":[{"href":"https:\/\/pediluxus.ee\/en\/wp-json\/wp\/v2\/pages"}],"about":[{"href":"https:\/\/pediluxus.ee\/en\/wp-json\/wp\/v2\/types\/page"}],"author":[{"embeddable":true,"href":"https:\/\/pediluxus.ee\/en\/wp-json\/wp\/v2\/users\/1"}],"replies":[{"embeddable":true,"href":"https:\/\/pediluxus.ee\/en\/wp-json\/wp\/v2\/comments?post=5056"}],"version-history":[{"count":5,"href":"https:\/\/pediluxus.ee\/en\/wp-json\/wp\/v2\/pages\/5056\/revisions"}],"predecessor-version":[{"id":5482,"href":"https:\/\/pediluxus.ee\/en\/wp-json\/wp\/v2\/pages\/5056\/revisions\/5482"}],"wp:attachment":[{"href":"https:\/\/pediluxus.ee\/en\/wp-json\/wp\/v2\/media?parent=5056"}],"curies":[{"name":"wp","href":"https:\/\/api.w.org\/{rel}","templated":true}]}}