{"id":4189,"date":"2025-06-14T21:15:00","date_gmt":"2025-06-14T18:15:00","guid":{"rendered":"https:\/\/pedilux.ee\/?post_type=product&#038;p=4189"},"modified":"2025-06-22T19:03:14","modified_gmt":"2025-06-22T16:03:14","slug":"moon-water-stickers-black-bloom-black-and-white-floral-pattern-cf464","status":"publish","type":"product","link":"https:\/\/pediluxus.ee\/en\/product\/moon-water-stickers-black-bloom-black-and-white-floral-pattern-cf464\/","title":{"rendered":"Candle stickers with silver foil CF464"},"content":{"rendered":"<p class=\"p1\"><span class=\"s1\">Luxurious black and white floral motif and <strong>with silver foil details<\/strong> Design<\/span> in crescent and full nail shapes, adding elegance and fine detail to nail art. Ideal for both gel polish and regular nail polish - suitable for salon and home use. Thin and flexible, the water adhesives adhere beautifully to the nail and do not leave edges swollen.<\/p>\n<h3><b>Features:<\/b><\/h3>\n<ul>\n<li>\n<p class=\"p1\">Thin and flexible <strong>water stickers<\/strong> (water decals)<\/p>\n<\/li>\n<li>\n<p class=\"p1\"><span class=\"s1\">Suitable for both over <\/span>to cover the nail as a decorative embellishment.<\/p>\n<\/li>\n<li>\n<p class=\"p1\"><em><strong>Easy installation:<\/strong><\/em> cut, soak in water, place on nail, cover with top coat. <strong>PS!<\/strong> If you place the sticker on the free edge of the nail, it is important to gently slice off the excess before applying the gel.  It is recommended that you use a top gel with a sticky layer first, followed by a top gel without a sticky layer.<\/p>\n<\/li>\n<\/ul>\n<p>&nbsp;<\/p>","protected":false},"excerpt":{"rendered":"<h3><b>Features:<\/b><\/h3>\n<ul>\n<li>\n<p class=\"p1\">Thin and flexible <strong>water stickers<\/strong> (water decals)<\/p>\n<\/li>\n<li>\n<p class=\"p1\"><span class=\"s1\">Suitable for both over <\/span>to cover the nail as a decorative embellishment.<\/p>\n<\/li>\n<li>\n<p class=\"p1\"><em><strong>Easy installation:<\/strong><\/em> cut, soak in water, place on nail, cover with top coat. <strong>PS!<\/strong> If you are applying the sticker to the free edge of the nail, it is important to gently file off the excess before applying the gel.  It is recommended to use a top gel with a sticky layer first, followed by a non-sticky top gel.<\/p>\n<\/li>\n<\/ul>\n<p>&nbsp;<\/p>","protected":false},"featured_media":4190,"comment_status":"closed","ping_status":"closed","template":"","meta":[],"product_brand":[],"product_cat":[38],"product_tag":[],"class_list":{"0":"post-4189","1":"product","2":"type-product","3":"status-publish","4":"has-post-thumbnail","6":"product_cat-kuunekleebised","8":"first","9":"instock","10":"sale","11":"shipping-taxable","12":"purchasable","13":"product-type-simple"},"yoast_head":"<!-- This site is optimized with the Yoast SEO plugin v27.1.1 - https:\/\/yoast.com\/product\/yoast-seo-wordpress\/ -->\n<title>K\u00fc\u00fcnekleepsud h\u00f5bedase fooliumiga CF464 - Pediluxus Stuudio \u2013 Professionaalne jalahooldus, esteetiline pedik\u00fc\u00fcr ja tervete jalgade ekspert<\/title>\n<meta name=\"description\" content=\"Vesikleepsud k\u00fc\u00fcntele mustvalge lillekujundusega. Sobivad geellaki ja tavalaki peale. Efektne k\u00fc\u00fcnekunst igale manik\u00fc\u00fcrile. CF464.\" \/>\n<meta name=\"robots\" content=\"index, follow, max-snippet:-1, max-image-preview:large, max-video-preview:-1\" \/>\n<link rel=\"canonical\" href=\"https:\/\/pediluxus.ee\/en\/product\/moon-water-stickers-black-bloom-black-and-white-floral-pattern-cf464\/\" \/>\n<meta property=\"og:locale\" content=\"en_GB\" \/>\n<meta property=\"og:type\" content=\"article\" \/>\n<meta property=\"og:title\" content=\"K\u00fc\u00fcnekleepsud h\u00f5bedase fooliumiga CF464 - Pediluxus Stuudio \u2013 Professionaalne jalahooldus, esteetiline pedik\u00fc\u00fcr ja tervete jalgade ekspert\" \/>\n<meta property=\"og:description\" content=\"Vesikleepsud k\u00fc\u00fcntele mustvalge lillekujundusega. Sobivad geellaki ja tavalaki peale. Efektne k\u00fc\u00fcnekunst igale manik\u00fc\u00fcrile. CF464.\" \/>\n<meta property=\"og:url\" content=\"https:\/\/pediluxus.ee\/en\/product\/moon-water-stickers-black-bloom-black-and-white-floral-pattern-cf464\/\" \/>\n<meta property=\"og:site_name\" content=\"Pediluxus Stuudio \u2013 Professionaalne jalahooldus, esteetiline pedik\u00fc\u00fcr ja tervete jalgade ekspert\" \/>\n<meta property=\"article:modified_time\" content=\"2025-06-22T16:03:14+00:00\" \/>\n<meta property=\"og:image\" content=\"https:\/\/pediluxus.ee\/wp-content\/uploads\/2025\/06\/IMG_5952.jpg\" \/>\n\t<meta property=\"og:image:width\" content=\"2004\" \/>\n\t<meta property=\"og:image:height\" content=\"2503\" \/>\n\t<meta property=\"og:image:type\" content=\"image\/jpeg\" \/>\n<meta name=\"twitter:card\" content=\"summary_large_image\" \/>\n<meta name=\"twitter:label1\" content=\"Estimated reading time\" \/>\n\t<meta name=\"twitter:data1\" content=\"1 minute\" \/>\n<script type=\"application\/ld+json\" class=\"yoast-schema-graph\">{\"@context\":\"https:\/\/schema.org\",\"@graph\":[{\"@type\":\"WebPage\",\"@id\":\"https:\/\/pediluxus.ee\/toode\/kuune-vesikleepsud-black-bloom-mustvalge-lillemuster-cf464\/\",\"url\":\"https:\/\/pediluxus.ee\/toode\/kuune-vesikleepsud-black-bloom-mustvalge-lillemuster-cf464\/\",\"name\":\"K\u00fc\u00fcnekleepsud h\u00f5bedase fooliumiga CF464 - Pediluxus Stuudio \u2013 Professionaalne jalahooldus, esteetiline pedik\u00fc\u00fcr ja tervete jalgade ekspert\",\"isPartOf\":{\"@id\":\"https:\/\/pediluxus.ee\/#website\"},\"primaryImageOfPage\":{\"@id\":\"https:\/\/pediluxus.ee\/toode\/kuune-vesikleepsud-black-bloom-mustvalge-lillemuster-cf464\/#primaryimage\"},\"image\":{\"@id\":\"https:\/\/pediluxus.ee\/toode\/kuune-vesikleepsud-black-bloom-mustvalge-lillemuster-cf464\/#primaryimage\"},\"thumbnailUrl\":\"https:\/\/pediluxus.ee\/wp-content\/uploads\/2025\/06\/IMG_5952.jpg\",\"datePublished\":\"2025-06-14T18:15:00+00:00\",\"dateModified\":\"2025-06-22T16:03:14+00:00\",\"description\":\"Vesikleepsud k\u00fc\u00fcntele mustvalge lillekujundusega. Sobivad geellaki ja tavalaki peale. Efektne k\u00fc\u00fcnekunst igale manik\u00fc\u00fcrile. CF464.\",\"breadcrumb\":{\"@id\":\"https:\/\/pediluxus.ee\/toode\/kuune-vesikleepsud-black-bloom-mustvalge-lillemuster-cf464\/#breadcrumb\"},\"inLanguage\":\"en-GB\",\"potentialAction\":[{\"@type\":\"ReadAction\",\"target\":[\"https:\/\/pediluxus.ee\/toode\/kuune-vesikleepsud-black-bloom-mustvalge-lillemuster-cf464\/\"]}]},{\"@type\":\"ImageObject\",\"inLanguage\":\"en-GB\",\"@id\":\"https:\/\/pediluxus.ee\/toode\/kuune-vesikleepsud-black-bloom-mustvalge-lillemuster-cf464\/#primaryimage\",\"url\":\"https:\/\/pediluxus.ee\/wp-content\/uploads\/2025\/06\/IMG_5952.jpg\",\"contentUrl\":\"https:\/\/pediluxus.ee\/wp-content\/uploads\/2025\/06\/IMG_5952.jpg\",\"width\":2004,\"height\":2503},{\"@type\":\"BreadcrumbList\",\"@id\":\"https:\/\/pediluxus.ee\/toode\/kuune-vesikleepsud-black-bloom-mustvalge-lillemuster-cf464\/#breadcrumb\",\"itemListElement\":[{\"@type\":\"ListItem\",\"position\":1,\"name\":\"Home\",\"item\":\"https:\/\/pediluxus.ee\/\"},{\"@type\":\"ListItem\",\"position\":2,\"name\":\"E-pood\",\"item\":\"https:\/\/pediluxus.ee\/e-pood\/\"},{\"@type\":\"ListItem\",\"position\":3,\"name\":\"K\u00fc\u00fcnekleepsud h\u00f5bedase fooliumiga CF464\"}]},{\"@type\":\"WebSite\",\"@id\":\"https:\/\/pediluxus.ee\/#website\",\"url\":\"https:\/\/pediluxus.ee\/\",\"name\":\"Pediluxus Stuudio \u2013 Professionaalne jalahooldus, esteetiline pedik\u00fc\u00fcr ja tervete jalgade ekspert\",\"description\":\"Professionaalne probleemse jalahooldus ja esteetiline pedik\u00fc\u00fcr. Pakkume lahendusi jalamuredele ning luksuslikku hoolitsust, mis tagab tervemad ja hoolitsetud jalad. Stuudio, kus teie jalgade eest hoolitsevad kogenud spetsialistid. Broneeri aeg juba t\u00e4na!\",\"potentialAction\":[{\"@type\":\"SearchAction\",\"target\":{\"@type\":\"EntryPoint\",\"urlTemplate\":\"https:\/\/pediluxus.ee\/?s={search_term_string}\"},\"query-input\":{\"@type\":\"PropertyValueSpecification\",\"valueRequired\":true,\"valueName\":\"search_term_string\"}}],\"inLanguage\":\"en-GB\"}]}<\/script>\n<!-- \/ Yoast SEO plugin. -->","yoast_head_json":{"title":"Nail clips with silver foil CF464 - Pediluxus Studio - Professional pedicure, aesthetic pedicure and healthy feet expert","description":"Water stickers for nails with black and white floral design. Suitable for gel polish and regular polish. Effective nail art for any manicure. CF464.","robots":{"index":"index","follow":"follow","max-snippet":"max-snippet:-1","max-image-preview":"max-image-preview:large","max-video-preview":"max-video-preview:-1"},"canonical":"https:\/\/pediluxus.ee\/en\/product\/moon-water-stickers-black-bloom-black-and-white-floral-pattern-cf464\/","og_locale":"en_GB","og_type":"article","og_title":"K\u00fc\u00fcnekleepsud h\u00f5bedase fooliumiga CF464 - Pediluxus Stuudio \u2013 Professionaalne jalahooldus, esteetiline pedik\u00fc\u00fcr ja tervete jalgade ekspert","og_description":"Vesikleepsud k\u00fc\u00fcntele mustvalge lillekujundusega. Sobivad geellaki ja tavalaki peale. Efektne k\u00fc\u00fcnekunst igale manik\u00fc\u00fcrile. CF464.","og_url":"https:\/\/pediluxus.ee\/en\/product\/moon-water-stickers-black-bloom-black-and-white-floral-pattern-cf464\/","og_site_name":"Pediluxus Stuudio \u2013 Professionaalne jalahooldus, esteetiline pedik\u00fc\u00fcr ja tervete jalgade ekspert","article_modified_time":"2025-06-22T16:03:14+00:00","og_image":[{"width":2004,"height":2503,"url":"https:\/\/pediluxus.ee\/wp-content\/uploads\/2025\/06\/IMG_5952.jpg","type":"image\/jpeg"}],"twitter_card":"summary_large_image","twitter_misc":{"Estimated reading time":"1 minute"},"schema":{"@context":"https:\/\/schema.org","@graph":[{"@type":"WebPage","@id":"https:\/\/pediluxus.ee\/toode\/kuune-vesikleepsud-black-bloom-mustvalge-lillemuster-cf464\/","url":"https:\/\/pediluxus.ee\/toode\/kuune-vesikleepsud-black-bloom-mustvalge-lillemuster-cf464\/","name":"Nail clips with silver foil CF464 - Pediluxus Studio - Professional pedicure, aesthetic pedicure and healthy feet expert","isPartOf":{"@id":"https:\/\/pediluxus.ee\/#website"},"primaryImageOfPage":{"@id":"https:\/\/pediluxus.ee\/toode\/kuune-vesikleepsud-black-bloom-mustvalge-lillemuster-cf464\/#primaryimage"},"image":{"@id":"https:\/\/pediluxus.ee\/toode\/kuune-vesikleepsud-black-bloom-mustvalge-lillemuster-cf464\/#primaryimage"},"thumbnailUrl":"https:\/\/pediluxus.ee\/wp-content\/uploads\/2025\/06\/IMG_5952.jpg","datePublished":"2025-06-14T18:15:00+00:00","dateModified":"2025-06-22T16:03:14+00:00","description":"Water stickers for nails with black and white floral design. Suitable for gel polish and regular polish. Effective nail art for any manicure. CF464.","breadcrumb":{"@id":"https:\/\/pediluxus.ee\/toode\/kuune-vesikleepsud-black-bloom-mustvalge-lillemuster-cf464\/#breadcrumb"},"inLanguage":"en-GB","potentialAction":[{"@type":"ReadAction","target":["https:\/\/pediluxus.ee\/toode\/kuune-vesikleepsud-black-bloom-mustvalge-lillemuster-cf464\/"]}]},{"@type":"ImageObject","inLanguage":"en-GB","@id":"https:\/\/pediluxus.ee\/toode\/kuune-vesikleepsud-black-bloom-mustvalge-lillemuster-cf464\/#primaryimage","url":"https:\/\/pediluxus.ee\/wp-content\/uploads\/2025\/06\/IMG_5952.jpg","contentUrl":"https:\/\/pediluxus.ee\/wp-content\/uploads\/2025\/06\/IMG_5952.jpg","width":2004,"height":2503},{"@type":"BreadcrumbList","@id":"https:\/\/pediluxus.ee\/toode\/kuune-vesikleepsud-black-bloom-mustvalge-lillemuster-cf464\/#breadcrumb","itemListElement":[{"@type":"ListItem","position":1,"name":"Home","item":"https:\/\/pediluxus.ee\/"},{"@type":"ListItem","position":2,"name":"E-pood","item":"https:\/\/pediluxus.ee\/e-pood\/"},{"@type":"ListItem","position":3,"name":"K\u00fc\u00fcnekleepsud h\u00f5bedase fooliumiga CF464"}]},{"@type":"WebSite","@id":"https:\/\/pediluxus.ee\/#website","url":"https:\/\/pediluxus.ee\/","name":"Pediluxus Studio - Professional foot care, aesthetic pedicure and healthy feet expert","description":"Professional problem foot care and aesthetic pedicure. We offer solutions to foot problems and luxurious care for healthier, well-groomed feet. A studio where your feet are cared for by experienced professionals. Book an appointment today!","potentialAction":[{"@type":"SearchAction","target":{"@type":"EntryPoint","urlTemplate":"https:\/\/pediluxus.ee\/?s={search_term_string}"},"query-input":{"@type":"PropertyValueSpecification","valueRequired":true,"valueName":"search_term_string"}}],"inLanguage":"en-GB"}]}},"jetpack_sharing_enabled":true,"_links":{"self":[{"href":"https:\/\/pediluxus.ee\/en\/wp-json\/wp\/v2\/product\/4189","targetHints":{"allow":["GET"]}}],"collection":[{"href":"https:\/\/pediluxus.ee\/en\/wp-json\/wp\/v2\/product"}],"about":[{"href":"https:\/\/pediluxus.ee\/en\/wp-json\/wp\/v2\/types\/product"}],"replies":[{"embeddable":true,"href":"https:\/\/pediluxus.ee\/en\/wp-json\/wp\/v2\/comments?post=4189"}],"wp:featuredmedia":[{"embeddable":true,"href":"https:\/\/pediluxus.ee\/en\/wp-json\/wp\/v2\/media\/4190"}],"wp:attachment":[{"href":"https:\/\/pediluxus.ee\/en\/wp-json\/wp\/v2\/media?parent=4189"}],"wp:term":[{"taxonomy":"product_brand","embeddable":true,"href":"https:\/\/pediluxus.ee\/en\/wp-json\/wp\/v2\/product_brand?post=4189"},{"taxonomy":"product_cat","embeddable":true,"href":"https:\/\/pediluxus.ee\/en\/wp-json\/wp\/v2\/product_cat?post=4189"},{"taxonomy":"product_tag","embeddable":true,"href":"https:\/\/pediluxus.ee\/en\/wp-json\/wp\/v2\/product_tag?post=4189"}],"curies":[{"name":"wp","href":"https:\/\/api.w.org\/{rel}","templated":true}]}}