{"id":4919,"date":"2025-07-19T09:29:55","date_gmt":"2025-07-19T06:29:55","guid":{"rendered":"https:\/\/pediluxus.ee\/?post_type=product&#038;p=4919"},"modified":"2026-01-17T19:43:22","modified_gmt":"2026-01-17T17:43:22","slug":"moongloves-cf418","status":"publish","type":"product","link":"https:\/\/pediluxus.ee\/en\/product\/moongloves-cf418\/","title":{"rendered":"Glue sticks CF418"},"content":{"rendered":"","protected":false},"excerpt":{"rendered":"<h3><b>Features:<\/b><\/h3>\n<ul>\n<li>\n<p class=\"p1\">Thin and flexible <strong>water stickers<\/strong> (water decals)<\/p>\n<\/li>\n<li>\n<p class=\"p1\"><span class=\"s1\">Suitable for both over <\/span>to cover the nail as a decorative embellishment.<\/p>\n<\/li>\n<li>\n<p class=\"p1\"><em><strong>Easy installation:<\/strong><\/em> cut, soak in water, place on nail, cover with top coat. <strong>PS!<\/strong> If you are applying the sticker to the free edge of the nail, it is important to gently file off the excess before applying the gel.  It is recommended to use a top gel with a sticky layer first, followed by a non-sticky top gel.<\/p>\n<\/li>\n<\/ul>","protected":false},"featured_media":4908,"comment_status":"closed","ping_status":"closed","template":"","meta":[],"product_brand":[],"product_cat":[38],"product_tag":[],"class_list":{"0":"post-4919","1":"product","2":"type-product","3":"status-publish","4":"has-post-thumbnail","6":"product_cat-kuunekleebised","8":"first","9":"instock","10":"shipping-taxable","11":"purchasable","12":"product-type-simple"},"yoast_head":"<!-- This site is optimized with the Yoast SEO plugin v27.1.1 - https:\/\/yoast.com\/product\/yoast-seo-wordpress\/ -->\n<title>K\u00fc\u00fcnekleepsud CF418 - Pediluxus Stuudio \u2013 Professionaalne jalahooldus, esteetiline pedik\u00fc\u00fcr ja tervete jalgade ekspert<\/title>\n<meta name=\"robots\" content=\"index, follow, max-snippet:-1, max-image-preview:large, max-video-preview:-1\" \/>\n<link rel=\"canonical\" href=\"https:\/\/pediluxus.ee\/en\/product\/moongloves-cf418\/\" \/>\n<meta property=\"og:locale\" content=\"en_GB\" \/>\n<meta property=\"og:type\" content=\"article\" \/>\n<meta property=\"og:title\" content=\"K\u00fc\u00fcnekleepsud CF418 - Pediluxus Stuudio \u2013 Professionaalne jalahooldus, esteetiline pedik\u00fc\u00fcr ja tervete jalgade ekspert\" \/>\n<meta property=\"og:description\" content=\"Omadused:    \u00d5hukesed ja painduvad vesikleepsud (water decals)    Sobivad nii \u00fcle k\u00fc\u00fcne katmiseks, kui dekoratiivseks kaunistuseks    Lihtne paigaldus: l\u00f5ika, leota vees, aseta k\u00fc\u00fcnele, kata pealislakiga. PS! Kui asetad kleepsu k\u00fc\u00fcne vabaserva, siis on oluline enne geeli panemist \u00fcleliigne \u00f5rnalt maha viilida. \u00a0Soovitavalt kasuta esimesena kleepuva kihiga topgeeli ja seej\u00e4rel kleepuva kihita topgeeli.\" \/>\n<meta property=\"og:url\" content=\"https:\/\/pediluxus.ee\/en\/product\/moongloves-cf418\/\" \/>\n<meta property=\"og:site_name\" content=\"Pediluxus Stuudio \u2013 Professionaalne jalahooldus, esteetiline pedik\u00fc\u00fcr ja tervete jalgade ekspert\" \/>\n<meta property=\"article:modified_time\" content=\"2026-01-17T17:43:22+00:00\" \/>\n<meta property=\"og:image\" content=\"https:\/\/pediluxus.ee\/wp-content\/uploads\/2025\/07\/CF_418@1-scaled.jpg\" \/>\n\t<meta property=\"og:image:width\" content=\"1920\" \/>\n\t<meta property=\"og:image:height\" content=\"2560\" \/>\n\t<meta property=\"og:image:type\" content=\"image\/jpeg\" \/>\n<meta name=\"twitter:card\" content=\"summary_large_image\" \/>\n<meta name=\"twitter:label1\" content=\"Estimated reading time\" \/>\n\t<meta name=\"twitter:data1\" content=\"1 minute\" \/>\n<script type=\"application\/ld+json\" class=\"yoast-schema-graph\">{\"@context\":\"https:\/\/schema.org\",\"@graph\":[{\"@type\":\"WebPage\",\"@id\":\"https:\/\/pediluxus.ee\/toode\/kuunekleepsud-cf418\/\",\"url\":\"https:\/\/pediluxus.ee\/toode\/kuunekleepsud-cf418\/\",\"name\":\"K\u00fc\u00fcnekleepsud CF418 - Pediluxus Stuudio \u2013 Professionaalne jalahooldus, esteetiline pedik\u00fc\u00fcr ja tervete jalgade ekspert\",\"isPartOf\":{\"@id\":\"https:\/\/pediluxus.ee\/#website\"},\"primaryImageOfPage\":{\"@id\":\"https:\/\/pediluxus.ee\/toode\/kuunekleepsud-cf418\/#primaryimage\"},\"image\":{\"@id\":\"https:\/\/pediluxus.ee\/toode\/kuunekleepsud-cf418\/#primaryimage\"},\"thumbnailUrl\":\"https:\/\/pediluxus.ee\/wp-content\/uploads\/2025\/07\/CF_418@1-scaled.jpg\",\"datePublished\":\"2025-07-19T06:29:55+00:00\",\"dateModified\":\"2026-01-17T17:43:22+00:00\",\"breadcrumb\":{\"@id\":\"https:\/\/pediluxus.ee\/toode\/kuunekleepsud-cf418\/#breadcrumb\"},\"inLanguage\":\"en-GB\",\"potentialAction\":[{\"@type\":\"ReadAction\",\"target\":[\"https:\/\/pediluxus.ee\/toode\/kuunekleepsud-cf418\/\"]}]},{\"@type\":\"ImageObject\",\"inLanguage\":\"en-GB\",\"@id\":\"https:\/\/pediluxus.ee\/toode\/kuunekleepsud-cf418\/#primaryimage\",\"url\":\"https:\/\/pediluxus.ee\/wp-content\/uploads\/2025\/07\/CF_418@1-scaled.jpg\",\"contentUrl\":\"https:\/\/pediluxus.ee\/wp-content\/uploads\/2025\/07\/CF_418@1-scaled.jpg\",\"width\":1920,\"height\":2560},{\"@type\":\"BreadcrumbList\",\"@id\":\"https:\/\/pediluxus.ee\/toode\/kuunekleepsud-cf418\/#breadcrumb\",\"itemListElement\":[{\"@type\":\"ListItem\",\"position\":1,\"name\":\"Home\",\"item\":\"https:\/\/pediluxus.ee\/\"},{\"@type\":\"ListItem\",\"position\":2,\"name\":\"E-pood\",\"item\":\"https:\/\/pediluxus.ee\/e-pood\/\"},{\"@type\":\"ListItem\",\"position\":3,\"name\":\"K\u00fc\u00fcnekleepsud CF418\"}]},{\"@type\":\"WebSite\",\"@id\":\"https:\/\/pediluxus.ee\/#website\",\"url\":\"https:\/\/pediluxus.ee\/\",\"name\":\"Pediluxus Stuudio \u2013 Professionaalne jalahooldus, esteetiline pedik\u00fc\u00fcr ja tervete jalgade ekspert\",\"description\":\"Professionaalne probleemse jalahooldus ja esteetiline pedik\u00fc\u00fcr. Pakkume lahendusi jalamuredele ning luksuslikku hoolitsust, mis tagab tervemad ja hoolitsetud jalad. Stuudio, kus teie jalgade eest hoolitsevad kogenud spetsialistid. Broneeri aeg juba t\u00e4na!\",\"potentialAction\":[{\"@type\":\"SearchAction\",\"target\":{\"@type\":\"EntryPoint\",\"urlTemplate\":\"https:\/\/pediluxus.ee\/?s={search_term_string}\"},\"query-input\":{\"@type\":\"PropertyValueSpecification\",\"valueRequired\":true,\"valueName\":\"search_term_string\"}}],\"inLanguage\":\"en-GB\"}]}<\/script>\n<!-- \/ Yoast SEO plugin. -->","yoast_head_json":{"title":"Nail Glue CF418 - Pediluxus Studio - Professional pedicure, aesthetic pedicure and healthy feet expert","robots":{"index":"index","follow":"follow","max-snippet":"max-snippet:-1","max-image-preview":"max-image-preview:large","max-video-preview":"max-video-preview:-1"},"canonical":"https:\/\/pediluxus.ee\/en\/product\/moongloves-cf418\/","og_locale":"en_GB","og_type":"article","og_title":"K\u00fc\u00fcnekleepsud CF418 - Pediluxus Stuudio \u2013 Professionaalne jalahooldus, esteetiline pedik\u00fc\u00fcr ja tervete jalgade ekspert","og_description":"Omadused:    \u00d5hukesed ja painduvad vesikleepsud (water decals)    Sobivad nii \u00fcle k\u00fc\u00fcne katmiseks, kui dekoratiivseks kaunistuseks    Lihtne paigaldus: l\u00f5ika, leota vees, aseta k\u00fc\u00fcnele, kata pealislakiga. PS! Kui asetad kleepsu k\u00fc\u00fcne vabaserva, siis on oluline enne geeli panemist \u00fcleliigne \u00f5rnalt maha viilida. \u00a0Soovitavalt kasuta esimesena kleepuva kihiga topgeeli ja seej\u00e4rel kleepuva kihita topgeeli.","og_url":"https:\/\/pediluxus.ee\/en\/product\/moongloves-cf418\/","og_site_name":"Pediluxus Stuudio \u2013 Professionaalne jalahooldus, esteetiline pedik\u00fc\u00fcr ja tervete jalgade ekspert","article_modified_time":"2026-01-17T17:43:22+00:00","og_image":[{"width":1920,"height":2560,"url":"https:\/\/pediluxus.ee\/wp-content\/uploads\/2025\/07\/CF_418@1-scaled.jpg","type":"image\/jpeg"}],"twitter_card":"summary_large_image","twitter_misc":{"Estimated reading time":"1 minute"},"schema":{"@context":"https:\/\/schema.org","@graph":[{"@type":"WebPage","@id":"https:\/\/pediluxus.ee\/toode\/kuunekleepsud-cf418\/","url":"https:\/\/pediluxus.ee\/toode\/kuunekleepsud-cf418\/","name":"Nail Glue CF418 - Pediluxus Studio - Professional pedicure, aesthetic pedicure and healthy feet expert","isPartOf":{"@id":"https:\/\/pediluxus.ee\/#website"},"primaryImageOfPage":{"@id":"https:\/\/pediluxus.ee\/toode\/kuunekleepsud-cf418\/#primaryimage"},"image":{"@id":"https:\/\/pediluxus.ee\/toode\/kuunekleepsud-cf418\/#primaryimage"},"thumbnailUrl":"https:\/\/pediluxus.ee\/wp-content\/uploads\/2025\/07\/CF_418@1-scaled.jpg","datePublished":"2025-07-19T06:29:55+00:00","dateModified":"2026-01-17T17:43:22+00:00","breadcrumb":{"@id":"https:\/\/pediluxus.ee\/toode\/kuunekleepsud-cf418\/#breadcrumb"},"inLanguage":"en-GB","potentialAction":[{"@type":"ReadAction","target":["https:\/\/pediluxus.ee\/toode\/kuunekleepsud-cf418\/"]}]},{"@type":"ImageObject","inLanguage":"en-GB","@id":"https:\/\/pediluxus.ee\/toode\/kuunekleepsud-cf418\/#primaryimage","url":"https:\/\/pediluxus.ee\/wp-content\/uploads\/2025\/07\/CF_418@1-scaled.jpg","contentUrl":"https:\/\/pediluxus.ee\/wp-content\/uploads\/2025\/07\/CF_418@1-scaled.jpg","width":1920,"height":2560},{"@type":"BreadcrumbList","@id":"https:\/\/pediluxus.ee\/toode\/kuunekleepsud-cf418\/#breadcrumb","itemListElement":[{"@type":"ListItem","position":1,"name":"Home","item":"https:\/\/pediluxus.ee\/"},{"@type":"ListItem","position":2,"name":"E-pood","item":"https:\/\/pediluxus.ee\/e-pood\/"},{"@type":"ListItem","position":3,"name":"K\u00fc\u00fcnekleepsud CF418"}]},{"@type":"WebSite","@id":"https:\/\/pediluxus.ee\/#website","url":"https:\/\/pediluxus.ee\/","name":"Pediluxus Studio - Professional foot care, aesthetic pedicure and healthy feet expert","description":"Professional problem foot care and aesthetic pedicure. We offer solutions to foot problems and luxurious care for healthier, well-groomed feet. A studio where your feet are cared for by experienced professionals. Book an appointment today!","potentialAction":[{"@type":"SearchAction","target":{"@type":"EntryPoint","urlTemplate":"https:\/\/pediluxus.ee\/?s={search_term_string}"},"query-input":{"@type":"PropertyValueSpecification","valueRequired":true,"valueName":"search_term_string"}}],"inLanguage":"en-GB"}]}},"jetpack_sharing_enabled":true,"_links":{"self":[{"href":"https:\/\/pediluxus.ee\/en\/wp-json\/wp\/v2\/product\/4919","targetHints":{"allow":["GET"]}}],"collection":[{"href":"https:\/\/pediluxus.ee\/en\/wp-json\/wp\/v2\/product"}],"about":[{"href":"https:\/\/pediluxus.ee\/en\/wp-json\/wp\/v2\/types\/product"}],"replies":[{"embeddable":true,"href":"https:\/\/pediluxus.ee\/en\/wp-json\/wp\/v2\/comments?post=4919"}],"wp:featuredmedia":[{"embeddable":true,"href":"https:\/\/pediluxus.ee\/en\/wp-json\/wp\/v2\/media\/4908"}],"wp:attachment":[{"href":"https:\/\/pediluxus.ee\/en\/wp-json\/wp\/v2\/media?parent=4919"}],"wp:term":[{"taxonomy":"product_brand","embeddable":true,"href":"https:\/\/pediluxus.ee\/en\/wp-json\/wp\/v2\/product_brand?post=4919"},{"taxonomy":"product_cat","embeddable":true,"href":"https:\/\/pediluxus.ee\/en\/wp-json\/wp\/v2\/product_cat?post=4919"},{"taxonomy":"product_tag","embeddable":true,"href":"https:\/\/pediluxus.ee\/en\/wp-json\/wp\/v2\/product_tag?post=4919"}],"curies":[{"name":"wp","href":"https:\/\/api.w.org\/{rel}","templated":true}]}}