{"id":4964,"date":"2025-07-19T13:26:49","date_gmt":"2025-07-19T10:26:49","guid":{"rendered":"https:\/\/pediluxus.ee\/?post_type=product&#038;p=4964"},"modified":"2026-04-11T08:45:08","modified_gmt":"2026-04-11T05:45:08","slug":"pedicure-sponge-stickers-mwf002","status":"publish","type":"product","link":"https:\/\/pediluxus.ee\/en\/product\/pedicure-sponge-stickers-mwf002\/","title":{"rendered":"Pedicure stickers MWF002"},"content":{"rendered":"","protected":false},"excerpt":{"rendered":"<h3><b>Features:<\/b><\/h3>\n<ul>\n<li>\n<p class=\"p1\"><span class=\"s1\"><b>Plain stickers<\/b><\/span> - sticky back surface, no soaking in water required<\/p>\n<\/li>\n<li>\n<p class=\"p1\"><b>Designed specifically for pedicures<\/b><\/p>\n<\/li>\n<li>\n<p class=\"p1\"><span class=\"s1\"><b>Flexible and easy to cut<\/b><\/span>, also suitable for smaller nail plates<\/p>\n<\/li>\n<li>\n<p class=\"p1\"><span class=\"s1\"><b>A lasting result<\/b><\/span> professional installation<\/p>\n<\/li>\n<li>\n<p class=\"p1\"><span class=\"s1\">Can be used <\/span><b>for full or detailed design<\/b><\/p>\n<\/li>\n<\/ul>\n<h3><b>Installation recommendation:<\/b><\/h3>\n<ol start=\"1\">\n<li>\n<p class=\"p1\">Apply to nail <strong>last visited<\/strong> (I use <strong>ORLY BONDER<\/strong>, colour orange)<strong>,<\/strong> leave to dry for 5 min<\/p>\n<\/li>\n<li>Measure the width of the nail plate, then the width of the sticker.<\/li>\n<li>\n<p class=\"p1\">Place the sticker in the desired position (if necessary, cut the sticker to fit the nail plate beforehand).<\/p>\n<\/li>\n<li>\n<p class=\"p1\">Using a wooden stick, first press the sticker in the middle and then the sides. It is not a good idea to stretch the glue, it may start to curl. Excessive adhesive on the sides will need to be trimmed, leave 1-2mm more rather than less as the curvature of the nail plate will take up some of the surface.<\/p>\n<\/li>\n<li>\n<p class=\"p1\"><span class=\"s1\">Attach <\/span><b>with a non-sticky topcoat or put on Orly topcoat. No varnish is needed for a matt finish. However, if you wish to do so, please note that matt varnishes containing solvents and acids may damage the ink.<\/b><\/p>\n<\/li>\n<li>\n<p class=\"p1\">If the sticker extends to the free edge of the nail, <span class=\"s1\"><b>file down in the direction of the superfluous sticker<\/b><\/span> carefully before adding the topical gel<\/p>\n<\/li>\n<\/ol>\n<p>&nbsp;<\/p>","protected":false},"featured_media":4958,"comment_status":"closed","ping_status":"closed","template":"","meta":[],"product_brand":[],"product_cat":[15],"product_tag":[],"class_list":{"0":"post-4964","1":"product","2":"type-product","3":"status-publish","4":"has-post-thumbnail","6":"product_cat-pedikuuri-tavakleepsud","8":"first","9":"instock","10":"shipping-taxable","11":"purchasable","12":"product-type-simple"},"yoast_head":"<!-- This site is optimized with the Yoast SEO plugin v27.1.1 - https:\/\/yoast.com\/product\/yoast-seo-wordpress\/ -->\n<title>Pedik\u00fc\u00fcri tavakleepsud MWF002 - Pediluxus Stuudio \u2013 Professionaalne jalahooldus, esteetiline pedik\u00fc\u00fcr ja tervete jalgade ekspert<\/title>\n<meta name=\"robots\" content=\"index, follow, max-snippet:-1, max-image-preview:large, max-video-preview:-1\" \/>\n<link rel=\"canonical\" href=\"https:\/\/pediluxus.ee\/en\/product\/pedicure-sponge-stickers-mwf002\/\" \/>\n<meta property=\"og:locale\" content=\"en_GB\" \/>\n<meta property=\"og:type\" content=\"article\" \/>\n<meta property=\"og:title\" content=\"Pedik\u00fc\u00fcri tavakleepsud MWF002 - Pediluxus Stuudio \u2013 Professionaalne jalahooldus, esteetiline pedik\u00fc\u00fcr ja tervete jalgade ekspert\" \/>\n<meta property=\"og:description\" content=\"Omadused:    Tavakleepsud \u2013 kleepuva tagumise pinnaga, ei vaja vees leotamist    M\u00f5eldud spetsiaalselt pedik\u00fc\u00fcri jaoks    Painduv ja mugavalt l\u00f5igatav, sobib ka v\u00e4iksematele k\u00fc\u00fcneplaatidele    P\u00fcsiv tulemus professionaalse paigalduse korral    V\u00f5ib kasutada t\u00e4iskatmiseks v\u00f5i detailseks disainiks   Paigaldussoovitus:    Kanna k\u00fc\u00fcnele tavalakk (mina kasutan ORLY BONDER, oranzi v\u00e4rvi), lase kuivada 5 min   M\u00f5\u00f5da k\u00fc\u00fcneplaadi laius, seej\u00e4rel kleepsu laius   Aseta kleeps soovitud kohale(vajadusel l\u00f5ika eelnevalt kleepsu k\u00fc\u00fcneplaadiga klappima    Puupulgaga vajuta esmalt keskelt kleeps kinni ja alles seej\u00e4rel k\u00fcljed. Kleepsu venitada ei tasu, v\u00f5ib hakata lokkama. \u00dcleliigne kleeps k\u00fclgedelt vajab l\u00f5ikamist, j\u00e4ta pigem 1-2mm rohkem, kui v\u00e4hem, sest k\u00fc\u00fcneplaadi kumerus v\u00f5tab osa pinda \u00e4ra.    Kinnita kleepuva kihita topgeeliga v\u00f5i pane Orly pealislakk. Matt tulemuse jaoks ei ole vaja lakki peale kanda. Kui siiski soovid, siis palun pane t\u00e4hele, et lahusteid ja happeid sisaldavad matt lakid v\u00f5ivad tr\u00fckiv\u00e4rvile liiga teha.    Kui kleeps ulatub k\u00fc\u00fcne vabaserva, viili alla suunas \u00fcleliigne kleeps ettevaatlikult maha enne pealisgeeli lisamist   &nbsp;\" \/>\n<meta property=\"og:url\" content=\"https:\/\/pediluxus.ee\/en\/product\/pedicure-sponge-stickers-mwf002\/\" \/>\n<meta property=\"og:site_name\" content=\"Pediluxus Stuudio \u2013 Professionaalne jalahooldus, esteetiline pedik\u00fc\u00fcr ja tervete jalgade ekspert\" \/>\n<meta property=\"article:modified_time\" content=\"2026-04-11T05:45:08+00:00\" \/>\n<meta property=\"og:image\" content=\"https:\/\/pediluxus.ee\/wp-content\/uploads\/2025\/07\/IMG_0069.jpg\" \/>\n\t<meta property=\"og:image:width\" content=\"1350\" \/>\n\t<meta property=\"og:image:height\" content=\"1800\" \/>\n\t<meta property=\"og:image:type\" content=\"image\/jpeg\" \/>\n<meta name=\"twitter:card\" content=\"summary_large_image\" \/>\n<meta name=\"twitter:label1\" content=\"Estimated reading time\" \/>\n\t<meta name=\"twitter:data1\" content=\"1 minute\" \/>\n<script type=\"application\/ld+json\" class=\"yoast-schema-graph\">{\"@context\":\"https:\/\/schema.org\",\"@graph\":[{\"@type\":\"WebPage\",\"@id\":\"https:\/\/pediluxus.ee\/toode\/pedikuuri-tavakleepsud-mwf002\/\",\"url\":\"https:\/\/pediluxus.ee\/toode\/pedikuuri-tavakleepsud-mwf002\/\",\"name\":\"Pedik\u00fc\u00fcri tavakleepsud MWF002 - Pediluxus Stuudio \u2013 Professionaalne jalahooldus, esteetiline pedik\u00fc\u00fcr ja tervete jalgade ekspert\",\"isPartOf\":{\"@id\":\"https:\/\/pediluxus.ee\/#website\"},\"primaryImageOfPage\":{\"@id\":\"https:\/\/pediluxus.ee\/toode\/pedikuuri-tavakleepsud-mwf002\/#primaryimage\"},\"image\":{\"@id\":\"https:\/\/pediluxus.ee\/toode\/pedikuuri-tavakleepsud-mwf002\/#primaryimage\"},\"thumbnailUrl\":\"https:\/\/pediluxus.ee\/wp-content\/uploads\/2025\/07\/IMG_0069.jpg\",\"datePublished\":\"2025-07-19T10:26:49+00:00\",\"dateModified\":\"2026-04-11T05:45:08+00:00\",\"breadcrumb\":{\"@id\":\"https:\/\/pediluxus.ee\/toode\/pedikuuri-tavakleepsud-mwf002\/#breadcrumb\"},\"inLanguage\":\"en-GB\",\"potentialAction\":[{\"@type\":\"ReadAction\",\"target\":[\"https:\/\/pediluxus.ee\/toode\/pedikuuri-tavakleepsud-mwf002\/\"]}]},{\"@type\":\"ImageObject\",\"inLanguage\":\"en-GB\",\"@id\":\"https:\/\/pediluxus.ee\/toode\/pedikuuri-tavakleepsud-mwf002\/#primaryimage\",\"url\":\"https:\/\/pediluxus.ee\/wp-content\/uploads\/2025\/07\/IMG_0069.jpg\",\"contentUrl\":\"https:\/\/pediluxus.ee\/wp-content\/uploads\/2025\/07\/IMG_0069.jpg\",\"width\":1350,\"height\":1800},{\"@type\":\"BreadcrumbList\",\"@id\":\"https:\/\/pediluxus.ee\/toode\/pedikuuri-tavakleepsud-mwf002\/#breadcrumb\",\"itemListElement\":[{\"@type\":\"ListItem\",\"position\":1,\"name\":\"Home\",\"item\":\"https:\/\/pediluxus.ee\/\"},{\"@type\":\"ListItem\",\"position\":2,\"name\":\"E-pood\",\"item\":\"https:\/\/pediluxus.ee\/e-pood\/\"},{\"@type\":\"ListItem\",\"position\":3,\"name\":\"Pedik\u00fc\u00fcri tavakleepsud MWF002\"}]},{\"@type\":\"WebSite\",\"@id\":\"https:\/\/pediluxus.ee\/#website\",\"url\":\"https:\/\/pediluxus.ee\/\",\"name\":\"Pediluxus Stuudio \u2013 Professionaalne jalahooldus, esteetiline pedik\u00fc\u00fcr ja tervete jalgade ekspert\",\"description\":\"Professionaalne probleemse jalahooldus ja esteetiline pedik\u00fc\u00fcr. Pakkume lahendusi jalamuredele ning luksuslikku hoolitsust, mis tagab tervemad ja hoolitsetud jalad. Stuudio, kus teie jalgade eest hoolitsevad kogenud spetsialistid. Broneeri aeg juba t\u00e4na!\",\"potentialAction\":[{\"@type\":\"SearchAction\",\"target\":{\"@type\":\"EntryPoint\",\"urlTemplate\":\"https:\/\/pediluxus.ee\/?s={search_term_string}\"},\"query-input\":{\"@type\":\"PropertyValueSpecification\",\"valueRequired\":true,\"valueName\":\"search_term_string\"}}],\"inLanguage\":\"en-GB\"}]}<\/script>\n<!-- \/ Yoast SEO plugin. -->","yoast_head_json":{"title":"Pedicure adhesive pads MWF002 - Pediluxus Studio - Professional pedicure, aesthetic pedicure and healthy feet expert","robots":{"index":"index","follow":"follow","max-snippet":"max-snippet:-1","max-image-preview":"max-image-preview:large","max-video-preview":"max-video-preview:-1"},"canonical":"https:\/\/pediluxus.ee\/en\/product\/pedicure-sponge-stickers-mwf002\/","og_locale":"en_GB","og_type":"article","og_title":"Pedik\u00fc\u00fcri tavakleepsud MWF002 - Pediluxus Stuudio \u2013 Professionaalne jalahooldus, esteetiline pedik\u00fc\u00fcr ja tervete jalgade ekspert","og_description":"Omadused:    Tavakleepsud \u2013 kleepuva tagumise pinnaga, ei vaja vees leotamist    M\u00f5eldud spetsiaalselt pedik\u00fc\u00fcri jaoks    Painduv ja mugavalt l\u00f5igatav, sobib ka v\u00e4iksematele k\u00fc\u00fcneplaatidele    P\u00fcsiv tulemus professionaalse paigalduse korral    V\u00f5ib kasutada t\u00e4iskatmiseks v\u00f5i detailseks disainiks   Paigaldussoovitus:    Kanna k\u00fc\u00fcnele tavalakk (mina kasutan ORLY BONDER, oranzi v\u00e4rvi), lase kuivada 5 min   M\u00f5\u00f5da k\u00fc\u00fcneplaadi laius, seej\u00e4rel kleepsu laius   Aseta kleeps soovitud kohale(vajadusel l\u00f5ika eelnevalt kleepsu k\u00fc\u00fcneplaadiga klappima    Puupulgaga vajuta esmalt keskelt kleeps kinni ja alles seej\u00e4rel k\u00fcljed. Kleepsu venitada ei tasu, v\u00f5ib hakata lokkama. \u00dcleliigne kleeps k\u00fclgedelt vajab l\u00f5ikamist, j\u00e4ta pigem 1-2mm rohkem, kui v\u00e4hem, sest k\u00fc\u00fcneplaadi kumerus v\u00f5tab osa pinda \u00e4ra.    Kinnita kleepuva kihita topgeeliga v\u00f5i pane Orly pealislakk. Matt tulemuse jaoks ei ole vaja lakki peale kanda. Kui siiski soovid, siis palun pane t\u00e4hele, et lahusteid ja happeid sisaldavad matt lakid v\u00f5ivad tr\u00fckiv\u00e4rvile liiga teha.    Kui kleeps ulatub k\u00fc\u00fcne vabaserva, viili alla suunas \u00fcleliigne kleeps ettevaatlikult maha enne pealisgeeli lisamist   &nbsp;","og_url":"https:\/\/pediluxus.ee\/en\/product\/pedicure-sponge-stickers-mwf002\/","og_site_name":"Pediluxus Stuudio \u2013 Professionaalne jalahooldus, esteetiline pedik\u00fc\u00fcr ja tervete jalgade ekspert","article_modified_time":"2026-04-11T05:45:08+00:00","og_image":[{"width":1350,"height":1800,"url":"https:\/\/pediluxus.ee\/wp-content\/uploads\/2025\/07\/IMG_0069.jpg","type":"image\/jpeg"}],"twitter_card":"summary_large_image","twitter_misc":{"Estimated reading time":"1 minute"},"schema":{"@context":"https:\/\/schema.org","@graph":[{"@type":"WebPage","@id":"https:\/\/pediluxus.ee\/toode\/pedikuuri-tavakleepsud-mwf002\/","url":"https:\/\/pediluxus.ee\/toode\/pedikuuri-tavakleepsud-mwf002\/","name":"Pedicure adhesive pads MWF002 - Pediluxus Studio - Professional pedicure, aesthetic pedicure and healthy feet expert","isPartOf":{"@id":"https:\/\/pediluxus.ee\/#website"},"primaryImageOfPage":{"@id":"https:\/\/pediluxus.ee\/toode\/pedikuuri-tavakleepsud-mwf002\/#primaryimage"},"image":{"@id":"https:\/\/pediluxus.ee\/toode\/pedikuuri-tavakleepsud-mwf002\/#primaryimage"},"thumbnailUrl":"https:\/\/pediluxus.ee\/wp-content\/uploads\/2025\/07\/IMG_0069.jpg","datePublished":"2025-07-19T10:26:49+00:00","dateModified":"2026-04-11T05:45:08+00:00","breadcrumb":{"@id":"https:\/\/pediluxus.ee\/toode\/pedikuuri-tavakleepsud-mwf002\/#breadcrumb"},"inLanguage":"en-GB","potentialAction":[{"@type":"ReadAction","target":["https:\/\/pediluxus.ee\/toode\/pedikuuri-tavakleepsud-mwf002\/"]}]},{"@type":"ImageObject","inLanguage":"en-GB","@id":"https:\/\/pediluxus.ee\/toode\/pedikuuri-tavakleepsud-mwf002\/#primaryimage","url":"https:\/\/pediluxus.ee\/wp-content\/uploads\/2025\/07\/IMG_0069.jpg","contentUrl":"https:\/\/pediluxus.ee\/wp-content\/uploads\/2025\/07\/IMG_0069.jpg","width":1350,"height":1800},{"@type":"BreadcrumbList","@id":"https:\/\/pediluxus.ee\/toode\/pedikuuri-tavakleepsud-mwf002\/#breadcrumb","itemListElement":[{"@type":"ListItem","position":1,"name":"Home","item":"https:\/\/pediluxus.ee\/"},{"@type":"ListItem","position":2,"name":"E-pood","item":"https:\/\/pediluxus.ee\/e-pood\/"},{"@type":"ListItem","position":3,"name":"Pedik\u00fc\u00fcri tavakleepsud MWF002"}]},{"@type":"WebSite","@id":"https:\/\/pediluxus.ee\/#website","url":"https:\/\/pediluxus.ee\/","name":"Pediluxus Studio - Professional foot care, aesthetic pedicure and healthy feet expert","description":"Professional problem foot care and aesthetic pedicure. We offer solutions to foot problems and luxurious care for healthier, well-groomed feet. A studio where your feet are cared for by experienced professionals. Book an appointment today!","potentialAction":[{"@type":"SearchAction","target":{"@type":"EntryPoint","urlTemplate":"https:\/\/pediluxus.ee\/?s={search_term_string}"},"query-input":{"@type":"PropertyValueSpecification","valueRequired":true,"valueName":"search_term_string"}}],"inLanguage":"en-GB"}]}},"jetpack_sharing_enabled":true,"_links":{"self":[{"href":"https:\/\/pediluxus.ee\/en\/wp-json\/wp\/v2\/product\/4964","targetHints":{"allow":["GET"]}}],"collection":[{"href":"https:\/\/pediluxus.ee\/en\/wp-json\/wp\/v2\/product"}],"about":[{"href":"https:\/\/pediluxus.ee\/en\/wp-json\/wp\/v2\/types\/product"}],"replies":[{"embeddable":true,"href":"https:\/\/pediluxus.ee\/en\/wp-json\/wp\/v2\/comments?post=4964"}],"wp:featuredmedia":[{"embeddable":true,"href":"https:\/\/pediluxus.ee\/en\/wp-json\/wp\/v2\/media\/4958"}],"wp:attachment":[{"href":"https:\/\/pediluxus.ee\/en\/wp-json\/wp\/v2\/media?parent=4964"}],"wp:term":[{"taxonomy":"product_brand","embeddable":true,"href":"https:\/\/pediluxus.ee\/en\/wp-json\/wp\/v2\/product_brand?post=4964"},{"taxonomy":"product_cat","embeddable":true,"href":"https:\/\/pediluxus.ee\/en\/wp-json\/wp\/v2\/product_cat?post=4964"},{"taxonomy":"product_tag","embeddable":true,"href":"https:\/\/pediluxus.ee\/en\/wp-json\/wp\/v2\/product_tag?post=4964"}],"curies":[{"name":"wp","href":"https:\/\/api.w.org\/{rel}","templated":true}]}}