{"id":5086,"date":"2025-08-29T11:23:55","date_gmt":"2025-08-29T08:23:55","guid":{"rendered":"https:\/\/pediluxus.ee\/?post_type=product&#038;p=5086"},"modified":"2026-04-12T17:23:24","modified_gmt":"2026-04-12T14:23:24","slug":"basic-training-in-instrument-pedicure-26-09-30-09","status":"publish","type":"product","link":"https:\/\/pediluxus.ee\/en\/product\/basic-training-in-instrument-pedicure-26-09-30-09\/","title":{"rendered":"Basic training on the apparatus pedicle as a PREVIOUS SUMMARY"},"content":{"rendered":"","protected":false},"excerpt":{"rendered":"<p>The training can be paid for by instalments.<\/p>\n<p class=\"p1\">Basic pedicure training will give you a solid foundation to start working as a foot care specialist.<\/p>\n<p class=\"p1\">The training is structured through practical exercises. There is no specific focus on theory. We will start with the practical part straight away, and you will acquire the skills to provide a maximum quality service.<\/p>\n<p class=\"p3\"><b>You will learn in training:<\/b><b><\/b><\/p>\n<ul>\n<li>\n<p class=\"p1\">the anatomy of the foot and basic knowledge of pedicure work<\/p>\n<\/li>\n<li>\n<p class=\"p1\">safety and hygiene at work.<\/p>\n<\/li>\n<li>\n<p class=\"p1\">knowledge and use of tools<\/p>\n<\/li>\n<li>\n<p class=\"p1\">skin and nail condition assessment<\/p>\n<\/li>\n<li>\n<p class=\"p1\">step-by-step instructions for a classic pedicure<\/p>\n<\/li>\n<li>proper varnishing and, if time permits, French practising too<\/li>\n<li>\n<p class=\"p1\">counselling and recommending home care for the client<\/p>\n<\/li>\n<\/ul>\n<p>&nbsp;<\/p>\n<p class=\"p3\"><b>Training is suitable for:<\/b><b><\/b><\/p>\n<ul>\n<li>\n<p class=\"p1\">for beginners who want to start pedicures<\/p>\n<\/li>\n<li>\n<p class=\"p1\">for manicurists who want to expand their range of services.<\/p>\n<\/li>\n<li>\n<p class=\"p1\">for anyone interested in foot care and working professionally with clients.<\/p>\n<\/li>\n<\/ul>\n<p>&nbsp;<\/p>\n<p class=\"p1\"><span class=\"s2\"><b>Duration of the training:<\/b><\/span> 5 days (hands-on learning)<\/p>\n<p class=\"p1\"><span class=\"s2\"><b>Place:<\/b><\/span> Pediluxus Studio, Tallinn<\/p>\n<p class=\"p1\"><span class=\"s2\"><b>Price includes:<\/b><\/span> study materials, necessary tools during the training, light snack for lunch, certificate of completion at the end of the training.<\/p>","protected":false},"featured_media":5073,"comment_status":"closed","ping_status":"closed","template":"","meta":[],"product_brand":[],"product_cat":[40],"product_tag":[],"class_list":{"0":"post-5086","1":"product","2":"type-product","3":"status-publish","4":"has-post-thumbnail","6":"product_cat-koolitused","8":"first","9":"instock","10":"shipping-taxable","11":"purchasable","12":"product-type-simple"},"yoast_head":"<!-- This site is optimized with the Yoast SEO plugin v27.1.1 - https:\/\/yoast.com\/product\/yoast-seo-wordpress\/ -->\n<title>Aparaadipedik\u00fc\u00fcri baaskoolitus EELNEVA KOKKULEPPENA - Pediluxus Stuudio \u2013 Professionaalne jalahooldus, esteetiline pedik\u00fc\u00fcr ja tervete jalgade ekspert<\/title>\n<meta name=\"robots\" content=\"index, follow, max-snippet:-1, max-image-preview:large, max-video-preview:-1\" \/>\n<link rel=\"canonical\" href=\"https:\/\/pediluxus.ee\/en\/product\/basic-training-in-instrument-pedicure-26-09-30-09\/\" \/>\n<meta property=\"og:locale\" content=\"en_GB\" \/>\n<meta property=\"og:type\" content=\"article\" \/>\n<meta property=\"og:title\" content=\"Aparaadipedik\u00fc\u00fcri baaskoolitus EELNEVA KOKKULEPPENA - Pediluxus Stuudio \u2013 Professionaalne jalahooldus, esteetiline pedik\u00fc\u00fcr ja tervete jalgade ekspert\" \/>\n<meta property=\"og:description\" content=\"Koolituse eest on v\u00f5imalik tasuda j\u00e4relmaksuga. Pedik\u00fc\u00fcri baaskoolitus annab sulle kindla vundamendi, et alustada t\u00f6\u00f6d jalahoolduse spetsialistina. Koolitus on \u00fcles ehitatud l\u00e4bi praktika. Eraldi teooriale ei keskendu. Hakkame kohe praktilise osaga pihta ning t\u00f6\u00f6 k\u00e4igus omandad oskused, et pakkuda maksimaalse kvaliteediga teenust. \u00d5pid koolitusel:     jala anatoomiat ja pedik\u00fc\u00fcri t\u00f6\u00f6ks vajalikke p\u00f5hiteadmisi    t\u00f6\u00f6ohutust ja h\u00fcgieenin\u00f5udeid    t\u00f6\u00f6vahendite tundmist ja kasutamist    naha ja k\u00fc\u00fcnte seisundi hindamist    klassikalise pedik\u00fc\u00fcri teostamist samm-sammult   korrektset lakkimist ja kui aeg lubab, ka prantslase harjutamist   kliendi n\u00f5ustamist ja koduhoolduse soovitamist   &nbsp; Koolitus sobib:     algajatele, kes soovivad pedik\u00fc\u00fcriga alustada    manik\u00fc\u00fcrispetsialistidele, kes tahavad teenustevalikut laiendada    k\u00f5igile, keda huvitab jalahooldus ja professionaalne t\u00f6\u00f6 klientidega   &nbsp; Koolituse kestus: 5 p\u00e4eva (praktiline \u00f5pe - \u201chands on\u201d) Koht: Pediluxus Stuudio, Tallinn Hind sisaldab: \u00f5ppematerjale, vajalikke t\u00f6\u00f6vahendeid koolituse ajal, kerge amps l\u00f5unaks, koolituse l\u00f5pus t\u00f5end koolituse l\u00e4bimisest.\" \/>\n<meta property=\"og:url\" content=\"https:\/\/pediluxus.ee\/en\/product\/basic-training-in-instrument-pedicure-26-09-30-09\/\" \/>\n<meta property=\"og:site_name\" content=\"Pediluxus Stuudio \u2013 Professionaalne jalahooldus, esteetiline pedik\u00fc\u00fcr ja tervete jalgade ekspert\" \/>\n<meta property=\"article:modified_time\" content=\"2026-04-12T14:23:24+00:00\" \/>\n<meta property=\"og:image\" content=\"https:\/\/pediluxus.ee\/wp-content\/uploads\/2025\/08\/IMG_7152.jpg\" \/>\n\t<meta property=\"og:image:width\" content=\"2251\" \/>\n\t<meta property=\"og:image:height\" content=\"2479\" \/>\n\t<meta property=\"og:image:type\" content=\"image\/jpeg\" \/>\n<meta name=\"twitter:card\" content=\"summary_large_image\" \/>\n<meta name=\"twitter:label1\" content=\"Estimated reading time\" \/>\n\t<meta name=\"twitter:data1\" content=\"1 minute\" \/>\n<script type=\"application\/ld+json\" class=\"yoast-schema-graph\">{\"@context\":\"https:\/\/schema.org\",\"@graph\":[{\"@type\":\"WebPage\",\"@id\":\"https:\/\/pediluxus.ee\/toode\/aparaadipedikuuri-baaskoolitus-26-09-30-09\/\",\"url\":\"https:\/\/pediluxus.ee\/toode\/aparaadipedikuuri-baaskoolitus-26-09-30-09\/\",\"name\":\"Aparaadipedik\u00fc\u00fcri baaskoolitus EELNEVA KOKKULEPPENA - Pediluxus Stuudio \u2013 Professionaalne jalahooldus, esteetiline pedik\u00fc\u00fcr ja tervete jalgade ekspert\",\"isPartOf\":{\"@id\":\"https:\/\/pediluxus.ee\/#website\"},\"primaryImageOfPage\":{\"@id\":\"https:\/\/pediluxus.ee\/toode\/aparaadipedikuuri-baaskoolitus-26-09-30-09\/#primaryimage\"},\"image\":{\"@id\":\"https:\/\/pediluxus.ee\/toode\/aparaadipedikuuri-baaskoolitus-26-09-30-09\/#primaryimage\"},\"thumbnailUrl\":\"https:\/\/pediluxus.ee\/wp-content\/uploads\/2025\/08\/IMG_7152.jpg\",\"datePublished\":\"2025-08-29T08:23:55+00:00\",\"dateModified\":\"2026-04-12T14:23:24+00:00\",\"breadcrumb\":{\"@id\":\"https:\/\/pediluxus.ee\/toode\/aparaadipedikuuri-baaskoolitus-26-09-30-09\/#breadcrumb\"},\"inLanguage\":\"en-GB\",\"potentialAction\":[{\"@type\":\"ReadAction\",\"target\":[\"https:\/\/pediluxus.ee\/toode\/aparaadipedikuuri-baaskoolitus-26-09-30-09\/\"]}]},{\"@type\":\"ImageObject\",\"inLanguage\":\"en-GB\",\"@id\":\"https:\/\/pediluxus.ee\/toode\/aparaadipedikuuri-baaskoolitus-26-09-30-09\/#primaryimage\",\"url\":\"https:\/\/pediluxus.ee\/wp-content\/uploads\/2025\/08\/IMG_7152.jpg\",\"contentUrl\":\"https:\/\/pediluxus.ee\/wp-content\/uploads\/2025\/08\/IMG_7152.jpg\",\"width\":2251,\"height\":2479},{\"@type\":\"BreadcrumbList\",\"@id\":\"https:\/\/pediluxus.ee\/toode\/aparaadipedikuuri-baaskoolitus-26-09-30-09\/#breadcrumb\",\"itemListElement\":[{\"@type\":\"ListItem\",\"position\":1,\"name\":\"Home\",\"item\":\"https:\/\/pediluxus.ee\/\"},{\"@type\":\"ListItem\",\"position\":2,\"name\":\"E-pood\",\"item\":\"https:\/\/pediluxus.ee\/e-pood\/\"},{\"@type\":\"ListItem\",\"position\":3,\"name\":\"Aparaadipedik\u00fc\u00fcri baaskoolitus EELNEVA KOKKULEPPENA\"}]},{\"@type\":\"WebSite\",\"@id\":\"https:\/\/pediluxus.ee\/#website\",\"url\":\"https:\/\/pediluxus.ee\/\",\"name\":\"Pediluxus Stuudio \u2013 Professionaalne jalahooldus, esteetiline pedik\u00fc\u00fcr ja tervete jalgade ekspert\",\"description\":\"Professionaalne probleemse jalahooldus ja esteetiline pedik\u00fc\u00fcr. Pakkume lahendusi jalamuredele ning luksuslikku hoolitsust, mis tagab tervemad ja hoolitsetud jalad. Stuudio, kus teie jalgade eest hoolitsevad kogenud spetsialistid. Broneeri aeg juba t\u00e4na!\",\"potentialAction\":[{\"@type\":\"SearchAction\",\"target\":{\"@type\":\"EntryPoint\",\"urlTemplate\":\"https:\/\/pediluxus.ee\/?s={search_term_string}\"},\"query-input\":{\"@type\":\"PropertyValueSpecification\",\"valueRequired\":true,\"valueName\":\"search_term_string\"}}],\"inLanguage\":\"en-GB\"}]}<\/script>\n<!-- \/ Yoast SEO plugin. -->","yoast_head_json":{"title":"Basic training in pedicure as a PREVIEW - Pediluxus Studio - Professional pedicure, aesthetic pedicure and expert in healthy feet.","robots":{"index":"index","follow":"follow","max-snippet":"max-snippet:-1","max-image-preview":"max-image-preview:large","max-video-preview":"max-video-preview:-1"},"canonical":"https:\/\/pediluxus.ee\/en\/product\/basic-training-in-instrument-pedicure-26-09-30-09\/","og_locale":"en_GB","og_type":"article","og_title":"Aparaadipedik\u00fc\u00fcri baaskoolitus EELNEVA KOKKULEPPENA - Pediluxus Stuudio \u2013 Professionaalne jalahooldus, esteetiline pedik\u00fc\u00fcr ja tervete jalgade ekspert","og_description":"Koolituse eest on v\u00f5imalik tasuda j\u00e4relmaksuga. Pedik\u00fc\u00fcri baaskoolitus annab sulle kindla vundamendi, et alustada t\u00f6\u00f6d jalahoolduse spetsialistina. Koolitus on \u00fcles ehitatud l\u00e4bi praktika. Eraldi teooriale ei keskendu. Hakkame kohe praktilise osaga pihta ning t\u00f6\u00f6 k\u00e4igus omandad oskused, et pakkuda maksimaalse kvaliteediga teenust. \u00d5pid koolitusel:     jala anatoomiat ja pedik\u00fc\u00fcri t\u00f6\u00f6ks vajalikke p\u00f5hiteadmisi    t\u00f6\u00f6ohutust ja h\u00fcgieenin\u00f5udeid    t\u00f6\u00f6vahendite tundmist ja kasutamist    naha ja k\u00fc\u00fcnte seisundi hindamist    klassikalise pedik\u00fc\u00fcri teostamist samm-sammult   korrektset lakkimist ja kui aeg lubab, ka prantslase harjutamist   kliendi n\u00f5ustamist ja koduhoolduse soovitamist   &nbsp; Koolitus sobib:     algajatele, kes soovivad pedik\u00fc\u00fcriga alustada    manik\u00fc\u00fcrispetsialistidele, kes tahavad teenustevalikut laiendada    k\u00f5igile, keda huvitab jalahooldus ja professionaalne t\u00f6\u00f6 klientidega   &nbsp; Koolituse kestus: 5 p\u00e4eva (praktiline \u00f5pe - \u201chands on\u201d) Koht: Pediluxus Stuudio, Tallinn Hind sisaldab: \u00f5ppematerjale, vajalikke t\u00f6\u00f6vahendeid koolituse ajal, kerge amps l\u00f5unaks, koolituse l\u00f5pus t\u00f5end koolituse l\u00e4bimisest.","og_url":"https:\/\/pediluxus.ee\/en\/product\/basic-training-in-instrument-pedicure-26-09-30-09\/","og_site_name":"Pediluxus Stuudio \u2013 Professionaalne jalahooldus, esteetiline pedik\u00fc\u00fcr ja tervete jalgade ekspert","article_modified_time":"2026-04-12T14:23:24+00:00","og_image":[{"width":2251,"height":2479,"url":"https:\/\/pediluxus.ee\/wp-content\/uploads\/2025\/08\/IMG_7152.jpg","type":"image\/jpeg"}],"twitter_card":"summary_large_image","twitter_misc":{"Estimated reading time":"1 minute"},"schema":{"@context":"https:\/\/schema.org","@graph":[{"@type":"WebPage","@id":"https:\/\/pediluxus.ee\/toode\/aparaadipedikuuri-baaskoolitus-26-09-30-09\/","url":"https:\/\/pediluxus.ee\/toode\/aparaadipedikuuri-baaskoolitus-26-09-30-09\/","name":"Basic training in pedicure as a PREVIEW - Pediluxus Studio - Professional pedicure, aesthetic pedicure and expert in healthy feet.","isPartOf":{"@id":"https:\/\/pediluxus.ee\/#website"},"primaryImageOfPage":{"@id":"https:\/\/pediluxus.ee\/toode\/aparaadipedikuuri-baaskoolitus-26-09-30-09\/#primaryimage"},"image":{"@id":"https:\/\/pediluxus.ee\/toode\/aparaadipedikuuri-baaskoolitus-26-09-30-09\/#primaryimage"},"thumbnailUrl":"https:\/\/pediluxus.ee\/wp-content\/uploads\/2025\/08\/IMG_7152.jpg","datePublished":"2025-08-29T08:23:55+00:00","dateModified":"2026-04-12T14:23:24+00:00","breadcrumb":{"@id":"https:\/\/pediluxus.ee\/toode\/aparaadipedikuuri-baaskoolitus-26-09-30-09\/#breadcrumb"},"inLanguage":"en-GB","potentialAction":[{"@type":"ReadAction","target":["https:\/\/pediluxus.ee\/toode\/aparaadipedikuuri-baaskoolitus-26-09-30-09\/"]}]},{"@type":"ImageObject","inLanguage":"en-GB","@id":"https:\/\/pediluxus.ee\/toode\/aparaadipedikuuri-baaskoolitus-26-09-30-09\/#primaryimage","url":"https:\/\/pediluxus.ee\/wp-content\/uploads\/2025\/08\/IMG_7152.jpg","contentUrl":"https:\/\/pediluxus.ee\/wp-content\/uploads\/2025\/08\/IMG_7152.jpg","width":2251,"height":2479},{"@type":"BreadcrumbList","@id":"https:\/\/pediluxus.ee\/toode\/aparaadipedikuuri-baaskoolitus-26-09-30-09\/#breadcrumb","itemListElement":[{"@type":"ListItem","position":1,"name":"Home","item":"https:\/\/pediluxus.ee\/"},{"@type":"ListItem","position":2,"name":"E-pood","item":"https:\/\/pediluxus.ee\/e-pood\/"},{"@type":"ListItem","position":3,"name":"Aparaadipedik\u00fc\u00fcri baaskoolitus EELNEVA KOKKULEPPENA"}]},{"@type":"WebSite","@id":"https:\/\/pediluxus.ee\/#website","url":"https:\/\/pediluxus.ee\/","name":"Pediluxus Studio - Professional foot care, aesthetic pedicure and healthy feet expert","description":"Professional problem foot care and aesthetic pedicure. We offer solutions to foot problems and luxurious care for healthier, well-groomed feet. A studio where your feet are cared for by experienced professionals. Book an appointment today!","potentialAction":[{"@type":"SearchAction","target":{"@type":"EntryPoint","urlTemplate":"https:\/\/pediluxus.ee\/?s={search_term_string}"},"query-input":{"@type":"PropertyValueSpecification","valueRequired":true,"valueName":"search_term_string"}}],"inLanguage":"en-GB"}]}},"jetpack_sharing_enabled":true,"_links":{"self":[{"href":"https:\/\/pediluxus.ee\/en\/wp-json\/wp\/v2\/product\/5086","targetHints":{"allow":["GET"]}}],"collection":[{"href":"https:\/\/pediluxus.ee\/en\/wp-json\/wp\/v2\/product"}],"about":[{"href":"https:\/\/pediluxus.ee\/en\/wp-json\/wp\/v2\/types\/product"}],"replies":[{"embeddable":true,"href":"https:\/\/pediluxus.ee\/en\/wp-json\/wp\/v2\/comments?post=5086"}],"wp:featuredmedia":[{"embeddable":true,"href":"https:\/\/pediluxus.ee\/en\/wp-json\/wp\/v2\/media\/5073"}],"wp:attachment":[{"href":"https:\/\/pediluxus.ee\/en\/wp-json\/wp\/v2\/media?parent=5086"}],"wp:term":[{"taxonomy":"product_brand","embeddable":true,"href":"https:\/\/pediluxus.ee\/en\/wp-json\/wp\/v2\/product_brand?post=5086"},{"taxonomy":"product_cat","embeddable":true,"href":"https:\/\/pediluxus.ee\/en\/wp-json\/wp\/v2\/product_cat?post=5086"},{"taxonomy":"product_tag","embeddable":true,"href":"https:\/\/pediluxus.ee\/en\/wp-json\/wp\/v2\/product_tag?post=5086"}],"curies":[{"name":"wp","href":"https:\/\/api.w.org\/{rel}","templated":true}]}}