{"id":5109,"date":"2025-10-22T09:24:27","date_gmt":"2025-10-22T06:24:27","guid":{"rendered":"https:\/\/pediluxus.ee\/?post_type=product&#038;p=5109"},"modified":"2026-04-23T14:38:50","modified_gmt":"2026-04-23T11:38:50","slug":"topgeel-tp02n","status":"publish","type":"product","link":"https:\/\/pediluxus.ee\/en\/product\/topgeel-tp02n\/","title":{"rendered":"Tempered glass topgel 10ml HEMA and TPO free!"},"content":{"rendered":"","protected":false},"excerpt":{"rendered":"<p class=\"p1\"><b>Super glossy finish with long lasting durability.<\/b><b><\/b><\/p>\n<p class=\"p2\">Mirror finish, works with both gel and acrylic.<\/p>\n<p class=\"p2\">Stain- and dust-resistant, non-sticky surface.<\/p>\n<p class=\"p2\">Scratch and collapse resistant.<\/p>\n<p class=\"p2\"><b>Contains UV and sun protection<\/b><span class=\"s1\">\u00a0(does not turn blue under the lamp).<\/span><\/p>","protected":false},"featured_media":5104,"comment_status":"closed","ping_status":"closed","template":"","meta":[],"product_brand":[],"product_cat":[41],"product_tag":[],"class_list":{"0":"post-5109","1":"product","2":"type-product","3":"status-publish","4":"has-post-thumbnail","6":"product_cat-geelisusteem","8":"first","9":"instock","10":"shipping-taxable","11":"purchasable","12":"product-type-simple"},"yoast_head":"<!-- This site is optimized with the Yoast SEO plugin v27.1.1 - https:\/\/yoast.com\/product\/yoast-seo-wordpress\/ -->\n<title>Tempered glass topgeel 10ml HEMA ja TPO vaba! - Pediluxus Stuudio \u2013 Professionaalne jalahooldus, esteetiline pedik\u00fc\u00fcr ja tervete jalgade ekspert<\/title>\n<meta name=\"robots\" content=\"index, follow, max-snippet:-1, max-image-preview:large, max-video-preview:-1\" \/>\n<link rel=\"canonical\" href=\"https:\/\/pediluxus.ee\/en\/product\/topgeel-tp02n\/\" \/>\n<meta property=\"og:locale\" content=\"en_GB\" \/>\n<meta property=\"og:type\" content=\"article\" \/>\n<meta property=\"og:title\" content=\"Tempered glass topgeel 10ml HEMA ja TPO vaba! - Pediluxus Stuudio \u2013 Professionaalne jalahooldus, esteetiline pedik\u00fc\u00fcr ja tervete jalgade ekspert\" \/>\n<meta property=\"og:description\" content=\"Superl\u00e4ikiv viimistlus pika p\u00fcsivusega. Peegels\u00e4rav tulemus, t\u00f6\u00f6tab nii geeli kui akr\u00fc\u00fcliga. Plekkide- ja tolmukindel, mitte-kleepuv pind. Kriimustus- ja kolletumiskindel. Sisaldab UV-kiirguse ja p\u00e4ikesevalguse kaitset\u00a0(ei muutu sinakaks lambi all).\" \/>\n<meta property=\"og:url\" content=\"https:\/\/pediluxus.ee\/en\/product\/topgeel-tp02n\/\" \/>\n<meta property=\"og:site_name\" content=\"Pediluxus Stuudio \u2013 Professionaalne jalahooldus, esteetiline pedik\u00fc\u00fcr ja tervete jalgade ekspert\" \/>\n<meta property=\"article:modified_time\" content=\"2026-04-23T11:38:50+00:00\" \/>\n<meta property=\"og:image\" content=\"https:\/\/pediluxus.ee\/wp-content\/uploads\/2025\/10\/WhatsApp-Image-2025-10-07-at-06.27.58-e1761114139346.jpeg\" \/>\n\t<meta property=\"og:image:width\" content=\"200\" \/>\n\t<meta property=\"og:image:height\" content=\"495\" \/>\n\t<meta property=\"og:image:type\" content=\"image\/jpeg\" \/>\n<meta name=\"twitter:card\" content=\"summary_large_image\" \/>\n<meta name=\"twitter:label1\" content=\"Estimated reading time\" \/>\n\t<meta name=\"twitter:data1\" content=\"1 minute\" \/>\n<script type=\"application\/ld+json\" class=\"yoast-schema-graph\">{\"@context\":\"https:\/\/schema.org\",\"@graph\":[{\"@type\":\"WebPage\",\"@id\":\"https:\/\/pediluxus.ee\/toode\/topgeel-tp02n\/\",\"url\":\"https:\/\/pediluxus.ee\/toode\/topgeel-tp02n\/\",\"name\":\"Tempered glass topgeel 10ml HEMA ja TPO vaba! - Pediluxus Stuudio \u2013 Professionaalne jalahooldus, esteetiline pedik\u00fc\u00fcr ja tervete jalgade ekspert\",\"isPartOf\":{\"@id\":\"https:\/\/pediluxus.ee\/#website\"},\"primaryImageOfPage\":{\"@id\":\"https:\/\/pediluxus.ee\/toode\/topgeel-tp02n\/#primaryimage\"},\"image\":{\"@id\":\"https:\/\/pediluxus.ee\/toode\/topgeel-tp02n\/#primaryimage\"},\"thumbnailUrl\":\"https:\/\/pediluxus.ee\/wp-content\/uploads\/2025\/10\/WhatsApp-Image-2025-10-07-at-06.27.58-e1761114139346.jpeg\",\"datePublished\":\"2025-10-22T06:24:27+00:00\",\"dateModified\":\"2026-04-23T11:38:50+00:00\",\"breadcrumb\":{\"@id\":\"https:\/\/pediluxus.ee\/toode\/topgeel-tp02n\/#breadcrumb\"},\"inLanguage\":\"en-GB\",\"potentialAction\":[{\"@type\":\"ReadAction\",\"target\":[\"https:\/\/pediluxus.ee\/toode\/topgeel-tp02n\/\"]}]},{\"@type\":\"ImageObject\",\"inLanguage\":\"en-GB\",\"@id\":\"https:\/\/pediluxus.ee\/toode\/topgeel-tp02n\/#primaryimage\",\"url\":\"https:\/\/pediluxus.ee\/wp-content\/uploads\/2025\/10\/WhatsApp-Image-2025-10-07-at-06.27.58-e1761114139346.jpeg\",\"contentUrl\":\"https:\/\/pediluxus.ee\/wp-content\/uploads\/2025\/10\/WhatsApp-Image-2025-10-07-at-06.27.58-e1761114139346.jpeg\",\"width\":200,\"height\":495},{\"@type\":\"BreadcrumbList\",\"@id\":\"https:\/\/pediluxus.ee\/toode\/topgeel-tp02n\/#breadcrumb\",\"itemListElement\":[{\"@type\":\"ListItem\",\"position\":1,\"name\":\"Home\",\"item\":\"https:\/\/pediluxus.ee\/\"},{\"@type\":\"ListItem\",\"position\":2,\"name\":\"E-pood\",\"item\":\"https:\/\/pediluxus.ee\/e-pood\/\"},{\"@type\":\"ListItem\",\"position\":3,\"name\":\"Tempered glass topgeel 10ml HEMA ja TPO vaba!\"}]},{\"@type\":\"WebSite\",\"@id\":\"https:\/\/pediluxus.ee\/#website\",\"url\":\"https:\/\/pediluxus.ee\/\",\"name\":\"Pediluxus Stuudio \u2013 Professionaalne jalahooldus, esteetiline pedik\u00fc\u00fcr ja tervete jalgade ekspert\",\"description\":\"Professionaalne probleemse jalahooldus ja esteetiline pedik\u00fc\u00fcr. Pakkume lahendusi jalamuredele ning luksuslikku hoolitsust, mis tagab tervemad ja hoolitsetud jalad. Stuudio, kus teie jalgade eest hoolitsevad kogenud spetsialistid. Broneeri aeg juba t\u00e4na!\",\"potentialAction\":[{\"@type\":\"SearchAction\",\"target\":{\"@type\":\"EntryPoint\",\"urlTemplate\":\"https:\/\/pediluxus.ee\/?s={search_term_string}\"},\"query-input\":{\"@type\":\"PropertyValueSpecification\",\"valueRequired\":true,\"valueName\":\"search_term_string\"}}],\"inLanguage\":\"en-GB\"}]}<\/script>\n<!-- \/ Yoast SEO plugin. -->","yoast_head_json":{"title":"Tempered glass topgeel 10ml HEMA and TPO free! - Pediluxus Studio - Professional pedicure, aesthetic pedicure and healthy feet expert","robots":{"index":"index","follow":"follow","max-snippet":"max-snippet:-1","max-image-preview":"max-image-preview:large","max-video-preview":"max-video-preview:-1"},"canonical":"https:\/\/pediluxus.ee\/en\/product\/topgeel-tp02n\/","og_locale":"en_GB","og_type":"article","og_title":"Tempered glass topgeel 10ml HEMA ja TPO vaba! - Pediluxus Stuudio \u2013 Professionaalne jalahooldus, esteetiline pedik\u00fc\u00fcr ja tervete jalgade ekspert","og_description":"Superl\u00e4ikiv viimistlus pika p\u00fcsivusega. Peegels\u00e4rav tulemus, t\u00f6\u00f6tab nii geeli kui akr\u00fc\u00fcliga. Plekkide- ja tolmukindel, mitte-kleepuv pind. Kriimustus- ja kolletumiskindel. Sisaldab UV-kiirguse ja p\u00e4ikesevalguse kaitset\u00a0(ei muutu sinakaks lambi all).","og_url":"https:\/\/pediluxus.ee\/en\/product\/topgeel-tp02n\/","og_site_name":"Pediluxus Stuudio \u2013 Professionaalne jalahooldus, esteetiline pedik\u00fc\u00fcr ja tervete jalgade ekspert","article_modified_time":"2026-04-23T11:38:50+00:00","og_image":[{"width":200,"height":495,"url":"https:\/\/pediluxus.ee\/wp-content\/uploads\/2025\/10\/WhatsApp-Image-2025-10-07-at-06.27.58-e1761114139346.jpeg","type":"image\/jpeg"}],"twitter_card":"summary_large_image","twitter_misc":{"Estimated reading time":"1 minute"},"schema":{"@context":"https:\/\/schema.org","@graph":[{"@type":"WebPage","@id":"https:\/\/pediluxus.ee\/toode\/topgeel-tp02n\/","url":"https:\/\/pediluxus.ee\/toode\/topgeel-tp02n\/","name":"Tempered glass topgeel 10ml HEMA and TPO free! - Pediluxus Studio - Professional pedicure, aesthetic pedicure and healthy feet expert","isPartOf":{"@id":"https:\/\/pediluxus.ee\/#website"},"primaryImageOfPage":{"@id":"https:\/\/pediluxus.ee\/toode\/topgeel-tp02n\/#primaryimage"},"image":{"@id":"https:\/\/pediluxus.ee\/toode\/topgeel-tp02n\/#primaryimage"},"thumbnailUrl":"https:\/\/pediluxus.ee\/wp-content\/uploads\/2025\/10\/WhatsApp-Image-2025-10-07-at-06.27.58-e1761114139346.jpeg","datePublished":"2025-10-22T06:24:27+00:00","dateModified":"2026-04-23T11:38:50+00:00","breadcrumb":{"@id":"https:\/\/pediluxus.ee\/toode\/topgeel-tp02n\/#breadcrumb"},"inLanguage":"en-GB","potentialAction":[{"@type":"ReadAction","target":["https:\/\/pediluxus.ee\/toode\/topgeel-tp02n\/"]}]},{"@type":"ImageObject","inLanguage":"en-GB","@id":"https:\/\/pediluxus.ee\/toode\/topgeel-tp02n\/#primaryimage","url":"https:\/\/pediluxus.ee\/wp-content\/uploads\/2025\/10\/WhatsApp-Image-2025-10-07-at-06.27.58-e1761114139346.jpeg","contentUrl":"https:\/\/pediluxus.ee\/wp-content\/uploads\/2025\/10\/WhatsApp-Image-2025-10-07-at-06.27.58-e1761114139346.jpeg","width":200,"height":495},{"@type":"BreadcrumbList","@id":"https:\/\/pediluxus.ee\/toode\/topgeel-tp02n\/#breadcrumb","itemListElement":[{"@type":"ListItem","position":1,"name":"Home","item":"https:\/\/pediluxus.ee\/"},{"@type":"ListItem","position":2,"name":"E-pood","item":"https:\/\/pediluxus.ee\/e-pood\/"},{"@type":"ListItem","position":3,"name":"Tempered glass topgeel 10ml HEMA ja TPO vaba!"}]},{"@type":"WebSite","@id":"https:\/\/pediluxus.ee\/#website","url":"https:\/\/pediluxus.ee\/","name":"Pediluxus Studio - Professional foot care, aesthetic pedicure and healthy feet expert","description":"Professional problem foot care and aesthetic pedicure. We offer solutions to foot problems and luxurious care for healthier, well-groomed feet. A studio where your feet are cared for by experienced professionals. Book an appointment today!","potentialAction":[{"@type":"SearchAction","target":{"@type":"EntryPoint","urlTemplate":"https:\/\/pediluxus.ee\/?s={search_term_string}"},"query-input":{"@type":"PropertyValueSpecification","valueRequired":true,"valueName":"search_term_string"}}],"inLanguage":"en-GB"}]}},"jetpack_sharing_enabled":true,"_links":{"self":[{"href":"https:\/\/pediluxus.ee\/en\/wp-json\/wp\/v2\/product\/5109","targetHints":{"allow":["GET"]}}],"collection":[{"href":"https:\/\/pediluxus.ee\/en\/wp-json\/wp\/v2\/product"}],"about":[{"href":"https:\/\/pediluxus.ee\/en\/wp-json\/wp\/v2\/types\/product"}],"replies":[{"embeddable":true,"href":"https:\/\/pediluxus.ee\/en\/wp-json\/wp\/v2\/comments?post=5109"}],"wp:featuredmedia":[{"embeddable":true,"href":"https:\/\/pediluxus.ee\/en\/wp-json\/wp\/v2\/media\/5104"}],"wp:attachment":[{"href":"https:\/\/pediluxus.ee\/en\/wp-json\/wp\/v2\/media?parent=5109"}],"wp:term":[{"taxonomy":"product_brand","embeddable":true,"href":"https:\/\/pediluxus.ee\/en\/wp-json\/wp\/v2\/product_brand?post=5109"},{"taxonomy":"product_cat","embeddable":true,"href":"https:\/\/pediluxus.ee\/en\/wp-json\/wp\/v2\/product_cat?post=5109"},{"taxonomy":"product_tag","embeddable":true,"href":"https:\/\/pediluxus.ee\/en\/wp-json\/wp\/v2\/product_tag?post=5109"}],"curies":[{"name":"wp","href":"https:\/\/api.w.org\/{rel}","templated":true}]}}