{"id":5122,"date":"2025-10-22T10:26:11","date_gmt":"2025-10-22T07:26:11","guid":{"rendered":"https:\/\/pediluxus.ee\/?post_type=product&#038;p=5122"},"modified":"2026-04-28T19:10:58","modified_gmt":"2026-04-28T16:10:58","slug":"rubberbase-shimmer-07-hema-and-tpo-free","status":"publish","type":"product","link":"https:\/\/pediluxus.ee\/en\/product\/rubberbase-shimmer-07-hema-and-tpo-free\/","title":{"rendered":"Rubberbase shimmer 07 15ml HEMA and TPO free!"},"content":{"rendered":"","protected":false},"excerpt":{"rendered":"<p><strong><a href=\"https:\/\/pediluxus.ee\/wp-content\/uploads\/2025\/10\/Shimmer07.mov\">CLICK HERE to see the right shade!<\/a><\/strong><\/p>\n<p class=\"p1\"><span class=\"s1\">\u2460 <\/span><b>2-in-one basecoat and colour gel<\/b><b><\/b><\/p>\n<p class=\"p2\">\u2461 Very strong and long-lasting formulation<\/p>\n<p class=\"p2\">\u2462 Medium viscosity, easy to apply<\/p>\n<p class=\"p2\">\u2463 Does not get very hot or yellowish<\/p>\n<p><strong>NOTE: If you're not sure about the permanence of a new client, apply a primer underneath, then a thin coat of rubber, stone and then model. If you know the client has a good nail plate, you can model straight away, no primer needed.<\/strong><\/p>","protected":false},"featured_media":5538,"comment_status":"closed","ping_status":"closed","template":"","meta":[],"product_brand":[],"product_cat":[41],"product_tag":[],"class_list":{"0":"post-5122","1":"product","2":"type-product","3":"status-publish","4":"has-post-thumbnail","6":"product_cat-geelisusteem","8":"first","9":"instock","10":"shipping-taxable","11":"purchasable","12":"product-type-simple"},"yoast_head":"<!-- This site is optimized with the Yoast SEO plugin v27.1.1 - https:\/\/yoast.com\/product\/yoast-seo-wordpress\/ -->\n<title>Rubberbase shimmer 07 15ml HEMA ja TPO vaba! - Pediluxus Stuudio \u2013 Professionaalne jalahooldus, esteetiline pedik\u00fc\u00fcr ja tervete jalgade ekspert<\/title>\n<meta name=\"robots\" content=\"index, follow, max-snippet:-1, max-image-preview:large, max-video-preview:-1\" \/>\n<link rel=\"canonical\" href=\"https:\/\/pediluxus.ee\/en\/product\/rubberbase-shimmer-07-hema-and-tpo-free\/\" \/>\n<meta property=\"og:locale\" content=\"en_GB\" \/>\n<meta property=\"og:type\" content=\"article\" \/>\n<meta property=\"og:title\" content=\"Rubberbase shimmer 07 15ml HEMA ja TPO vaba! - Pediluxus Stuudio \u2013 Professionaalne jalahooldus, esteetiline pedik\u00fc\u00fcr ja tervete jalgade ekspert\" \/>\n<meta property=\"og:description\" content=\"KLIKI SIIA, et n\u00e4ha \u00f5iget tooni! \u2460 2-\u00fches aluslakk ja v\u00e4rvigeel \u2461 V\u00e4ga tugev ja kauap\u00fcsiv koostis \u2462 Keskmise viskoossusega, lihtne peale kanda \u2463 Ei l\u00e4he v\u00e4ga kuumaks ega kolletu NB! Kui sa pole kindel uue kliendi puhul p\u00fcsivuse osas, siis pane primer alla, seej\u00e4rel \u00f5huke kiht rubberit, kivista ning siis modelleeri. Kui tead, et kliendil hea k\u00fc\u00fcneplaat, saad kohe modelleerida, aluskihti ei vaja.\" \/>\n<meta property=\"og:url\" content=\"https:\/\/pediluxus.ee\/en\/product\/rubberbase-shimmer-07-hema-and-tpo-free\/\" \/>\n<meta property=\"og:site_name\" content=\"Pediluxus Stuudio \u2013 Professionaalne jalahooldus, esteetiline pedik\u00fc\u00fcr ja tervete jalgade ekspert\" \/>\n<meta property=\"article:modified_time\" content=\"2026-04-28T16:10:58+00:00\" \/>\n<meta property=\"og:image\" content=\"https:\/\/pediluxus.ee\/wp-content\/uploads\/2025\/10\/IMG_2328-scaled.jpeg\" \/>\n\t<meta property=\"og:image:width\" content=\"2560\" \/>\n\t<meta property=\"og:image:height\" content=\"2543\" \/>\n\t<meta property=\"og:image:type\" content=\"image\/jpeg\" \/>\n<meta name=\"twitter:card\" content=\"summary_large_image\" \/>\n<meta name=\"twitter:label1\" content=\"Estimated reading time\" \/>\n\t<meta name=\"twitter:data1\" content=\"1 minute\" \/>\n<script type=\"application\/ld+json\" class=\"yoast-schema-graph\">{\"@context\":\"https:\/\/schema.org\",\"@graph\":[{\"@type\":\"WebPage\",\"@id\":\"https:\/\/pediluxus.ee\/toode\/rubberbase-shimmer-07-hema-ja-tpo-vaba\/\",\"url\":\"https:\/\/pediluxus.ee\/toode\/rubberbase-shimmer-07-hema-ja-tpo-vaba\/\",\"name\":\"Rubberbase shimmer 07 15ml HEMA ja TPO vaba! - Pediluxus Stuudio \u2013 Professionaalne jalahooldus, esteetiline pedik\u00fc\u00fcr ja tervete jalgade ekspert\",\"isPartOf\":{\"@id\":\"https:\/\/pediluxus.ee\/#website\"},\"primaryImageOfPage\":{\"@id\":\"https:\/\/pediluxus.ee\/toode\/rubberbase-shimmer-07-hema-ja-tpo-vaba\/#primaryimage\"},\"image\":{\"@id\":\"https:\/\/pediluxus.ee\/toode\/rubberbase-shimmer-07-hema-ja-tpo-vaba\/#primaryimage\"},\"thumbnailUrl\":\"https:\/\/pediluxus.ee\/wp-content\/uploads\/2025\/10\/IMG_2328-scaled.jpeg\",\"datePublished\":\"2025-10-22T07:26:11+00:00\",\"dateModified\":\"2026-04-28T16:10:58+00:00\",\"breadcrumb\":{\"@id\":\"https:\/\/pediluxus.ee\/toode\/rubberbase-shimmer-07-hema-ja-tpo-vaba\/#breadcrumb\"},\"inLanguage\":\"en-GB\",\"potentialAction\":[{\"@type\":\"ReadAction\",\"target\":[\"https:\/\/pediluxus.ee\/toode\/rubberbase-shimmer-07-hema-ja-tpo-vaba\/\"]}]},{\"@type\":\"ImageObject\",\"inLanguage\":\"en-GB\",\"@id\":\"https:\/\/pediluxus.ee\/toode\/rubberbase-shimmer-07-hema-ja-tpo-vaba\/#primaryimage\",\"url\":\"https:\/\/pediluxus.ee\/wp-content\/uploads\/2025\/10\/IMG_2328-scaled.jpeg\",\"contentUrl\":\"https:\/\/pediluxus.ee\/wp-content\/uploads\/2025\/10\/IMG_2328-scaled.jpeg\",\"width\":2560,\"height\":2543},{\"@type\":\"BreadcrumbList\",\"@id\":\"https:\/\/pediluxus.ee\/toode\/rubberbase-shimmer-07-hema-ja-tpo-vaba\/#breadcrumb\",\"itemListElement\":[{\"@type\":\"ListItem\",\"position\":1,\"name\":\"Home\",\"item\":\"https:\/\/pediluxus.ee\/\"},{\"@type\":\"ListItem\",\"position\":2,\"name\":\"E-pood\",\"item\":\"https:\/\/pediluxus.ee\/e-pood\/\"},{\"@type\":\"ListItem\",\"position\":3,\"name\":\"Rubberbase shimmer 07 15ml HEMA ja TPO vaba!\"}]},{\"@type\":\"WebSite\",\"@id\":\"https:\/\/pediluxus.ee\/#website\",\"url\":\"https:\/\/pediluxus.ee\/\",\"name\":\"Pediluxus Stuudio \u2013 Professionaalne jalahooldus, esteetiline pedik\u00fc\u00fcr ja tervete jalgade ekspert\",\"description\":\"Professionaalne probleemse jalahooldus ja esteetiline pedik\u00fc\u00fcr. Pakkume lahendusi jalamuredele ning luksuslikku hoolitsust, mis tagab tervemad ja hoolitsetud jalad. Stuudio, kus teie jalgade eest hoolitsevad kogenud spetsialistid. Broneeri aeg juba t\u00e4na!\",\"potentialAction\":[{\"@type\":\"SearchAction\",\"target\":{\"@type\":\"EntryPoint\",\"urlTemplate\":\"https:\/\/pediluxus.ee\/?s={search_term_string}\"},\"query-input\":{\"@type\":\"PropertyValueSpecification\",\"valueRequired\":true,\"valueName\":\"search_term_string\"}}],\"inLanguage\":\"en-GB\"}]}<\/script>\n<!-- \/ Yoast SEO plugin. -->","yoast_head_json":{"title":"Rubberbase shimmer 07 15ml HEMA and TPO free! - Pediluxus Studio - Professional pedicure, aesthetic pedicure and healthy feet expert","robots":{"index":"index","follow":"follow","max-snippet":"max-snippet:-1","max-image-preview":"max-image-preview:large","max-video-preview":"max-video-preview:-1"},"canonical":"https:\/\/pediluxus.ee\/en\/product\/rubberbase-shimmer-07-hema-and-tpo-free\/","og_locale":"en_GB","og_type":"article","og_title":"Rubberbase shimmer 07 15ml HEMA ja TPO vaba! - Pediluxus Stuudio \u2013 Professionaalne jalahooldus, esteetiline pedik\u00fc\u00fcr ja tervete jalgade ekspert","og_description":"KLIKI SIIA, et n\u00e4ha \u00f5iget tooni! \u2460 2-\u00fches aluslakk ja v\u00e4rvigeel \u2461 V\u00e4ga tugev ja kauap\u00fcsiv koostis \u2462 Keskmise viskoossusega, lihtne peale kanda \u2463 Ei l\u00e4he v\u00e4ga kuumaks ega kolletu NB! Kui sa pole kindel uue kliendi puhul p\u00fcsivuse osas, siis pane primer alla, seej\u00e4rel \u00f5huke kiht rubberit, kivista ning siis modelleeri. Kui tead, et kliendil hea k\u00fc\u00fcneplaat, saad kohe modelleerida, aluskihti ei vaja.","og_url":"https:\/\/pediluxus.ee\/en\/product\/rubberbase-shimmer-07-hema-and-tpo-free\/","og_site_name":"Pediluxus Stuudio \u2013 Professionaalne jalahooldus, esteetiline pedik\u00fc\u00fcr ja tervete jalgade ekspert","article_modified_time":"2026-04-28T16:10:58+00:00","og_image":[{"width":2560,"height":2543,"url":"https:\/\/pediluxus.ee\/wp-content\/uploads\/2025\/10\/IMG_2328-scaled.jpeg","type":"image\/jpeg"}],"twitter_card":"summary_large_image","twitter_misc":{"Estimated reading time":"1 minute"},"schema":{"@context":"https:\/\/schema.org","@graph":[{"@type":"WebPage","@id":"https:\/\/pediluxus.ee\/toode\/rubberbase-shimmer-07-hema-ja-tpo-vaba\/","url":"https:\/\/pediluxus.ee\/toode\/rubberbase-shimmer-07-hema-ja-tpo-vaba\/","name":"Rubberbase shimmer 07 15ml HEMA and TPO free! - Pediluxus Studio - Professional pedicure, aesthetic pedicure and healthy feet expert","isPartOf":{"@id":"https:\/\/pediluxus.ee\/#website"},"primaryImageOfPage":{"@id":"https:\/\/pediluxus.ee\/toode\/rubberbase-shimmer-07-hema-ja-tpo-vaba\/#primaryimage"},"image":{"@id":"https:\/\/pediluxus.ee\/toode\/rubberbase-shimmer-07-hema-ja-tpo-vaba\/#primaryimage"},"thumbnailUrl":"https:\/\/pediluxus.ee\/wp-content\/uploads\/2025\/10\/IMG_2328-scaled.jpeg","datePublished":"2025-10-22T07:26:11+00:00","dateModified":"2026-04-28T16:10:58+00:00","breadcrumb":{"@id":"https:\/\/pediluxus.ee\/toode\/rubberbase-shimmer-07-hema-ja-tpo-vaba\/#breadcrumb"},"inLanguage":"en-GB","potentialAction":[{"@type":"ReadAction","target":["https:\/\/pediluxus.ee\/toode\/rubberbase-shimmer-07-hema-ja-tpo-vaba\/"]}]},{"@type":"ImageObject","inLanguage":"en-GB","@id":"https:\/\/pediluxus.ee\/toode\/rubberbase-shimmer-07-hema-ja-tpo-vaba\/#primaryimage","url":"https:\/\/pediluxus.ee\/wp-content\/uploads\/2025\/10\/IMG_2328-scaled.jpeg","contentUrl":"https:\/\/pediluxus.ee\/wp-content\/uploads\/2025\/10\/IMG_2328-scaled.jpeg","width":2560,"height":2543},{"@type":"BreadcrumbList","@id":"https:\/\/pediluxus.ee\/toode\/rubberbase-shimmer-07-hema-ja-tpo-vaba\/#breadcrumb","itemListElement":[{"@type":"ListItem","position":1,"name":"Home","item":"https:\/\/pediluxus.ee\/"},{"@type":"ListItem","position":2,"name":"E-pood","item":"https:\/\/pediluxus.ee\/e-pood\/"},{"@type":"ListItem","position":3,"name":"Rubberbase shimmer 07 15ml HEMA ja TPO vaba!"}]},{"@type":"WebSite","@id":"https:\/\/pediluxus.ee\/#website","url":"https:\/\/pediluxus.ee\/","name":"Pediluxus Studio - Professional foot care, aesthetic pedicure and healthy feet expert","description":"Professional problem foot care and aesthetic pedicure. We offer solutions to foot problems and luxurious care for healthier, well-groomed feet. A studio where your feet are cared for by experienced professionals. Book an appointment today!","potentialAction":[{"@type":"SearchAction","target":{"@type":"EntryPoint","urlTemplate":"https:\/\/pediluxus.ee\/?s={search_term_string}"},"query-input":{"@type":"PropertyValueSpecification","valueRequired":true,"valueName":"search_term_string"}}],"inLanguage":"en-GB"}]}},"jetpack_sharing_enabled":true,"_links":{"self":[{"href":"https:\/\/pediluxus.ee\/en\/wp-json\/wp\/v2\/product\/5122","targetHints":{"allow":["GET"]}}],"collection":[{"href":"https:\/\/pediluxus.ee\/en\/wp-json\/wp\/v2\/product"}],"about":[{"href":"https:\/\/pediluxus.ee\/en\/wp-json\/wp\/v2\/types\/product"}],"replies":[{"embeddable":true,"href":"https:\/\/pediluxus.ee\/en\/wp-json\/wp\/v2\/comments?post=5122"}],"wp:featuredmedia":[{"embeddable":true,"href":"https:\/\/pediluxus.ee\/en\/wp-json\/wp\/v2\/media\/5538"}],"wp:attachment":[{"href":"https:\/\/pediluxus.ee\/en\/wp-json\/wp\/v2\/media?parent=5122"}],"wp:term":[{"taxonomy":"product_brand","embeddable":true,"href":"https:\/\/pediluxus.ee\/en\/wp-json\/wp\/v2\/product_brand?post=5122"},{"taxonomy":"product_cat","embeddable":true,"href":"https:\/\/pediluxus.ee\/en\/wp-json\/wp\/v2\/product_cat?post=5122"},{"taxonomy":"product_tag","embeddable":true,"href":"https:\/\/pediluxus.ee\/en\/wp-json\/wp\/v2\/product_tag?post=5122"}],"curies":[{"name":"wp","href":"https:\/\/api.w.org\/{rel}","templated":true}]}}