{"id":5134,"date":"2025-10-22T10:51:50","date_gmt":"2025-10-22T07:51:50","guid":{"rendered":"https:\/\/pediluxus.ee\/?post_type=product&#038;p=5134"},"modified":"2026-04-04T20:13:29","modified_gmt":"2026-04-04T17:13:29","slug":"biab-construction-gel-in-bottle-ld34-hema-and-tpo-free","status":"publish","type":"product","link":"https:\/\/pediluxus.ee\/en\/product\/biab-construction-gel-in-bottle-ld34-hema-and-tpo-free\/","title":{"rendered":"BIAB (construction gel in a bottle LD34) 15ml HEMA and TPO free!"},"content":{"rendered":"","protected":false},"excerpt":{"rendered":"<p><strong><a href=\"https:\/\/pediluxus.ee\/wp-content\/uploads\/2025\/10\/LD34.mov\">CLICK HERE to see the right shade!<\/a><\/strong><\/p>\n<p class=\"p1\"><b>5-in-1 Builder Gel poodles<\/b><b><\/b><\/p>\n<p class=\"p2\">A building gel that can be used to strengthen and lengthen the nails.<\/p>\n<p class=\"p2\">Long-lasting and with a pleasant consistency.<\/p>\n<p class=\"p2\">Self-leveling and easy to use.<\/p>\n<p><strong>NB! Needs primer and clear rubber underneath!<\/strong><\/p>","protected":false},"featured_media":5157,"comment_status":"closed","ping_status":"closed","template":"","meta":[],"product_brand":[],"product_cat":[41],"product_tag":[],"class_list":{"0":"post-5134","1":"product","2":"type-product","3":"status-publish","4":"has-post-thumbnail","6":"product_cat-geelisusteem","8":"first","9":"instock","10":"shipping-taxable","11":"purchasable","12":"product-type-simple"},"yoast_head":"<!-- This site is optimized with the Yoast SEO plugin v27.1.1 - https:\/\/yoast.com\/product\/yoast-seo-wordpress\/ -->\n<title>BIAB (ehitusgeel pudelis LD34) 15ml HEMA ja TPO vaba! - Pediluxus Stuudio \u2013 Professionaalne jalahooldus, esteetiline pedik\u00fc\u00fcr ja tervete jalgade ekspert<\/title>\n<meta name=\"robots\" content=\"index, follow, max-snippet:-1, max-image-preview:large, max-video-preview:-1\" \/>\n<link rel=\"canonical\" href=\"https:\/\/pediluxus.ee\/en\/product\/biab-construction-gel-in-bottle-ld34-hema-and-tpo-free\/\" \/>\n<meta property=\"og:locale\" content=\"en_GB\" \/>\n<meta property=\"og:type\" content=\"article\" \/>\n<meta property=\"og:title\" content=\"BIAB (ehitusgeel pudelis LD34) 15ml HEMA ja TPO vaba! - Pediluxus Stuudio \u2013 Professionaalne jalahooldus, esteetiline pedik\u00fc\u00fcr ja tervete jalgade ekspert\" \/>\n<meta property=\"og:description\" content=\"KLIKI SIIA, et \u00f5iget tooni n\u00e4ha! 5-in-1 Builder Gel pudelis Ehitusgeel, millega saab tugevdada ja pikendada k\u00fc\u00fcsi. Kauap\u00fcsiv ja meeldiva konsistensiga. Isetasanduv ja lihtne kasutada. NB! Vajab alla primerit ja clear rubberit!\" \/>\n<meta property=\"og:url\" content=\"https:\/\/pediluxus.ee\/en\/product\/biab-construction-gel-in-bottle-ld34-hema-and-tpo-free\/\" \/>\n<meta property=\"og:site_name\" content=\"Pediluxus Stuudio \u2013 Professionaalne jalahooldus, esteetiline pedik\u00fc\u00fcr ja tervete jalgade ekspert\" \/>\n<meta property=\"article:modified_time\" content=\"2026-04-04T17:13:29+00:00\" \/>\n<meta property=\"og:image\" content=\"https:\/\/pediluxus.ee\/wp-content\/uploads\/2025\/10\/IMG_8460-scaled.jpeg\" \/>\n\t<meta property=\"og:image:width\" content=\"1454\" \/>\n\t<meta property=\"og:image:height\" content=\"2560\" \/>\n\t<meta property=\"og:image:type\" content=\"image\/jpeg\" \/>\n<meta name=\"twitter:card\" content=\"summary_large_image\" \/>\n<meta name=\"twitter:label1\" content=\"Estimated reading time\" \/>\n\t<meta name=\"twitter:data1\" content=\"1 minute\" \/>\n<script type=\"application\/ld+json\" class=\"yoast-schema-graph\">{\"@context\":\"https:\/\/schema.org\",\"@graph\":[{\"@type\":\"WebPage\",\"@id\":\"https:\/\/pediluxus.ee\/toode\/biab-ehitusgeel-pudelis-ld34-hema-ja-tpo-vaba\/\",\"url\":\"https:\/\/pediluxus.ee\/toode\/biab-ehitusgeel-pudelis-ld34-hema-ja-tpo-vaba\/\",\"name\":\"BIAB (ehitusgeel pudelis LD34) 15ml HEMA ja TPO vaba! - Pediluxus Stuudio \u2013 Professionaalne jalahooldus, esteetiline pedik\u00fc\u00fcr ja tervete jalgade ekspert\",\"isPartOf\":{\"@id\":\"https:\/\/pediluxus.ee\/#website\"},\"primaryImageOfPage\":{\"@id\":\"https:\/\/pediluxus.ee\/toode\/biab-ehitusgeel-pudelis-ld34-hema-ja-tpo-vaba\/#primaryimage\"},\"image\":{\"@id\":\"https:\/\/pediluxus.ee\/toode\/biab-ehitusgeel-pudelis-ld34-hema-ja-tpo-vaba\/#primaryimage\"},\"thumbnailUrl\":\"https:\/\/pediluxus.ee\/wp-content\/uploads\/2025\/10\/IMG_8460-scaled.jpeg\",\"datePublished\":\"2025-10-22T07:51:50+00:00\",\"dateModified\":\"2026-04-04T17:13:29+00:00\",\"breadcrumb\":{\"@id\":\"https:\/\/pediluxus.ee\/toode\/biab-ehitusgeel-pudelis-ld34-hema-ja-tpo-vaba\/#breadcrumb\"},\"inLanguage\":\"en-GB\",\"potentialAction\":[{\"@type\":\"ReadAction\",\"target\":[\"https:\/\/pediluxus.ee\/toode\/biab-ehitusgeel-pudelis-ld34-hema-ja-tpo-vaba\/\"]}]},{\"@type\":\"ImageObject\",\"inLanguage\":\"en-GB\",\"@id\":\"https:\/\/pediluxus.ee\/toode\/biab-ehitusgeel-pudelis-ld34-hema-ja-tpo-vaba\/#primaryimage\",\"url\":\"https:\/\/pediluxus.ee\/wp-content\/uploads\/2025\/10\/IMG_8460-scaled.jpeg\",\"contentUrl\":\"https:\/\/pediluxus.ee\/wp-content\/uploads\/2025\/10\/IMG_8460-scaled.jpeg\",\"width\":1454,\"height\":2560},{\"@type\":\"BreadcrumbList\",\"@id\":\"https:\/\/pediluxus.ee\/toode\/biab-ehitusgeel-pudelis-ld34-hema-ja-tpo-vaba\/#breadcrumb\",\"itemListElement\":[{\"@type\":\"ListItem\",\"position\":1,\"name\":\"Home\",\"item\":\"https:\/\/pediluxus.ee\/\"},{\"@type\":\"ListItem\",\"position\":2,\"name\":\"E-pood\",\"item\":\"https:\/\/pediluxus.ee\/e-pood\/\"},{\"@type\":\"ListItem\",\"position\":3,\"name\":\"BIAB (ehitusgeel pudelis LD34) 15ml HEMA ja TPO vaba!\"}]},{\"@type\":\"WebSite\",\"@id\":\"https:\/\/pediluxus.ee\/#website\",\"url\":\"https:\/\/pediluxus.ee\/\",\"name\":\"Pediluxus Stuudio \u2013 Professionaalne jalahooldus, esteetiline pedik\u00fc\u00fcr ja tervete jalgade ekspert\",\"description\":\"Professionaalne probleemse jalahooldus ja esteetiline pedik\u00fc\u00fcr. Pakkume lahendusi jalamuredele ning luksuslikku hoolitsust, mis tagab tervemad ja hoolitsetud jalad. Stuudio, kus teie jalgade eest hoolitsevad kogenud spetsialistid. Broneeri aeg juba t\u00e4na!\",\"potentialAction\":[{\"@type\":\"SearchAction\",\"target\":{\"@type\":\"EntryPoint\",\"urlTemplate\":\"https:\/\/pediluxus.ee\/?s={search_term_string}\"},\"query-input\":{\"@type\":\"PropertyValueSpecification\",\"valueRequired\":true,\"valueName\":\"search_term_string\"}}],\"inLanguage\":\"en-GB\"}]}<\/script>\n<!-- \/ Yoast SEO plugin. -->","yoast_head_json":{"title":"BIAB (construction gel in bottle LD34) 15ml HEMA and TPO free! - Pediluxus Studio - Professional pedicure, aesthetic pedicure and healthy feet expert","robots":{"index":"index","follow":"follow","max-snippet":"max-snippet:-1","max-image-preview":"max-image-preview:large","max-video-preview":"max-video-preview:-1"},"canonical":"https:\/\/pediluxus.ee\/en\/product\/biab-construction-gel-in-bottle-ld34-hema-and-tpo-free\/","og_locale":"en_GB","og_type":"article","og_title":"BIAB (ehitusgeel pudelis LD34) 15ml HEMA ja TPO vaba! - Pediluxus Stuudio \u2013 Professionaalne jalahooldus, esteetiline pedik\u00fc\u00fcr ja tervete jalgade ekspert","og_description":"KLIKI SIIA, et \u00f5iget tooni n\u00e4ha! 5-in-1 Builder Gel pudelis Ehitusgeel, millega saab tugevdada ja pikendada k\u00fc\u00fcsi. Kauap\u00fcsiv ja meeldiva konsistensiga. Isetasanduv ja lihtne kasutada. NB! Vajab alla primerit ja clear rubberit!","og_url":"https:\/\/pediluxus.ee\/en\/product\/biab-construction-gel-in-bottle-ld34-hema-and-tpo-free\/","og_site_name":"Pediluxus Stuudio \u2013 Professionaalne jalahooldus, esteetiline pedik\u00fc\u00fcr ja tervete jalgade ekspert","article_modified_time":"2026-04-04T17:13:29+00:00","og_image":[{"width":1454,"height":2560,"url":"https:\/\/pediluxus.ee\/wp-content\/uploads\/2025\/10\/IMG_8460-scaled.jpeg","type":"image\/jpeg"}],"twitter_card":"summary_large_image","twitter_misc":{"Estimated reading time":"1 minute"},"schema":{"@context":"https:\/\/schema.org","@graph":[{"@type":"WebPage","@id":"https:\/\/pediluxus.ee\/toode\/biab-ehitusgeel-pudelis-ld34-hema-ja-tpo-vaba\/","url":"https:\/\/pediluxus.ee\/toode\/biab-ehitusgeel-pudelis-ld34-hema-ja-tpo-vaba\/","name":"BIAB (construction gel in bottle LD34) 15ml HEMA and TPO free! - Pediluxus Studio - Professional pedicure, aesthetic pedicure and healthy feet expert","isPartOf":{"@id":"https:\/\/pediluxus.ee\/#website"},"primaryImageOfPage":{"@id":"https:\/\/pediluxus.ee\/toode\/biab-ehitusgeel-pudelis-ld34-hema-ja-tpo-vaba\/#primaryimage"},"image":{"@id":"https:\/\/pediluxus.ee\/toode\/biab-ehitusgeel-pudelis-ld34-hema-ja-tpo-vaba\/#primaryimage"},"thumbnailUrl":"https:\/\/pediluxus.ee\/wp-content\/uploads\/2025\/10\/IMG_8460-scaled.jpeg","datePublished":"2025-10-22T07:51:50+00:00","dateModified":"2026-04-04T17:13:29+00:00","breadcrumb":{"@id":"https:\/\/pediluxus.ee\/toode\/biab-ehitusgeel-pudelis-ld34-hema-ja-tpo-vaba\/#breadcrumb"},"inLanguage":"en-GB","potentialAction":[{"@type":"ReadAction","target":["https:\/\/pediluxus.ee\/toode\/biab-ehitusgeel-pudelis-ld34-hema-ja-tpo-vaba\/"]}]},{"@type":"ImageObject","inLanguage":"en-GB","@id":"https:\/\/pediluxus.ee\/toode\/biab-ehitusgeel-pudelis-ld34-hema-ja-tpo-vaba\/#primaryimage","url":"https:\/\/pediluxus.ee\/wp-content\/uploads\/2025\/10\/IMG_8460-scaled.jpeg","contentUrl":"https:\/\/pediluxus.ee\/wp-content\/uploads\/2025\/10\/IMG_8460-scaled.jpeg","width":1454,"height":2560},{"@type":"BreadcrumbList","@id":"https:\/\/pediluxus.ee\/toode\/biab-ehitusgeel-pudelis-ld34-hema-ja-tpo-vaba\/#breadcrumb","itemListElement":[{"@type":"ListItem","position":1,"name":"Home","item":"https:\/\/pediluxus.ee\/"},{"@type":"ListItem","position":2,"name":"E-pood","item":"https:\/\/pediluxus.ee\/e-pood\/"},{"@type":"ListItem","position":3,"name":"BIAB (ehitusgeel pudelis LD34) 15ml HEMA ja TPO vaba!"}]},{"@type":"WebSite","@id":"https:\/\/pediluxus.ee\/#website","url":"https:\/\/pediluxus.ee\/","name":"Pediluxus Studio - Professional foot care, aesthetic pedicure and healthy feet expert","description":"Professional problem foot care and aesthetic pedicure. We offer solutions to foot problems and luxurious care for healthier, well-groomed feet. A studio where your feet are cared for by experienced professionals. Book an appointment today!","potentialAction":[{"@type":"SearchAction","target":{"@type":"EntryPoint","urlTemplate":"https:\/\/pediluxus.ee\/?s={search_term_string}"},"query-input":{"@type":"PropertyValueSpecification","valueRequired":true,"valueName":"search_term_string"}}],"inLanguage":"en-GB"}]}},"jetpack_sharing_enabled":true,"_links":{"self":[{"href":"https:\/\/pediluxus.ee\/en\/wp-json\/wp\/v2\/product\/5134","targetHints":{"allow":["GET"]}}],"collection":[{"href":"https:\/\/pediluxus.ee\/en\/wp-json\/wp\/v2\/product"}],"about":[{"href":"https:\/\/pediluxus.ee\/en\/wp-json\/wp\/v2\/types\/product"}],"replies":[{"embeddable":true,"href":"https:\/\/pediluxus.ee\/en\/wp-json\/wp\/v2\/comments?post=5134"}],"wp:featuredmedia":[{"embeddable":true,"href":"https:\/\/pediluxus.ee\/en\/wp-json\/wp\/v2\/media\/5157"}],"wp:attachment":[{"href":"https:\/\/pediluxus.ee\/en\/wp-json\/wp\/v2\/media?parent=5134"}],"wp:term":[{"taxonomy":"product_brand","embeddable":true,"href":"https:\/\/pediluxus.ee\/en\/wp-json\/wp\/v2\/product_brand?post=5134"},{"taxonomy":"product_cat","embeddable":true,"href":"https:\/\/pediluxus.ee\/en\/wp-json\/wp\/v2\/product_cat?post=5134"},{"taxonomy":"product_tag","embeddable":true,"href":"https:\/\/pediluxus.ee\/en\/wp-json\/wp\/v2\/product_tag?post=5134"}],"curies":[{"name":"wp","href":"https:\/\/api.w.org\/{rel}","templated":true}]}}