{"id":5206,"date":"2025-10-25T11:11:33","date_gmt":"2025-10-25T08:11:33","guid":{"rendered":"https:\/\/pediluxus.ee\/?post_type=product&#038;p=5206"},"modified":"2025-10-25T11:18:07","modified_gmt":"2025-10-25T08:18:07","slug":"set-of-master-chair-and-client-chair-with-pre-ordering","status":"publish","type":"product","link":"https:\/\/pediluxus.ee\/en\/product\/set-of-master-chair-and-client-chair-with-pre-ordering\/","title":{"rendered":"Master chair and client chair set - WITH ORDERING"},"content":{"rendered":"","protected":false},"excerpt":{"rendered":"<h3><b>MASTER SCHOOL AND CLINICAL SCHOOL \/ With bedding - INSTALLATION DESCRIPTION<\/b><\/h3>\n<p>&nbsp;<\/p>\n<p class=\"p3\"><span class=\"s2\"><b>Delivery time:<\/b><\/span> 2-3 months<\/p>\n<p class=\"p3\"><span class=\"s2\"><b>Choice of colours:<\/b><\/span> available on request<\/p>\n<h4><b>Description:<\/b><\/h4>\n<p class=\"p3\">The stylish and functional master chair with client chair is designed for professionals who value comfort, stability and elegant appearance.<\/p>\n<p class=\"p3\">The tool has 4 motors, <span class=\"s2\"><b>360\u00b0 rotatable<\/b><\/span> and equipped with <span class=\"s2\"><b>with cradle function<\/b><\/span>which allows the client to relax and the professional to work ergonomically in any position.<\/p>\n<h3><b>Chair dimensions:<\/b><\/h3>\n<ul>\n<li>\n<p class=\"p1\"><b>Length in the lying position:<\/b> <b>190 cm<\/b><b><\/b><\/p>\n<\/li>\n<li>\n<p class=\"p1\"><b>Width of the seat:<\/b> <b>83 cm<\/b><b><\/b><\/p>\n<\/li>\n<li>\n<p class=\"p1\"><b>Length of leg:<\/b> <b>55 cm<\/b><b><\/b><\/p>\n<\/li>\n<li><b>Length of the base:<\/b> <b>93 cm<\/b><b><\/b><\/li>\n<li><strong>Lowest position:<\/strong> <span class=\"s1\"><b>57 cm<\/b><\/span><\/li>\n<li><strong>Highest position:<\/strong> \u00a0<span class=\"s1\"><b>80 cm<\/b><\/span><\/li>\n<\/ul>\n<p><span class=\"s2\"><b>Separate extendable leg<\/b><\/span>to provide maximum comfort even during a longer procedure. The chair has both <span class=\"s2\"><b>remote control<\/b><\/span> as well as <span class=\"s2\"><b>pedals<\/b><\/span>that make height and position adjustment quick and precise.<\/p>\n<p class=\"p3\"><span class=\"s2\"><b>Sturdy steel leg<\/b><\/span> ensures stability and load capacity up to <span class=\"s2\"><b>250 kg<\/b><\/span>, also suitable for intensive daily use in beauty salons and studios.<\/p>","protected":false},"featured_media":5207,"comment_status":"closed","ping_status":"closed","template":"","meta":[],"product_brand":[],"product_cat":[43],"product_tag":[],"class_list":{"0":"post-5206","1":"product","2":"type-product","3":"status-publish","4":"has-post-thumbnail","6":"product_cat-salongitarvikud","8":"first","9":"onbackorder","10":"sale","11":"shipping-taxable","12":"purchasable","13":"product-type-simple"},"yoast_head":"<!-- This site is optimized with the Yoast SEO plugin v27.1.1 - https:\/\/yoast.com\/product\/yoast-seo-wordpress\/ -->\n<title>Meistritrooli ja klienditooli komplekt - ETTETELLIMISEGA - Pediluxus Stuudio \u2013 Professionaalne jalahooldus, esteetiline pedik\u00fc\u00fcr ja tervete jalgade ekspert<\/title>\n<meta name=\"robots\" content=\"index, follow, max-snippet:-1, max-image-preview:large, max-video-preview:-1\" \/>\n<link rel=\"canonical\" href=\"https:\/\/pediluxus.ee\/en\/product\/set-of-master-chair-and-client-chair-with-pre-ordering\/\" \/>\n<meta property=\"og:locale\" content=\"en_GB\" \/>\n<meta property=\"og:type\" content=\"article\" \/>\n<meta property=\"og:title\" content=\"Meistritrooli ja klienditooli komplekt - ETTETELLIMISEGA - Pediluxus Stuudio \u2013 Professionaalne jalahooldus, esteetiline pedik\u00fc\u00fcr ja tervete jalgade ekspert\" \/>\n<meta property=\"og:description\" content=\"MEISTRITOOL JA KLIENDITOOL \/ Voodikattega \u2013 ETTETELLIMISEL &nbsp; Tarneaeg: 2\u20133 kuud V\u00e4rvivalik: saadaval vastavalt tellimusele  Kirjeldus: Stiilne ja funktsionaalne meistritool koos klienditooliga on loodud professionaalidele, kes hindavad mugavust, stabiilsust ja elegantset v\u00e4limust. Tool on 4-mootoriga, 360\u00b0 p\u00f6\u00f6ratav ning varustatud h\u00e4llifunktsiooniga, mis v\u00f5imaldab kliendil l\u00f5\u00f5gastuda ja spetsialistil t\u00f6\u00f6tada ergonoomiliselt igas asendis.  Tooli m\u00f5\u00f5dud:    Pikkus lamavas asendis: 190 cm    Isteosa laius: 83 cm    Jalaosa pikkus: 55 cm   Aluse pikkus: 93 cm  Madalaim asend: 57 cm  K\u00f5rgeim asend: \u00a080 cm  Jalaosa on eraldi pikendatav, et pakkuda maksimaalset mugavust ka pikema protseduuri ajal. Toolil on nii puldijuhtimine kui ka jalapedaalid, mis teevad k\u00f5rguse ja asendi reguleerimise kiireks ja t\u00e4pseks. Tugev terasest jalg tagab stabiilsuse ning kandev\u00f5ime kuni 250 kg, sobides ka intensiivseks igap\u00e4evaseks kasutuseks ilusalongides ja stuudiotes.\" \/>\n<meta property=\"og:url\" content=\"https:\/\/pediluxus.ee\/en\/product\/set-of-master-chair-and-client-chair-with-pre-ordering\/\" \/>\n<meta property=\"og:site_name\" content=\"Pediluxus Stuudio \u2013 Professionaalne jalahooldus, esteetiline pedik\u00fc\u00fcr ja tervete jalgade ekspert\" \/>\n<meta property=\"article:modified_time\" content=\"2025-10-25T08:18:07+00:00\" \/>\n<meta name=\"twitter:card\" content=\"summary_large_image\" \/>\n<meta name=\"twitter:label1\" content=\"Estimated reading time\" \/>\n\t<meta name=\"twitter:data1\" content=\"1 minute\" \/>\n<script type=\"application\/ld+json\" class=\"yoast-schema-graph\">{\"@context\":\"https:\/\/schema.org\",\"@graph\":[{\"@type\":\"WebPage\",\"@id\":\"https:\/\/pediluxus.ee\/toode\/meistritrooli-ja-klienditooli-komplekt-ettetellimisega\/\",\"url\":\"https:\/\/pediluxus.ee\/toode\/meistritrooli-ja-klienditooli-komplekt-ettetellimisega\/\",\"name\":\"Meistritrooli ja klienditooli komplekt - ETTETELLIMISEGA - Pediluxus Stuudio \u2013 Professionaalne jalahooldus, esteetiline pedik\u00fc\u00fcr ja tervete jalgade ekspert\",\"isPartOf\":{\"@id\":\"https:\/\/pediluxus.ee\/#website\"},\"primaryImageOfPage\":{\"@id\":\"https:\/\/pediluxus.ee\/toode\/meistritrooli-ja-klienditooli-komplekt-ettetellimisega\/#primaryimage\"},\"image\":{\"@id\":\"https:\/\/pediluxus.ee\/toode\/meistritrooli-ja-klienditooli-komplekt-ettetellimisega\/#primaryimage\"},\"thumbnailUrl\":\"https:\/\/pediluxus.ee\/wp-content\/uploads\/2025\/10\/IMG_8183-scaled.jpg\",\"datePublished\":\"2025-10-25T08:11:33+00:00\",\"dateModified\":\"2025-10-25T08:18:07+00:00\",\"breadcrumb\":{\"@id\":\"https:\/\/pediluxus.ee\/toode\/meistritrooli-ja-klienditooli-komplekt-ettetellimisega\/#breadcrumb\"},\"inLanguage\":\"en-GB\",\"potentialAction\":[{\"@type\":\"ReadAction\",\"target\":[\"https:\/\/pediluxus.ee\/toode\/meistritrooli-ja-klienditooli-komplekt-ettetellimisega\/\"]}]},{\"@type\":\"ImageObject\",\"inLanguage\":\"en-GB\",\"@id\":\"https:\/\/pediluxus.ee\/toode\/meistritrooli-ja-klienditooli-komplekt-ettetellimisega\/#primaryimage\",\"url\":\"https:\/\/pediluxus.ee\/wp-content\/uploads\/2025\/10\/IMG_8183-scaled.jpg\",\"contentUrl\":\"https:\/\/pediluxus.ee\/wp-content\/uploads\/2025\/10\/IMG_8183-scaled.jpg\",\"width\":1920,\"height\":2560},{\"@type\":\"BreadcrumbList\",\"@id\":\"https:\/\/pediluxus.ee\/toode\/meistritrooli-ja-klienditooli-komplekt-ettetellimisega\/#breadcrumb\",\"itemListElement\":[{\"@type\":\"ListItem\",\"position\":1,\"name\":\"Home\",\"item\":\"https:\/\/pediluxus.ee\/\"},{\"@type\":\"ListItem\",\"position\":2,\"name\":\"E-pood\",\"item\":\"https:\/\/pediluxus.ee\/e-pood\/\"},{\"@type\":\"ListItem\",\"position\":3,\"name\":\"Meistritrooli ja klienditooli komplekt &#8211; ETTETELLIMISEGA\"}]},{\"@type\":\"WebSite\",\"@id\":\"https:\/\/pediluxus.ee\/#website\",\"url\":\"https:\/\/pediluxus.ee\/\",\"name\":\"Pediluxus Stuudio \u2013 Professionaalne jalahooldus, esteetiline pedik\u00fc\u00fcr ja tervete jalgade ekspert\",\"description\":\"Professionaalne probleemse jalahooldus ja esteetiline pedik\u00fc\u00fcr. Pakkume lahendusi jalamuredele ning luksuslikku hoolitsust, mis tagab tervemad ja hoolitsetud jalad. Stuudio, kus teie jalgade eest hoolitsevad kogenud spetsialistid. Broneeri aeg juba t\u00e4na!\",\"potentialAction\":[{\"@type\":\"SearchAction\",\"target\":{\"@type\":\"EntryPoint\",\"urlTemplate\":\"https:\/\/pediluxus.ee\/?s={search_term_string}\"},\"query-input\":{\"@type\":\"PropertyValueSpecification\",\"valueRequired\":true,\"valueName\":\"search_term_string\"}}],\"inLanguage\":\"en-GB\"}]}<\/script>\n<!-- \/ Yoast SEO plugin. -->","yoast_head_json":{"title":"Master chair and client chair set - WITH SUPPLEMENT - Pediluxus Studio - Professional pedicure, aesthetic pedicure and healthy feet expert","robots":{"index":"index","follow":"follow","max-snippet":"max-snippet:-1","max-image-preview":"max-image-preview:large","max-video-preview":"max-video-preview:-1"},"canonical":"https:\/\/pediluxus.ee\/en\/product\/set-of-master-chair-and-client-chair-with-pre-ordering\/","og_locale":"en_GB","og_type":"article","og_title":"Meistritrooli ja klienditooli komplekt - ETTETELLIMISEGA - Pediluxus Stuudio \u2013 Professionaalne jalahooldus, esteetiline pedik\u00fc\u00fcr ja tervete jalgade ekspert","og_description":"MEISTRITOOL JA KLIENDITOOL \/ Voodikattega \u2013 ETTETELLIMISEL &nbsp; Tarneaeg: 2\u20133 kuud V\u00e4rvivalik: saadaval vastavalt tellimusele  Kirjeldus: Stiilne ja funktsionaalne meistritool koos klienditooliga on loodud professionaalidele, kes hindavad mugavust, stabiilsust ja elegantset v\u00e4limust. Tool on 4-mootoriga, 360\u00b0 p\u00f6\u00f6ratav ning varustatud h\u00e4llifunktsiooniga, mis v\u00f5imaldab kliendil l\u00f5\u00f5gastuda ja spetsialistil t\u00f6\u00f6tada ergonoomiliselt igas asendis.  Tooli m\u00f5\u00f5dud:    Pikkus lamavas asendis: 190 cm    Isteosa laius: 83 cm    Jalaosa pikkus: 55 cm   Aluse pikkus: 93 cm  Madalaim asend: 57 cm  K\u00f5rgeim asend: \u00a080 cm  Jalaosa on eraldi pikendatav, et pakkuda maksimaalset mugavust ka pikema protseduuri ajal. Toolil on nii puldijuhtimine kui ka jalapedaalid, mis teevad k\u00f5rguse ja asendi reguleerimise kiireks ja t\u00e4pseks. Tugev terasest jalg tagab stabiilsuse ning kandev\u00f5ime kuni 250 kg, sobides ka intensiivseks igap\u00e4evaseks kasutuseks ilusalongides ja stuudiotes.","og_url":"https:\/\/pediluxus.ee\/en\/product\/set-of-master-chair-and-client-chair-with-pre-ordering\/","og_site_name":"Pediluxus Stuudio \u2013 Professionaalne jalahooldus, esteetiline pedik\u00fc\u00fcr ja tervete jalgade ekspert","article_modified_time":"2025-10-25T08:18:07+00:00","twitter_card":"summary_large_image","twitter_misc":{"Estimated reading time":"1 minute"},"schema":{"@context":"https:\/\/schema.org","@graph":[{"@type":"WebPage","@id":"https:\/\/pediluxus.ee\/toode\/meistritrooli-ja-klienditooli-komplekt-ettetellimisega\/","url":"https:\/\/pediluxus.ee\/toode\/meistritrooli-ja-klienditooli-komplekt-ettetellimisega\/","name":"Master chair and client chair set - WITH SUPPLEMENT - Pediluxus Studio - Professional pedicure, aesthetic pedicure and healthy feet expert","isPartOf":{"@id":"https:\/\/pediluxus.ee\/#website"},"primaryImageOfPage":{"@id":"https:\/\/pediluxus.ee\/toode\/meistritrooli-ja-klienditooli-komplekt-ettetellimisega\/#primaryimage"},"image":{"@id":"https:\/\/pediluxus.ee\/toode\/meistritrooli-ja-klienditooli-komplekt-ettetellimisega\/#primaryimage"},"thumbnailUrl":"https:\/\/pediluxus.ee\/wp-content\/uploads\/2025\/10\/IMG_8183-scaled.jpg","datePublished":"2025-10-25T08:11:33+00:00","dateModified":"2025-10-25T08:18:07+00:00","breadcrumb":{"@id":"https:\/\/pediluxus.ee\/toode\/meistritrooli-ja-klienditooli-komplekt-ettetellimisega\/#breadcrumb"},"inLanguage":"en-GB","potentialAction":[{"@type":"ReadAction","target":["https:\/\/pediluxus.ee\/toode\/meistritrooli-ja-klienditooli-komplekt-ettetellimisega\/"]}]},{"@type":"ImageObject","inLanguage":"en-GB","@id":"https:\/\/pediluxus.ee\/toode\/meistritrooli-ja-klienditooli-komplekt-ettetellimisega\/#primaryimage","url":"https:\/\/pediluxus.ee\/wp-content\/uploads\/2025\/10\/IMG_8183-scaled.jpg","contentUrl":"https:\/\/pediluxus.ee\/wp-content\/uploads\/2025\/10\/IMG_8183-scaled.jpg","width":1920,"height":2560},{"@type":"BreadcrumbList","@id":"https:\/\/pediluxus.ee\/toode\/meistritrooli-ja-klienditooli-komplekt-ettetellimisega\/#breadcrumb","itemListElement":[{"@type":"ListItem","position":1,"name":"Home","item":"https:\/\/pediluxus.ee\/"},{"@type":"ListItem","position":2,"name":"E-pood","item":"https:\/\/pediluxus.ee\/e-pood\/"},{"@type":"ListItem","position":3,"name":"Meistritrooli ja klienditooli komplekt &#8211; ETTETELLIMISEGA"}]},{"@type":"WebSite","@id":"https:\/\/pediluxus.ee\/#website","url":"https:\/\/pediluxus.ee\/","name":"Pediluxus Studio - Professional foot care, aesthetic pedicure and healthy feet expert","description":"Professional problem foot care and aesthetic pedicure. We offer solutions to foot problems and luxurious care for healthier, well-groomed feet. A studio where your feet are cared for by experienced professionals. Book an appointment today!","potentialAction":[{"@type":"SearchAction","target":{"@type":"EntryPoint","urlTemplate":"https:\/\/pediluxus.ee\/?s={search_term_string}"},"query-input":{"@type":"PropertyValueSpecification","valueRequired":true,"valueName":"search_term_string"}}],"inLanguage":"en-GB"}]}},"jetpack_sharing_enabled":true,"_links":{"self":[{"href":"https:\/\/pediluxus.ee\/en\/wp-json\/wp\/v2\/product\/5206","targetHints":{"allow":["GET"]}}],"collection":[{"href":"https:\/\/pediluxus.ee\/en\/wp-json\/wp\/v2\/product"}],"about":[{"href":"https:\/\/pediluxus.ee\/en\/wp-json\/wp\/v2\/types\/product"}],"replies":[{"embeddable":true,"href":"https:\/\/pediluxus.ee\/en\/wp-json\/wp\/v2\/comments?post=5206"}],"wp:featuredmedia":[{"embeddable":true,"href":"https:\/\/pediluxus.ee\/en\/wp-json\/wp\/v2\/media\/5207"}],"wp:attachment":[{"href":"https:\/\/pediluxus.ee\/en\/wp-json\/wp\/v2\/media?parent=5206"}],"wp:term":[{"taxonomy":"product_brand","embeddable":true,"href":"https:\/\/pediluxus.ee\/en\/wp-json\/wp\/v2\/product_brand?post=5206"},{"taxonomy":"product_cat","embeddable":true,"href":"https:\/\/pediluxus.ee\/en\/wp-json\/wp\/v2\/product_cat?post=5206"},{"taxonomy":"product_tag","embeddable":true,"href":"https:\/\/pediluxus.ee\/en\/wp-json\/wp\/v2\/product_tag?post=5206"}],"curies":[{"name":"wp","href":"https:\/\/api.w.org\/{rel}","templated":true}]}}